{"id":4151,"date":"2026-04-05T08:33:21","date_gmt":"2026-04-05T08:33:21","guid":{"rendered":"https:\/\/premiumthcshop.de\/?post_type=product&#038;p=4151"},"modified":"2026-04-05T08:33:21","modified_gmt":"2026-04-05T08:33:21","slug":"pina-colada-moon-rocks","status":"publish","type":"product","link":"https:\/\/premiumthcshop.de\/en\/product\/pina-colada-moon-rocks\/","title":{"rendered":"Pina Colada Moon Rocks"},"content":{"rendered":"<div class=\"flex flex-col text-sm pb-25\">\n<section class=\"text-token-text-primary w-full focus:outline-none [--shadow-height:45px] has-data-writing-block:pointer-events-none has-data-writing-block:-mt-(--shadow-height) has-data-writing-block:pt-(--shadow-height) [&amp;:has([data-writing-block])&gt;*]:pointer-events-auto scroll-mt-[calc(var(--header-height)+min(200px,max(70px,20svh)))]\" dir=\"auto\" data-turn-id=\"request-WEB:2a3a4722-5ae5-4f43-ac95-7bc112053b1d-2\" data-testid=\"conversation-turn-6\" data-scroll-anchor=\"true\" data-turn=\"assistant\">\n<div class=\"text-base my-auto mx-auto pb-10 [--thread-content-margin:var(--thread-content-margin-xs,calc(var(--spacing)*4))] @w-sm\/main:[--thread-content-margin:var(--thread-content-margin-sm,calc(var(--spacing)*6))] @w-lg\/main:[--thread-content-margin:var(--thread-content-margin-lg,calc(var(--spacing)*16))] px-(--thread-content-margin)\">\n<div class=\"[--thread-content-max-width:40rem] @w-lg\/main:[--thread-content-max-width:48rem] mx-auto max-w-(--thread-content-max-width) flex-1 group\/turn-messages focus-visible:outline-hidden relative flex w-full min-w-0 flex-col agent-turn\">\n<div class=\"flex max-w-full flex-col gap-4 grow\">\n<div class=\"min-h-8 text-message relative flex w-full flex-col items-end gap-2 text-start break-words whitespace-normal outline-none keyboard-focused:focus-ring [.text-message+&amp;]:mt-1\" dir=\"auto\" tabindex=\"0\" data-message-author-role=\"assistant\" data-message-id=\"d134495b-f73b-4c19-a1c2-62daf8567529\" data-message-model-slug=\"gpt-5-3\" data-turn-start-message=\"true\">\n<div class=\"flex w-full flex-col gap-1 empty:hidden\">\n<div class=\"markdown prose dark:prose-invert w-full wrap-break-word light markdown-new-styling\">\n<p data-start=\"196\" data-end=\"481\">Mit den <strong data-start=\"245\" data-end=\"271\">Pina Colada Moon Rocks<\/strong> hebst du ab in eine Welt voller tropischer Aromen und starker Effekte. Dieses Premium-Produkt \u00fcberzeugt durch seine gleichbleibend hohe Qualit\u00e4t und liefert ein euphorisches Erlebnis, das seinesgleichen sucht.<\/p>\n<p data-start=\"483\" data-end=\"795\">Die Moon Rocks bestehen aus sorgf\u00e4ltig ausgew\u00e4hlten Hybrid-OG-Bl\u00fcten, die mit hochwertigem CO\u2082-\u00d6l \u00fcberzogen und anschlie\u00dfend in goldenem Kief gew\u00e4lzt werden. Diese Kombination aus Bl\u00fcte, Konzentrat und Kief sorgt f\u00fcr ein besonders intensives und langanhaltendes High \u2013 perfekt f\u00fcr alle, die das Besondere suchen.<\/p>\n<p data-start=\"797\" data-end=\"981\">Der Geschmack erinnert an einen exotischen Pina-Colada-Cocktail: s\u00fc\u00df, fruchtig und angenehm cremig. Ganz ohne k\u00fcnstliche Terpene entfaltet sich ein nat\u00fcrliches und authentisches Aroma.<\/p>\n<p data-start=\"983\" data-end=\"1200\"><strong data-start=\"983\" data-end=\"1002\">Produktdetails:<\/strong><br data-start=\"1002\" data-end=\"1005\" \/>\u2022 Inhalt: 1,1 g Premium Pina Colada Moon Rocks + extra Kief<br data-start=\"1064\" data-end=\"1067\" \/>\u2022 Genetik: Sativa-dominant (Hybrid OG Basis)<br data-start=\"1111\" data-end=\"1114\" \/>\u2022 Herstellung: Mit CO\u2082-\u00d6l veredelt und in Kief gerollt<br data-start=\"1168\" data-end=\"1171\" \/>\u2022 Keine k\u00fcnstlichen Terpene<\/p>\n<p data-start=\"1202\" data-end=\"1482\"><strong data-start=\"1202\" data-end=\"1224\">Anwendung &amp; Tipps:<\/strong><br data-start=\"1224\" data-end=\"1227\" \/>F\u00fcr das beste Geschmackserlebnis empfiehlt es sich, die Moon Rocks in einer Pfeife oder einem Hash-Bowl zu rauchen. Verwende <strong data-start=\"1352\" data-end=\"1370\">keinen Grinder<\/strong>, da dabei wertvoller Kief verloren geht \u2013 stattdessen vorsichtig mit den Fingern oder einer Schere zerkleinern.<\/p>\n<p data-start=\"1484\" data-end=\"1526\"><strong data-start=\"1484\" data-end=\"1524\">Vorteile von Pina Colada Moon Rocks:<\/strong><\/p>\n<p data-start=\"1528\" data-end=\"1628\">\u2022 <strong data-start=\"1530\" data-end=\"1562\">Starke, euphorische Wirkung:<\/strong><br data-start=\"1562\" data-end=\"1565\" \/>Ideal f\u00fcr kreative Momente, gute Laune und ein angenehmes High.<\/p>\n<p data-start=\"1630\" data-end=\"1726\">\u2022 <strong data-start=\"1632\" data-end=\"1666\">Extrem potent &amp; langanhaltend:<\/strong><br data-start=\"1666\" data-end=\"1669\" \/>Eine der st\u00e4rksten und langsam abbrennenden Konsumformen.<\/p>\n<p data-start=\"1728\" data-end=\"1821\">\u2022 <strong data-start=\"1730\" data-end=\"1755\">Tropischer Geschmack:<\/strong><br data-start=\"1755\" data-end=\"1758\" \/>S\u00fc\u00df, fruchtig und exotisch \u2013 ein echtes Highlight f\u00fcr Genie\u00dfer.<\/p>\n<p data-start=\"1823\" data-end=\"1929\">\u2022 <strong data-start=\"1825\" data-end=\"1854\">Hochwertige Verarbeitung:<\/strong><br data-start=\"1854\" data-end=\"1857\" \/>Premium-Bl\u00fcten kombiniert mit Konzentrat und Kief f\u00fcr maximale Qualit\u00e4t.<\/p>\n<p data-start=\"1931\" data-end=\"2063\" data-is-last-node=\"\" data-is-only-node=\"\">Erlebe mit den <strong data-start=\"1946\" data-end=\"1972\">Pina Colada Moon Rocks<\/strong> eine geschmackvolle Reise \u201ezum Mond und zur\u00fcck\u201c \u2013 intensiv, einzigartig und unvergesslich.<\/p>\n<\/div>\n<\/div>\n<\/div>\n<\/div>\n<div class=\"z-0 flex min-h-[46px] justify-start\"><\/div>\n<div class=\"mt-3 w-full empty:hidden\">\n<div class=\"text-center\"><\/div>\n<\/div>\n<\/div>\n<\/div>\n<\/section>\n<\/div>\n<div class=\"pointer-events-none h-px w-px absolute bottom-0\" aria-hidden=\"true\" data-edge=\"true\"><\/div>\n","protected":false},"excerpt":{"rendered":"<p data-start=\"0\" data-end=\"189\">Pina Colada Moon Rocks vereinen tropisch-s\u00fc\u00dfen Geschmack mit kraftvoller Sativa-Wirkung \u2013 intensiv, langanhaltend und au\u00dfergew\u00f6hnlich aromatisch.<\/p>","protected":false},"featured_media":4155,"comment_status":"open","ping_status":"closed","template":"","meta":[],"product_brand":[],"product_cat":[15],"product_tag":[],"class_list":{"0":"post-4151","1":"product","2":"type-product","3":"status-publish","4":"has-post-thumbnail","6":"product_cat-gras","8":"first","9":"instock","10":"shipping-taxable","11":"purchasable","12":"product-type-variable"},"_links":{"self":[{"href":"https:\/\/premiumthcshop.de\/en\/wp-json\/wp\/v2\/product\/4151","targetHints":{"allow":["GET"]}}],"collection":[{"href":"https:\/\/premiumthcshop.de\/en\/wp-json\/wp\/v2\/product"}],"about":[{"href":"https:\/\/premiumthcshop.de\/en\/wp-json\/wp\/v2\/types\/product"}],"replies":[{"embeddable":true,"href":"https:\/\/premiumthcshop.de\/en\/wp-json\/wp\/v2\/comments?post=4151"}],"wp:featuredmedia":[{"embeddable":true,"href":"https:\/\/premiumthcshop.de\/en\/wp-json\/wp\/v2\/media\/4155"}],"wp:attachment":[{"href":"https:\/\/premiumthcshop.de\/en\/wp-json\/wp\/v2\/media?parent=4151"}],"wp:term":[{"taxonomy":"product_brand","embeddable":true,"href":"https:\/\/premiumthcshop.de\/en\/wp-json\/wp\/v2\/product_brand?post=4151"},{"taxonomy":"product_cat","embeddable":true,"href":"https:\/\/premiumthcshop.de\/en\/wp-json\/wp\/v2\/product_cat?post=4151"},{"taxonomy":"product_tag","embeddable":true,"href":"https:\/\/premiumthcshop.de\/en\/wp-json\/wp\/v2\/product_tag?post=4151"}],"curies":[{"name":"wp","href":"https:\/\/api.w.org\/{rel}","templated":true}]}}