{"id":4168,"date":"2026-04-05T08:38:06","date_gmt":"2026-04-05T08:38:06","guid":{"rendered":"https:\/\/premiumthcshop.de\/?post_type=product&#038;p=4168"},"modified":"2026-04-05T08:42:07","modified_gmt":"2026-04-05T08:42:07","slug":"makatussin-syrup","status":"publish","type":"product","link":"https:\/\/premiumthcshop.de\/en\/product\/makatussin-syrup\/","title":{"rendered":"MAKATUSSIN SYRUP"},"content":{"rendered":"<p data-start=\"170\" data-end=\"454\"><strong data-start=\"211\" data-end=\"231\">Makatussin Sirup<\/strong> ist ein wirksames Arzneimittel zur Behandlung von trockenem Reizhusten. Er hilft dabei, den Hustenreiz zu unterdr\u00fccken und sorgt f\u00fcr eine sp\u00fcrbare Entlastung der Atemwege \u2013 besonders bei hartn\u00e4ckigem, unproduktivem Husten.<\/p>\n<p data-start=\"456\" data-end=\"756\">Dank seiner gezielten Wirkung beruhigt der Sirup die gereizte Schleimhaut im Hals- und Rachenbereich und erm\u00f6glicht so eine ruhigere Atmung sowie einen erholsameren Schlaf. Makatussin wird h\u00e4ufig bei Erk\u00e4ltungen oder anderen Atemwegserkrankungen eingesetzt, bei denen kein Schleim gel\u00f6st werden muss.<\/p>\n<p data-start=\"758\" data-end=\"791\"><strong data-start=\"758\" data-end=\"789\">Eigenschaften und Vorteile:<\/strong><\/p>\n<p data-start=\"793\" data-end=\"885\">\u2022 <strong data-start=\"795\" data-end=\"824\">Effektive Hustenstillung:<\/strong><br data-start=\"824\" data-end=\"827\" \/>Reduziert zuverl\u00e4ssig den Hustenreiz bei trockenem Husten.<\/p>\n<p data-start=\"887\" data-end=\"983\">\u2022 <strong data-start=\"889\" data-end=\"915\">Beruhigt die Atemwege:<\/strong><br data-start=\"915\" data-end=\"918\" \/>Wirkt lindernd auf gereizte Schleimh\u00e4ute im Hals- und Rachenraum.<\/p>\n<p data-start=\"985\" data-end=\"1076\">\u2022 <strong data-start=\"987\" data-end=\"1021\">Unterst\u00fctzt erholsamen Schlaf:<\/strong><br data-start=\"1021\" data-end=\"1024\" \/>Hilft besonders nachts, den Husten zu kontrollieren.<\/p>\n<p data-start=\"1078\" data-end=\"1158\">\u2022 <strong data-start=\"1080\" data-end=\"1103\">Einfache Anwendung:<\/strong><br data-start=\"1103\" data-end=\"1106\" \/>Angenehm einzunehmender Sirup mit schneller Wirkung.<\/p>\n<p data-start=\"1160\" data-end=\"1347\"><strong data-start=\"1160\" data-end=\"1172\">Hinweis:<\/strong><br data-start=\"1172\" data-end=\"1175\" \/>Makatussin Sirup sollte gem\u00e4\u00df den Anwendungshinweisen oder nach \u00e4rztlicher R\u00fccksprache eingenommen werden. Nicht geeignet f\u00fcr produktiven Husten mit starker Schleimbildung.<\/p>\n<p data-start=\"1349\" data-end=\"1452\" data-is-last-node=\"\" data-is-only-node=\"\">Ideal f\u00fcr alle, die unter trockenem Reizhusten leiden und eine schnelle, zuverl\u00e4ssige Linderung suchen.<\/p>","protected":false},"excerpt":{"rendered":"<p>Makatussin Sirup ist ein bew\u00e4hrtes Hustenmittel zur Linderung von trockenem Reizhusten und zur Beruhigung der Atemwege.<\/p>","protected":false},"featured_media":4169,"comment_status":"open","ping_status":"closed","template":"","meta":[],"product_brand":[],"product_cat":[34],"product_tag":[],"class_list":{"0":"post-4168","1":"product","2":"type-product","3":"status-publish","4":"has-post-thumbnail","6":"product_cat-makatussin-syrup","8":"first","9":"instock","10":"shipping-taxable","11":"purchasable","12":"product-type-simple"},"_links":{"self":[{"href":"https:\/\/premiumthcshop.de\/en\/wp-json\/wp\/v2\/product\/4168","targetHints":{"allow":["GET"]}}],"collection":[{"href":"https:\/\/premiumthcshop.de\/en\/wp-json\/wp\/v2\/product"}],"about":[{"href":"https:\/\/premiumthcshop.de\/en\/wp-json\/wp\/v2\/types\/product"}],"replies":[{"embeddable":true,"href":"https:\/\/premiumthcshop.de\/en\/wp-json\/wp\/v2\/comments?post=4168"}],"wp:featuredmedia":[{"embeddable":true,"href":"https:\/\/premiumthcshop.de\/en\/wp-json\/wp\/v2\/media\/4169"}],"wp:attachment":[{"href":"https:\/\/premiumthcshop.de\/en\/wp-json\/wp\/v2\/media?parent=4168"}],"wp:term":[{"taxonomy":"product_brand","embeddable":true,"href":"https:\/\/premiumthcshop.de\/en\/wp-json\/wp\/v2\/product_brand?post=4168"},{"taxonomy":"product_cat","embeddable":true,"href":"https:\/\/premiumthcshop.de\/en\/wp-json\/wp\/v2\/product_cat?post=4168"},{"taxonomy":"product_tag","embeddable":true,"href":"https:\/\/premiumthcshop.de\/en\/wp-json\/wp\/v2\/product_tag?post=4168"}],"curies":[{"name":"wp","href":"https:\/\/api.w.org\/{rel}","templated":true}]}}