{"id":4191,"date":"2026-04-05T09:32:12","date_gmt":"2026-04-05T09:32:12","guid":{"rendered":"https:\/\/premiumthcshop.de\/?post_type=product&#038;p=4191"},"modified":"2026-04-05T09:32:30","modified_gmt":"2026-04-05T09:32:30","slug":"grenadine-cookies","status":"publish","type":"product","link":"https:\/\/premiumthcshop.de\/en\/product\/grenadine-cookies\/","title":{"rendered":"Grenadine Cookies"},"content":{"rendered":"<div class=\"flex flex-col text-sm pb-25\">\n<section class=\"text-token-text-primary w-full focus:outline-none [--shadow-height:45px] has-data-writing-block:pointer-events-none has-data-writing-block:-mt-(--shadow-height) has-data-writing-block:pt-(--shadow-height) [&amp;:has([data-writing-block])&gt;*]:pointer-events-auto scroll-mt-[calc(var(--header-height)+min(200px,max(70px,20svh)))]\" dir=\"auto\" data-turn-id=\"request-WEB:2a3a4722-5ae5-4f43-ac95-7bc112053b1d-8\" data-testid=\"conversation-turn-18\" data-scroll-anchor=\"true\" data-turn=\"assistant\">\n<div class=\"text-base my-auto mx-auto pb-10 [--thread-content-margin:var(--thread-content-margin-xs,calc(var(--spacing)*4))] @w-sm\/main:[--thread-content-margin:var(--thread-content-margin-sm,calc(var(--spacing)*6))] @w-lg\/main:[--thread-content-margin:var(--thread-content-margin-lg,calc(var(--spacing)*16))] px-(--thread-content-margin)\">\n<div class=\"[--thread-content-max-width:40rem] @w-lg\/main:[--thread-content-max-width:48rem] mx-auto max-w-(--thread-content-max-width) flex-1 group\/turn-messages focus-visible:outline-hidden relative flex w-full min-w-0 flex-col agent-turn\">\n<div class=\"flex max-w-full flex-col gap-4 grow\">\n<div class=\"min-h-8 text-message relative flex w-full flex-col items-end gap-2 text-start break-words whitespace-normal outline-none keyboard-focused:focus-ring [.text-message+&amp;]:mt-1\" dir=\"auto\" tabindex=\"0\" data-message-author-role=\"assistant\" data-message-id=\"98543146-6d7b-4b0e-ab20-d54897c220ca\" data-message-model-slug=\"gpt-5-3\" data-turn-start-message=\"true\">\n<div class=\"flex w-full flex-col gap-1 empty:hidden\">\n<div class=\"markdown prose dark:prose-invert w-full wrap-break-word light markdown-new-styling\">\n<p data-start=\"215\" data-end=\"542\"><strong data-start=\"256\" data-end=\"269\">Grenadine<\/strong> ist eine indica-dominante Hybrid-Sorte (70% Indica \/ 30% Sativa) mit einem THC-Gehalt von etwa 18\u201322%. Sie entsteht durch die Kreuzung der kraftvollen Sorten Miley Cyrus und Karmarado und \u00fcberzeugt vor allem durch ihr au\u00dfergew\u00f6hnlich s\u00fc\u00dfes und fruchtiges Geschmacksprofil.<\/p>\n<p data-start=\"544\" data-end=\"886\">Diese Sorte bietet ein intensives Aromaerlebnis: Dich erwartet ein zuckers\u00fc\u00dfer Beeren-Geschmack, begleitet von einer kirschigen Note im Abgang, die angenehm auf der Zunge verweilt. Der Duft ist ebenso komplex \u2013 eine Mischung aus erdigen Kr\u00e4utern, nussigen Beeren und einem leicht w\u00fcrzigen Kirschton, der an aromatische Hustenbonbons erinnert.<\/p>\n<p data-start=\"888\" data-end=\"921\"><strong data-start=\"888\" data-end=\"919\">Eigenschaften und Vorteile:<\/strong><\/p>\n<p data-start=\"923\" data-end=\"1030\">\u2022 <strong data-start=\"925\" data-end=\"954\">Indica-dominante Wirkung:<\/strong><br data-start=\"954\" data-end=\"957\" \/>Sorgt f\u00fcr entspannte, beruhigende Effekte mit leichter mentaler Klarheit.<\/p>\n<p data-start=\"1032\" data-end=\"1129\">\u2022 <strong data-start=\"1034\" data-end=\"1059\">S\u00fc\u00df-fruchtiges Aroma:<\/strong><br data-start=\"1059\" data-end=\"1062\" \/>Intensive Beeren- und Kirschnoten f\u00fcr ein geschmackvolles Erlebnis.<\/p>\n<p data-start=\"1131\" data-end=\"1240\">\u2022 <strong data-start=\"1133\" data-end=\"1168\">Mittlerer bis hoher THC-Gehalt:<\/strong><br data-start=\"1168\" data-end=\"1171\" \/>Ideal f\u00fcr Nutzer, die eine ausgewogene, aber sp\u00fcrbare Wirkung suchen.<\/p>\n<p data-start=\"1242\" data-end=\"1330\">\u2022 <strong data-start=\"1244\" data-end=\"1264\">Angenehmer Duft:<\/strong><br data-start=\"1264\" data-end=\"1267\" \/>Erdig, fruchtig und leicht w\u00fcrzig \u2013 einzigartig und einpr\u00e4gsam.<\/p>\n<p data-start=\"1332\" data-end=\"1442\" data-is-last-node=\"\" data-is-only-node=\"\">Grenadine ist die perfekte Wahl f\u00fcr alle, die Wert auf Geschmack und ein entspanntes, ausgewogenes High legen.<\/p>\n<\/div>\n<\/div>\n<\/div>\n<\/div>\n<div class=\"z-0 flex min-h-[46px] justify-start\"><\/div>\n<div class=\"mt-3 w-full empty:hidden\">\n<div class=\"text-center\"><\/div>\n<\/div>\n<\/div>\n<\/div>\n<\/section>\n<\/div>\n<div class=\"pointer-events-none h-px w-px absolute bottom-0\" aria-hidden=\"true\" data-edge=\"true\"><\/div>\n","protected":false},"excerpt":{"rendered":"<p>Grenadine ist eine indica-dominante Hybrid-Sorte mit s\u00fc\u00df-fruchtigem Beerenaroma und sanft entspannender Wirkung \u2013 perfekt f\u00fcr Genie\u00dfer intensiver Geschmacksprofile.<\/p>","protected":false},"featured_media":4192,"comment_status":"open","ping_status":"closed","template":"","meta":[],"product_brand":[],"product_cat":[35],"product_tag":[],"class_list":{"0":"post-4191","1":"product","2":"type-product","3":"status-publish","4":"has-post-thumbnail","6":"product_cat-cali-grass","8":"first","9":"instock","10":"shipping-taxable","11":"purchasable","12":"product-type-variable"},"_links":{"self":[{"href":"https:\/\/premiumthcshop.de\/en\/wp-json\/wp\/v2\/product\/4191","targetHints":{"allow":["GET"]}}],"collection":[{"href":"https:\/\/premiumthcshop.de\/en\/wp-json\/wp\/v2\/product"}],"about":[{"href":"https:\/\/premiumthcshop.de\/en\/wp-json\/wp\/v2\/types\/product"}],"replies":[{"embeddable":true,"href":"https:\/\/premiumthcshop.de\/en\/wp-json\/wp\/v2\/comments?post=4191"}],"wp:featuredmedia":[{"embeddable":true,"href":"https:\/\/premiumthcshop.de\/en\/wp-json\/wp\/v2\/media\/4192"}],"wp:attachment":[{"href":"https:\/\/premiumthcshop.de\/en\/wp-json\/wp\/v2\/media?parent=4191"}],"wp:term":[{"taxonomy":"product_brand","embeddable":true,"href":"https:\/\/premiumthcshop.de\/en\/wp-json\/wp\/v2\/product_brand?post=4191"},{"taxonomy":"product_cat","embeddable":true,"href":"https:\/\/premiumthcshop.de\/en\/wp-json\/wp\/v2\/product_cat?post=4191"},{"taxonomy":"product_tag","embeddable":true,"href":"https:\/\/premiumthcshop.de\/en\/wp-json\/wp\/v2\/product_tag?post=4191"}],"curies":[{"name":"wp","href":"https:\/\/api.w.org\/{rel}","templated":true}]}}