{"id":4196,"date":"2026-04-05T09:39:02","date_gmt":"2026-04-05T09:39:02","guid":{"rendered":"https:\/\/premiumthcshop.de\/?post_type=product&#038;p=4196"},"modified":"2026-04-05T09:39:02","modified_gmt":"2026-04-05T09:39:02","slug":"gelatti-cookies-strain","status":"publish","type":"product","link":"https:\/\/premiumthcshop.de\/en\/product\/gelatti-cookies-strain\/","title":{"rendered":"Gelatti Cookies Strain"},"content":{"rendered":"<div class=\"flex flex-col text-sm pb-25\">\n<section class=\"text-token-text-primary w-full focus:outline-none [--shadow-height:45px] has-data-writing-block:pointer-events-none has-data-writing-block:-mt-(--shadow-height) has-data-writing-block:pt-(--shadow-height) [&amp;:has([data-writing-block])&gt;*]:pointer-events-auto scroll-mt-[calc(var(--header-height)+min(200px,max(70px,20svh)))]\" dir=\"auto\" data-turn-id=\"request-WEB:2a3a4722-5ae5-4f43-ac95-7bc112053b1d-10\" data-testid=\"conversation-turn-22\" data-scroll-anchor=\"true\" data-turn=\"assistant\">\n<div class=\"text-base my-auto mx-auto pb-10 [--thread-content-margin:var(--thread-content-margin-xs,calc(var(--spacing)*4))] @w-sm\/main:[--thread-content-margin:var(--thread-content-margin-sm,calc(var(--spacing)*6))] @w-lg\/main:[--thread-content-margin:var(--thread-content-margin-lg,calc(var(--spacing)*16))] px-(--thread-content-margin)\">\n<div class=\"[--thread-content-max-width:40rem] @w-lg\/main:[--thread-content-max-width:48rem] mx-auto max-w-(--thread-content-max-width) flex-1 group\/turn-messages focus-visible:outline-hidden relative flex w-full min-w-0 flex-col agent-turn\">\n<div class=\"flex max-w-full flex-col gap-4 grow\">\n<div class=\"min-h-8 text-message relative flex w-full flex-col items-end gap-2 text-start break-words whitespace-normal outline-none keyboard-focused:focus-ring [.text-message+&amp;]:mt-1\" dir=\"auto\" tabindex=\"0\" data-message-author-role=\"assistant\" data-message-id=\"09fbbf98-1af6-4f25-907d-3994effd1b0a\" data-message-model-slug=\"gpt-5-mini\" data-turn-start-message=\"true\">\n<div class=\"flex w-full flex-col gap-1 empty:hidden\">\n<div class=\"markdown prose dark:prose-invert w-full wrap-break-word light markdown-new-styling\">\n<p data-start=\"227\" data-end=\"542\"><strong data-start=\"268\" data-end=\"287\">Gelatti Cookies<\/strong> ist eine exklusive Hybrid-Sorte (50% Indica \/ 50% Sativa), entstanden aus der Kreuzung von Gelato und Biscotti. Diese seltene Genetik, bekannt aus der renommierten Cookies-Linie, \u00fcberzeugt durch ihre starke Wirkung und ihr unverwechselbares Terpenprofil.<\/p>\n<p data-start=\"544\" data-end=\"747\">Die Sorte liefert ein ausgewogenes High, das sowohl den K\u00f6rper entspannt als auch den Geist leicht anhebt \u2013 ideal f\u00fcr alle, die ein harmonisches Zusammenspiel aus Relaxation und mentaler Klarheit suchen.<\/p>\n<p data-start=\"749\" data-end=\"835\"><strong data-start=\"749\" data-end=\"771\">Aroma &amp; Geschmack:<\/strong><br data-start=\"771\" data-end=\"774\" \/>Gelatti Cookies bietet ein intensives und komplexes Profil:<\/p>\n<p data-start=\"837\" data-end=\"1008\">\u2022 <strong data-start=\"839\" data-end=\"849\">Aroma:<\/strong> Kr\u00e4ftiges OG-Gas mit dominanter Menthol-Note und einem s\u00fc\u00dfen Gelato-Abgang<br data-start=\"924\" data-end=\"927\" \/>\u2022 <strong data-start=\"929\" data-end=\"943\">Geschmack:<\/strong> W\u00fcrzig-moschusartig mit k\u00fchlem Menthol und cremig-s\u00fc\u00dfer Exhale<\/p>\n<p data-start=\"1010\" data-end=\"1131\">Dieses Zusammenspiel sorgt f\u00fcr ein vollmundiges Raucherlebnis, das besonders Liebhaber klassischer OG-Strains begeistert.<\/p>\n<p data-start=\"1133\" data-end=\"1158\"><strong data-start=\"1133\" data-end=\"1156\">Wirkung &amp; Erlebnis:<\/strong><\/p>\n<p data-start=\"1160\" data-end=\"1265\">\u2022 <strong data-start=\"1162\" data-end=\"1186\">Ausgeglichenes High:<\/strong><br data-start=\"1186\" data-end=\"1189\" \/>Kombiniert k\u00f6rperliche Entspannung mit einem klaren, angenehmen Kopfgef\u00fchl<\/p>\n<p data-start=\"1267\" data-end=\"1334\">\u2022 <strong data-start=\"1269\" data-end=\"1291\">Leicht euphorisch:<\/strong><br data-start=\"1291\" data-end=\"1294\" \/>Hebt die Stimmung ohne zu \u00fcberw\u00e4ltigen<\/p>\n<p data-start=\"1336\" data-end=\"1406\">\u2022 <strong data-start=\"1338\" data-end=\"1357\">Lang anhaltend:<\/strong><br data-start=\"1357\" data-end=\"1360\" \/>Starkes, gleichm\u00e4\u00dfiges Erlebnis f\u00fcr Genie\u00dfer<\/p>\n<p data-start=\"1408\" data-end=\"1594\"><strong data-start=\"1408\" data-end=\"1418\">Optik:<\/strong><br data-start=\"1418\" data-end=\"1421\" \/>Die Buds pr\u00e4sentieren sich in hellem Gr\u00fcn mit dichten, kompakten Strukturen und einer dicken Schicht frostiger, \u00f6liger Trichome \u2013 ein klares Zeichen f\u00fcr Qualit\u00e4t und Potenz.<\/p>\n<p data-start=\"1596\" data-end=\"1617\"><strong data-start=\"1596\" data-end=\"1615\">Besonderheiten:<\/strong><\/p>\n<p data-start=\"1619\" data-end=\"1775\">\u2022 Seltene Premium-Genetik aus der Cookies-Familie<br data-start=\"1668\" data-end=\"1671\" \/>\u2022 Intensives Terpenprofil mit OG- und Menthol-Noten<br data-start=\"1722\" data-end=\"1725\" \/>\u2022 Ideal f\u00fcr Kenner und Liebhaber starker Hybride<\/p>\n<p data-start=\"1777\" data-end=\"1993\" data-is-last-node=\"\" data-is-only-node=\"\"><strong data-start=\"1777\" data-end=\"1787\">Fazit:<\/strong><br data-start=\"1787\" data-end=\"1790\" \/>Mit ihrem markanten Geschmack, der starken Wirkung und der perfekten Balance ist <strong data-start=\"1871\" data-end=\"1890\">Gelatti Cookies<\/strong> eine erstklassige Wahl f\u00fcr alle, die ein intensives und dennoch ausgewogenes Cannabis-Erlebnis suchen.<\/p>\n<\/div>\n<\/div>\n<\/div>\n<\/div>\n<div class=\"z-0 flex min-h-[46px] justify-start\"><\/div>\n<div class=\"mt-3 w-full empty:hidden\">\n<div class=\"text-center\"><\/div>\n<\/div>\n<\/div>\n<\/div>\n<\/section>\n<\/div>\n<div class=\"pointer-events-none h-px w-px absolute bottom-0\" aria-hidden=\"true\" data-edge=\"true\"><\/div>\n","protected":false},"excerpt":{"rendered":"<p>Gelatti Cookies ist ein ausgewogener Hybrid (50\/50) mit intensivem OG-Gas-Aroma, frischer Mentholnote und s\u00fc\u00dfem Gelato-Finish \u2013 kraftvoll, aromatisch und perfekt ausbalanciert.<\/p>","protected":false},"featured_media":4205,"comment_status":"open","ping_status":"closed","template":"","meta":[],"product_brand":[],"product_cat":[35],"product_tag":[],"class_list":{"0":"post-4196","1":"product","2":"type-product","3":"status-publish","4":"has-post-thumbnail","6":"product_cat-cali-grass","8":"first","9":"instock","10":"shipping-taxable","11":"purchasable","12":"product-type-variable"},"_links":{"self":[{"href":"https:\/\/premiumthcshop.de\/en\/wp-json\/wp\/v2\/product\/4196","targetHints":{"allow":["GET"]}}],"collection":[{"href":"https:\/\/premiumthcshop.de\/en\/wp-json\/wp\/v2\/product"}],"about":[{"href":"https:\/\/premiumthcshop.de\/en\/wp-json\/wp\/v2\/types\/product"}],"replies":[{"embeddable":true,"href":"https:\/\/premiumthcshop.de\/en\/wp-json\/wp\/v2\/comments?post=4196"}],"wp:featuredmedia":[{"embeddable":true,"href":"https:\/\/premiumthcshop.de\/en\/wp-json\/wp\/v2\/media\/4205"}],"wp:attachment":[{"href":"https:\/\/premiumthcshop.de\/en\/wp-json\/wp\/v2\/media?parent=4196"}],"wp:term":[{"taxonomy":"product_brand","embeddable":true,"href":"https:\/\/premiumthcshop.de\/en\/wp-json\/wp\/v2\/product_brand?post=4196"},{"taxonomy":"product_cat","embeddable":true,"href":"https:\/\/premiumthcshop.de\/en\/wp-json\/wp\/v2\/product_cat?post=4196"},{"taxonomy":"product_tag","embeddable":true,"href":"https:\/\/premiumthcshop.de\/en\/wp-json\/wp\/v2\/product_tag?post=4196"}],"curies":[{"name":"wp","href":"https:\/\/api.w.org\/{rel}","templated":true}]}}