{"id":4218,"date":"2026-04-05T09:56:19","date_gmt":"2026-04-05T09:56:19","guid":{"rendered":"https:\/\/premiumthcshop.de\/?post_type=product&#038;p=4218"},"modified":"2026-04-05T09:56:19","modified_gmt":"2026-04-05T09:56:19","slug":"number-33-aka-scottie-pippen","status":"publish","type":"product","link":"https:\/\/premiumthcshop.de\/en\/product\/number-33-aka-scottie-pippen\/","title":{"rendered":"Number 33 aka Scottie Pippen"},"content":{"rendered":"<div class=\"flex flex-col text-sm pb-25\">\n<section class=\"text-token-text-primary w-full focus:outline-none [--shadow-height:45px] has-data-writing-block:pointer-events-none has-data-writing-block:-mt-(--shadow-height) has-data-writing-block:pt-(--shadow-height) [&amp;:has([data-writing-block])&gt;*]:pointer-events-auto scroll-mt-[calc(var(--header-height)+min(200px,max(70px,20svh)))]\" dir=\"auto\" data-turn-id=\"request-WEB:2a3a4722-5ae5-4f43-ac95-7bc112053b1d-14\" data-testid=\"conversation-turn-30\" data-scroll-anchor=\"true\" data-turn=\"assistant\">\n<div class=\"text-base my-auto mx-auto pb-10 [--thread-content-margin:var(--thread-content-margin-xs,calc(var(--spacing)*4))] @w-sm\/main:[--thread-content-margin:var(--thread-content-margin-sm,calc(var(--spacing)*6))] @w-lg\/main:[--thread-content-margin:var(--thread-content-margin-lg,calc(var(--spacing)*16))] px-(--thread-content-margin)\">\n<div class=\"[--thread-content-max-width:40rem] @w-lg\/main:[--thread-content-max-width:48rem] mx-auto max-w-(--thread-content-max-width) flex-1 group\/turn-messages focus-visible:outline-hidden relative flex w-full min-w-0 flex-col agent-turn\">\n<div class=\"flex max-w-full flex-col gap-4 grow\">\n<div class=\"min-h-8 text-message relative flex w-full flex-col items-end gap-2 text-start break-words whitespace-normal outline-none keyboard-focused:focus-ring [.text-message+&amp;]:mt-1\" dir=\"auto\" tabindex=\"0\" data-message-author-role=\"assistant\" data-message-id=\"eed9856a-133f-4031-a6fb-1dbfab0b2f07\" data-message-model-slug=\"gpt-5-mini\" data-turn-start-message=\"true\">\n<div class=\"flex w-full flex-col gap-1 empty:hidden\">\n<div class=\"markdown prose dark:prose-invert w-full wrap-break-word light markdown-new-styling\">\n<p data-start=\"216\" data-end=\"550\"><strong data-start=\"257\" data-end=\"270\">Number 33<\/strong>, auch bekannt als <strong data-start=\"289\" data-end=\"307\">Scottie Pippen<\/strong> oder <strong data-start=\"313\" data-end=\"320\">#33<\/strong>, ist eine exklusive Hybrid-Sorte, entstanden aus der Kreuzung von <strong data-start=\"387\" data-end=\"399\">Biscotti<\/strong> und <strong data-start=\"404\" data-end=\"427\">Lemon Cherry Gelato<\/strong>. Diese moderne Premium-Genetik \u00fcberzeugt durch ihre ausgewogene Wirkung, ihr intensives Terpenprofil und ihre hohe Potenz.<\/p>\n<p data-start=\"552\" data-end=\"803\">Die Sorte liefert ein klares, leicht benebelndes Kopf-High, das den Geist beruhigt, ohne dich direkt zu sedieren. Gleichzeitig sorgt sie f\u00fcr eine angenehme k\u00f6rperliche Entspannung \u2013 ideal f\u00fcr alle, die Balance zwischen Aktivit\u00e4t und Relaxation suchen.<\/p>\n<p data-start=\"805\" data-end=\"932\"><strong data-start=\"805\" data-end=\"824\">Produktdetails:<\/strong><br data-start=\"824\" data-end=\"827\" \/>\u2022 Typ: Hybrid (ausgewogen)<br data-start=\"853\" data-end=\"856\" \/>\u2022 Genetik: Lemon Cherry Gelato \u00d7 Biscotti<br data-start=\"897\" data-end=\"900\" \/>\u2022 Inhalt: 3,5 g Premium-Bl\u00fcten<\/p>\n<p data-start=\"934\" data-end=\"1033\"><strong data-start=\"934\" data-end=\"956\">Aroma &amp; Geschmack:<\/strong><br data-start=\"956\" data-end=\"959\" \/>Number 33 bietet ein vielschichtiges und einzigartiges Geschmacksprofil:<\/p>\n<p data-start=\"1035\" data-end=\"1201\">\u2022 <strong data-start=\"1037\" data-end=\"1047\">Aroma:<\/strong> Sauer, skunkig mit frischen Zitrusnoten<br data-start=\"1087\" data-end=\"1090\" \/>\u2022 <strong data-start=\"1092\" data-end=\"1106\">Geschmack:<\/strong> Cremig-s\u00fc\u00df mit Nuancen von Schokolade, Kaffee, Steinfr\u00fcchten und einem leicht gasigen Abgang<\/p>\n<p data-start=\"1203\" data-end=\"1437\">Beim Inhalieren entfalten sich milchige, cremige Noten mit Ankl\u00e4ngen von Kakao und fruchtigem Dessert, w\u00e4hrend beim Ausatmen eine klassische, leicht scharfe Zitrusnote (Limonen) sowie ein funkiger, gasiger Nachgeschmack zur\u00fcckbleiben.<\/p>\n<p data-start=\"1439\" data-end=\"1453\"><strong data-start=\"1439\" data-end=\"1451\">Wirkung:<\/strong><\/p>\n<p data-start=\"1455\" data-end=\"1540\">\u2022 <strong data-start=\"1457\" data-end=\"1479\">Ausgewogenes High:<\/strong><br data-start=\"1479\" data-end=\"1482\" \/>Kombiniert mentale Klarheit mit k\u00f6rperlicher Entspannung<\/p>\n<p data-start=\"1542\" data-end=\"1627\">\u2022 <strong data-start=\"1544\" data-end=\"1579\">Leicht euphorisch &amp; beruhigend:<\/strong><br data-start=\"1579\" data-end=\"1582\" \/>Sorgt f\u00fcr ein angenehmes, \u201ehazy\u201c Kopfgef\u00fchl<\/p>\n<p data-start=\"1629\" data-end=\"1705\">\u2022 <strong data-start=\"1631\" data-end=\"1652\">Sanfte Sedierung:<\/strong><br data-start=\"1652\" data-end=\"1655\" \/>Entspannt den K\u00f6rper, ohne sofort m\u00fcde zu machen<\/p>\n<p data-start=\"1707\" data-end=\"1896\"><strong data-start=\"1707\" data-end=\"1728\">Optik &amp; Struktur:<\/strong><br data-start=\"1728\" data-end=\"1731\" \/>Die Buds sind mittelgro\u00df, kompakt und zeigen eine Mischung aus hell- und dunkelgr\u00fcnen T\u00f6nen. Innen weich, au\u00dfen leicht trocken, mit einer dichten, harzigen Struktur.<\/p>\n<p data-start=\"1898\" data-end=\"1919\"><strong data-start=\"1898\" data-end=\"1917\">Besonderheiten:<\/strong><\/p>\n<p data-start=\"1921\" data-end=\"2083\">\u2022 Exklusive Collaboration (Backpackboyz \/ 5PointsLA \/ Scottie Pippen)<br data-start=\"1990\" data-end=\"1993\" \/>\u2022 Komplexes, dessertartiges Terpenprofil<br data-start=\"2033\" data-end=\"2036\" \/>\u2022 Hohe Beliebtheit unter Kennern und Sammlern<\/p>\n<p data-start=\"2085\" data-end=\"2309\" data-is-last-node=\"\" data-is-only-node=\"\"><strong data-start=\"2085\" data-end=\"2095\">Fazit:<\/strong><br data-start=\"2095\" data-end=\"2098\" \/><strong data-start=\"2098\" data-end=\"2128\">Number 33 (Scottie Pippen)<\/strong> ist eine moderne Premium-Sorte f\u00fcr anspruchsvolle Nutzer \u2013 geschmacklich komplex, wirkungstechnisch ausgewogen und ideal f\u00fcr alle, die ein starkes, aber kontrolliertes High suchen.<\/p>\n<\/div>\n<\/div>\n<\/div>\n<\/div>\n<div class=\"z-0 flex min-h-[46px] justify-start\"><\/div>\n<div class=\"mt-3 w-full empty:hidden\">\n<div class=\"text-center\"><\/div>\n<\/div>\n<\/div>\n<\/div>\n<\/section>\n<\/div>\n<div class=\"pointer-events-none h-px w-px absolute bottom-0\" aria-hidden=\"true\" data-edge=\"true\"><\/div>\n","protected":false},"excerpt":{"rendered":"<p>Number 33 (Scottie Pippen) ist ein ausgewogener Hybrid mit komplexem Aroma aus Zitrus, Skunk und s\u00fc\u00dfen Dessertnoten \u2013 stark, geschmackvoll und perfekt ausbalanciert.<\/p>","protected":false},"featured_media":4221,"comment_status":"open","ping_status":"closed","template":"","meta":[],"product_brand":[],"product_cat":[35],"product_tag":[],"class_list":{"0":"post-4218","1":"product","2":"type-product","3":"status-publish","4":"has-post-thumbnail","6":"product_cat-cali-grass","8":"first","9":"instock","10":"shipping-taxable","11":"purchasable","12":"product-type-variable"},"_links":{"self":[{"href":"https:\/\/premiumthcshop.de\/en\/wp-json\/wp\/v2\/product\/4218","targetHints":{"allow":["GET"]}}],"collection":[{"href":"https:\/\/premiumthcshop.de\/en\/wp-json\/wp\/v2\/product"}],"about":[{"href":"https:\/\/premiumthcshop.de\/en\/wp-json\/wp\/v2\/types\/product"}],"replies":[{"embeddable":true,"href":"https:\/\/premiumthcshop.de\/en\/wp-json\/wp\/v2\/comments?post=4218"}],"wp:featuredmedia":[{"embeddable":true,"href":"https:\/\/premiumthcshop.de\/en\/wp-json\/wp\/v2\/media\/4221"}],"wp:attachment":[{"href":"https:\/\/premiumthcshop.de\/en\/wp-json\/wp\/v2\/media?parent=4218"}],"wp:term":[{"taxonomy":"product_brand","embeddable":true,"href":"https:\/\/premiumthcshop.de\/en\/wp-json\/wp\/v2\/product_brand?post=4218"},{"taxonomy":"product_cat","embeddable":true,"href":"https:\/\/premiumthcshop.de\/en\/wp-json\/wp\/v2\/product_cat?post=4218"},{"taxonomy":"product_tag","embeddable":true,"href":"https:\/\/premiumthcshop.de\/en\/wp-json\/wp\/v2\/product_tag?post=4218"}],"curies":[{"name":"wp","href":"https:\/\/api.w.org\/{rel}","templated":true}]}}