{"id":4270,"date":"2026-04-21T06:31:04","date_gmt":"2026-04-21T06:31:04","guid":{"rendered":"https:\/\/premiumthcshop.de\/?post_type=product&#038;p=4270"},"modified":"2026-04-21T06:31:04","modified_gmt":"2026-04-21T06:31:04","slug":"akorn-promethazine-hydrochloride-and-codeine","status":"publish","type":"product","link":"https:\/\/premiumthcshop.de\/en\/product\/akorn-promethazine-hydrochloride-and-codeine\/","title":{"rendered":"AKORN PROMETHAZINE HYDROCHLORIDE AND CODEINE"},"content":{"rendered":"<h2 data-start=\"57\" data-end=\"119\">AKORN PROMETHAZINHYDROCHLORID UND CODEIN<\/h2>\n<p data-start=\"121\" data-end=\"452\">Kaufen Sie Akorn Promethazinhydrochlorid \u2013 das ultimative Erlebnis der Entspannung mit Akorn Promethazinhydrochlorid und Codein. Dies ist nicht einfach nur ein Hustensirup, sondern eine beruhigende Kombination, die entwickelt wurde, um Ihnen Ruhe und Komfort zu bieten \u2013 ideal, um zu entspannen und innere Gelassenheit zu finden.<\/p>\n<p data-start=\"454\" data-end=\"598\">Codein, ein Opioid-Agonist, und Promethazin, ein Phenothiazin, sind Bestandteile der Promethazin-HCl- und Codeinphosphat-L\u00f6sung zum Einnehmen.<\/p>\n<p data-start=\"600\" data-end=\"726\">Jede 5 ml der Promethazin-HCl- und Codeinphosphat-L\u00f6sung enthalten 10 mg Codeinphosphat und 6,25 mg Promethazinhydrochlorid.<\/p>\n<p data-start=\"728\" data-end=\"808\">Der pH-Wert der L\u00f6sung liegt zwischen 4,3 und 5,3 und sie enth\u00e4lt 7 % Alkohol.<\/p>\n<p data-start=\"810\" data-end=\"1061\">Weitere inaktive Inhaltsstoffe sind Ascorbins\u00e4ure, Zitronens\u00e4ure, D&amp;C Red Nr. 33, FD&amp;C Blue Nr. 1, FD&amp;C Yellow Nr. 6, Methylparaben, Propylenglykol, Propylparaben, gereinigtes Wasser, Saccharin-Natrium, Natriumbenzoat, Natriumcitrat und Zuckersirup.<\/p>\n<p data-start=\"1063\" data-end=\"1114\"><strong data-start=\"1063\" data-end=\"1112\">Akorn Promethazin Codein in den USA bestellen<\/strong><\/p>\n<p data-start=\"1116\" data-end=\"1136\"><strong data-start=\"1116\" data-end=\"1134\">Hauptmerkmale:<\/strong><\/p>\n<ul data-start=\"1137\" data-end=\"1625\">\n<li data-section-id=\"gkcyga\" data-start=\"1137\" data-end=\"1319\"><strong data-start=\"1139\" data-end=\"1162\">Wirksame Linderung:<\/strong> Akorn Lean Promethazin Sirup ist ein zuverl\u00e4ssiger Begleiter zur Linderung von Husten und Allergien. Er wurde entwickelt, um wohltuende Effekte zu bieten.<\/li>\n<li data-section-id=\"tjo1p0\" data-start=\"1320\" data-end=\"1487\"><strong data-start=\"1322\" data-end=\"1352\">Beruhigende Eigenschaften:<\/strong> Genie\u00dfen Sie die beruhigenden Eigenschaften dieses Sirups, der sanft Beschwerden lindert und ein Gef\u00fchl von Wohlbefinden vermittelt.<\/li>\n<li data-section-id=\"1bc5efi\" data-start=\"1488\" data-end=\"1625\"><strong data-start=\"1490\" data-end=\"1512\">Pr\u00e4zise Dosierung:<\/strong> Der Sirup erm\u00f6glicht eine einfache und genaue Dosierung und l\u00e4sst sich problemlos in Ihre Routine integrieren.<\/li>\n<\/ul>\n<p data-start=\"1627\" data-end=\"1642\"><strong data-start=\"1627\" data-end=\"1640\">Vorteile:<\/strong><\/p>\n<ul data-start=\"1643\" data-end=\"2099\">\n<li data-section-id=\"1tqlhj4\" data-start=\"1643\" data-end=\"1789\"><strong data-start=\"1645\" data-end=\"1684\">Linderung von Husten und Allergien:<\/strong> Erleben Sie eine beruhigende Wirkung bei jeder Anwendung und finden Sie Erleichterung bei Beschwerden.<\/li>\n<li data-section-id=\"tp57ne\" data-start=\"1790\" data-end=\"1918\"><strong data-start=\"1792\" data-end=\"1808\">Entspannung:<\/strong> Verabschieden Sie sich von Stress und Anspannung und genie\u00dfen Sie die beruhigenden Effekte dieses Produkts.<\/li>\n<li data-section-id=\"t1lbc\" data-start=\"1919\" data-end=\"2099\"><strong data-start=\"1921\" data-end=\"1947\">Individuell anpassbar:<\/strong> Dank der einfachen Anwendung l\u00e4sst sich der Sirup problemlos in den Alltag integrieren \u2013 ein unkomplizierter Weg zu Entspannung und Ausgeglichenheit.<\/li>\n<\/ul>\n<p data-start=\"2101\" data-end=\"2136\"><strong data-start=\"2101\" data-end=\"2134\">Akorn Promethazin Hustensirup<\/strong><\/p>\n<p data-start=\"2138\" data-end=\"2552\"><strong data-start=\"2138\" data-end=\"2152\">Bewertung:<\/strong><br data-start=\"2152\" data-end=\"2155\" \/>Akorn Promethazinhydrochlorid und Codein ist ein Derivat des Phenothiazins mit der chemischen Bezeichnung (\u00b1)-10-[2-(Dimethylamino)propyl]phenothiazin-Monohydrochlorid. Promethazinhydrochlorid ist ein kristallines Pulver, das wei\u00df bis blassgelb, nahezu geruchlos ist und bei l\u00e4ngerer Lufteinwirkung langsam oxidiert und sich blau verf\u00e4rbt. Es ist leicht l\u00f6slich in Alkohol und l\u00f6slich in Wasser.<\/p>\n<p data-start=\"2554\" data-end=\"2625\" data-is-last-node=\"\" data-is-only-node=\"\">Die molare Masse betr\u00e4gt 320,88. Die Summenformel lautet C17H20N2S\u2022HCl.<\/p>\n","protected":false},"excerpt":{"rendered":"<p>AKORN PROMETHAZINHYDROCHLORID UND CODEIN Kaufen Sie Akorn Promethazinhydrochlorid \u2013 das ultimative Erlebnis der Entspannung mit Akorn Promethazinhydrochlorid und Codein. Dies ist nicht einfach nur ein Hustensirup, sondern eine beruhigende Kombination, die entwickelt wurde, um Ihnen Ruhe und Komfort zu bieten \u2013 ideal, um zu entspannen und innere Gelassenheit zu finden. Codein, ein Opioid-Agonist, und Promethazin, [&hellip;]<\/p>\n","protected":false},"featured_media":4277,"comment_status":"open","ping_status":"closed","template":"","meta":[],"product_brand":[],"product_cat":[34],"product_tag":[],"class_list":{"0":"post-4270","1":"product","2":"type-product","3":"status-publish","4":"has-post-thumbnail","6":"product_cat-makatussin-codein","8":"first","9":"instock","10":"shipping-taxable","11":"purchasable","12":"product-type-simple"},"_links":{"self":[{"href":"https:\/\/premiumthcshop.de\/en\/wp-json\/wp\/v2\/product\/4270","targetHints":{"allow":["GET"]}}],"collection":[{"href":"https:\/\/premiumthcshop.de\/en\/wp-json\/wp\/v2\/product"}],"about":[{"href":"https:\/\/premiumthcshop.de\/en\/wp-json\/wp\/v2\/types\/product"}],"replies":[{"embeddable":true,"href":"https:\/\/premiumthcshop.de\/en\/wp-json\/wp\/v2\/comments?post=4270"}],"wp:featuredmedia":[{"embeddable":true,"href":"https:\/\/premiumthcshop.de\/en\/wp-json\/wp\/v2\/media\/4277"}],"wp:attachment":[{"href":"https:\/\/premiumthcshop.de\/en\/wp-json\/wp\/v2\/media?parent=4270"}],"wp:term":[{"taxonomy":"product_brand","embeddable":true,"href":"https:\/\/premiumthcshop.de\/en\/wp-json\/wp\/v2\/product_brand?post=4270"},{"taxonomy":"product_cat","embeddable":true,"href":"https:\/\/premiumthcshop.de\/en\/wp-json\/wp\/v2\/product_cat?post=4270"},{"taxonomy":"product_tag","embeddable":true,"href":"https:\/\/premiumthcshop.de\/en\/wp-json\/wp\/v2\/product_tag?post=4270"}],"curies":[{"name":"wp","href":"https:\/\/api.w.org\/{rel}","templated":true}]}}