{"id":4279,"date":"2026-04-21T06:41:26","date_gmt":"2026-04-21T06:41:26","guid":{"rendered":"https:\/\/premiumthcshop.de\/?post_type=product&#038;p=4279"},"modified":"2026-04-21T06:41:26","modified_gmt":"2026-04-21T06:41:26","slug":"quagen-pharma-promethazine-codeine","status":"publish","type":"product","link":"https:\/\/premiumthcshop.de\/en\/product\/quagen-pharma-promethazine-codeine\/","title":{"rendered":"Quagen Pharma Promethazine Codeine"},"content":{"rendered":"<h2 data-start=\"61\" data-end=\"555\"><strong data-start=\"81\" data-end=\"117\">Quagen Pharma Promethazin Codein<\/strong><\/h2>\n<p data-start=\"61\" data-end=\"555\">Quagen Pharma Promethazin Codein wird in der Regel als aromatisierter Sirup formuliert, um die Einnahme zu erleichtern. Die S\u00fc\u00dfe verringert jedoch weder die Wirksamkeit noch die Risiken eines Missbrauchs. Aus diesem Grund betonen Apotheker und \u00c4rzte, das Medikament genau wie verordnet einzunehmen, die Dosierung sorgf\u00e4ltig abzumessen und die Flasche au\u00dferhalb der Reichweite von Kindern oder Personen ohne Verschreibung aufzubewahren.<\/p>\n<p data-start=\"557\" data-end=\"1654\">Dieses Kombinationspr\u00e4parat wird zur Behandlung von Symptomen eingesetzt, die durch Erk\u00e4ltung, Grippe, Allergien oder andere Atemwegserkrankungen (z. B. Sinusitis, Bronchitis) verursacht werden. Promethazin ist ein Antihistaminikum, das tr\u00e4nende Augen, Juckreiz an Augen\/Nase\/Hals, laufende Nase und Niesen lindert. Codein ist ein opioidbasierter Hustenstiller (Antitussivum), der auf einen bestimmten Bereich des Gehirns wirkt und den Hustenreiz reduziert. Opioidhaltige Hustenmittel sollten nicht bei Kindern unter 18 Jahren angewendet werden, da bei ihnen ein erh\u00f6htes Risiko f\u00fcr schwere (auch t\u00f6dliche) Nebenwirkungen besteht, insbesondere Atemprobleme. Sprechen Sie mit Ihrem Arzt \u00fcber Risiken und Nutzen dieses Medikaments. Erk\u00e4ltungs- und Hustenmittel heilen keine Erk\u00e4ltung. Husten infolge einer gew\u00f6hnlichen Erk\u00e4ltung muss oft nicht medikament\u00f6s behandelt werden. Fragen Sie Ihren Arzt oder Apotheker nach alternativen Ma\u00dfnahmen zur Linderung von Husten und Erk\u00e4ltungssymptomen, wie ausreichende Fl\u00fcssigkeitszufuhr, die Verwendung eines Luftbefeuchters oder Kochsalz-Nasentropfen\/-sprays.<\/p>\n<p data-start=\"1656\" data-end=\"2483\"><strong data-start=\"1656\" data-end=\"1727\">Anwendung von Quagen Hustensirup Codein \u2013 Quagen Hustensirup kaufen<\/strong><br data-start=\"1727\" data-end=\"1730\" \/>Lesen Sie den von Ihrem Apotheker bereitgestellten Beipackzettel, bevor Sie mit der Einnahme von Codein\/Promethazin beginnen und jedes Mal, wenn Sie ein neues Rezept erhalten. Bei Fragen wenden Sie sich an Ihren Arzt oder Apotheker. Nehmen Sie dieses Medikament oral mit oder ohne Nahrung ein, in der Regel alle 4 bis 6 Stunden nach Bedarf mit einem vollen Glas Wasser (ca. 240 ml) oder nach Anweisung Ihres Arztes. Bei Magenbeschwerden kann die Einnahme zusammen mit Nahrung erfolgen. Trinken Sie w\u00e4hrend der Anwendung ausreichend Fl\u00fcssigkeit, sofern Ihr Arzt nichts anderes empfiehlt. Messen Sie die Dosis sorgf\u00e4ltig mit einem speziellen Messger\u00e4t oder -l\u00f6ffel ab. Verwenden Sie keinen Haushaltsl\u00f6ffel, da dies zu einer falschen Dosierung f\u00fchren kann.<\/p>\n<p data-start=\"2485\" data-end=\"2651\"><strong data-start=\"2485\" data-end=\"2544\">Verschreibungspflichtiger opioidbasierter Hustenstiller<\/strong><br data-start=\"2544\" data-end=\"2547\" \/>Enth\u00e4lt Codein, ein Opioid, das Husten reduziert, jedoch Risiken wie Abh\u00e4ngigkeit und Sedierung birgt.<\/p>\n<p data-start=\"2653\" data-end=\"3247\">Promethazin lindert allergiebedingte Symptome wie Niesen, laufende Nase und Reizungen. Beide Wirkstoffe k\u00f6nnen Schl\u00e4frigkeit verursachen und die Reaktionsf\u00e4higkeit verlangsamen. Sie k\u00f6nnen die Atmung und die Aktivit\u00e4t des zentralen Nervensystems d\u00e4mpfen \u2013 insbesondere in hohen Dosen oder in Kombination mit anderen d\u00e4mpfenden Substanzen gef\u00e4hrlich. Langfristiger Missbrauch kann zu k\u00f6rperlicher Abh\u00e4ngigkeit von Codein f\u00fchren. Der aromatisierte Sirup erleichtert die Einnahme, kann jedoch die Wirkst\u00e4rke verschleiern und so bei unsachgem\u00e4\u00dfer Anwendung das Risiko einer \u00dcberdosierung erh\u00f6hen.<\/p>\n<p data-start=\"3249\" data-end=\"3671\" data-is-last-node=\"\" data-is-only-node=\"\">Dieses Produkt ist zur kurzfristigen Linderung gedacht und nicht f\u00fcr chronischen Husten oder langfristige Atemwegserkrankungen geeignet. Bei legalem Erwerb erfolgt die Herstellung nach pharmazeutischen Standards. Hohe Dosen k\u00f6nnen zu verlangsamter Atmung, starker Sedierung, Verwirrung oder Bewusstlosigkeit f\u00fchren. Nicht-medizinischer Gebrauch ist gef\u00e4hrlich, illegal und kann schwerwiegende gesundheitliche Folgen haben.<\/p>","protected":false},"excerpt":{"rendered":"<p>Quagen Pharma Promethazin Codein Quagen Pharma Promethazin Codein wird in der Regel als aromatisierter Sirup formuliert, um die Einnahme zu erleichtern. Die S\u00fc\u00dfe verringert jedoch weder die Wirksamkeit noch die Risiken eines Missbrauchs. Aus diesem Grund betonen Apotheker und \u00c4rzte, das Medikament genau wie verordnet einzunehmen, die Dosierung sorgf\u00e4ltig abzumessen und die Flasche au\u00dferhalb der [&hellip;]<\/p>\n","protected":false},"featured_media":4280,"comment_status":"open","ping_status":"closed","template":"","meta":[],"product_brand":[],"product_cat":[34],"product_tag":[],"class_list":{"0":"post-4279","1":"product","2":"type-product","3":"status-publish","4":"has-post-thumbnail","6":"product_cat-makatussin-codein","8":"first","9":"instock","10":"shipping-taxable","11":"purchasable","12":"product-type-simple"},"_links":{"self":[{"href":"https:\/\/premiumthcshop.de\/en\/wp-json\/wp\/v2\/product\/4279","targetHints":{"allow":["GET"]}}],"collection":[{"href":"https:\/\/premiumthcshop.de\/en\/wp-json\/wp\/v2\/product"}],"about":[{"href":"https:\/\/premiumthcshop.de\/en\/wp-json\/wp\/v2\/types\/product"}],"replies":[{"embeddable":true,"href":"https:\/\/premiumthcshop.de\/en\/wp-json\/wp\/v2\/comments?post=4279"}],"wp:featuredmedia":[{"embeddable":true,"href":"https:\/\/premiumthcshop.de\/en\/wp-json\/wp\/v2\/media\/4280"}],"wp:attachment":[{"href":"https:\/\/premiumthcshop.de\/en\/wp-json\/wp\/v2\/media?parent=4279"}],"wp:term":[{"taxonomy":"product_brand","embeddable":true,"href":"https:\/\/premiumthcshop.de\/en\/wp-json\/wp\/v2\/product_brand?post=4279"},{"taxonomy":"product_cat","embeddable":true,"href":"https:\/\/premiumthcshop.de\/en\/wp-json\/wp\/v2\/product_cat?post=4279"},{"taxonomy":"product_tag","embeddable":true,"href":"https:\/\/premiumthcshop.de\/en\/wp-json\/wp\/v2\/product_tag?post=4279"}],"curies":[{"name":"wp","href":"https:\/\/api.w.org\/{rel}","templated":true}]}}