{"id":4282,"date":"2026-04-21T07:00:06","date_gmt":"2026-04-21T07:00:06","guid":{"rendered":"https:\/\/premiumthcshop.de\/?post_type=product&#038;p=4282"},"modified":"2026-04-21T10:16:06","modified_gmt":"2026-04-21T10:16:06","slug":"super-lemon-haze-automatic","status":"publish","type":"product","link":"https:\/\/premiumthcshop.de\/en\/product\/super-lemon-haze-automatic\/","title":{"rendered":"Super Lemon Haze Automatic"},"content":{"rendered":"<div class=\"TyagGW_tableContainer\">\n<div class=\"group TyagGW_tableWrapper flex flex-col-reverse w-fit\" tabindex=\"-1\">\n<table class=\"w-fit min-w-(--thread-content-width)\" data-start=\"66\" data-end=\"405\">\n<thead data-start=\"66\" data-end=\"102\">\n<tr data-start=\"66\" data-end=\"102\">\n<th class=\"\" data-start=\"66\" data-end=\"91\" data-col-size=\"sm\">Eigenschaft<\/th>\n<th class=\"\" data-start=\"91\" data-end=\"102\" data-col-size=\"md\">Details<\/th>\n<\/tr>\n<\/thead>\n<tbody data-start=\"138\" data-end=\"405\">\n<tr data-start=\"138\" data-end=\"179\">\n<td data-start=\"138\" data-end=\"162\" data-col-size=\"sm\"><strong data-start=\"140\" data-end=\"153\">Samen-Typ<\/strong><\/td>\n<td data-col-size=\"md\" data-start=\"162\" data-end=\"179\">Autoflowering<\/td>\n<\/tr>\n<tr data-start=\"180\" data-end=\"229\">\n<td data-start=\"180\" data-end=\"204\" data-col-size=\"sm\"><strong data-start=\"182\" data-end=\"201\">Sativa \/ Indica<\/strong><\/td>\n<td data-start=\"204\" data-end=\"229\" data-col-size=\"md\">Sativa 80 \/ Indica 20<\/td>\n<\/tr>\n<tr data-start=\"230\" data-end=\"269\">\n<td data-start=\"230\" data-end=\"254\" data-col-size=\"sm\"><strong data-start=\"232\" data-end=\"245\">CBD \/ THC<\/strong><\/td>\n<td data-col-size=\"md\" data-start=\"254\" data-end=\"269\">20\u201325 % THC<\/td>\n<\/tr>\n<tr data-start=\"270\" data-end=\"307\">\n<td data-start=\"270\" data-end=\"294\" data-col-size=\"sm\"><strong data-start=\"272\" data-end=\"280\">H\u00f6he<\/strong><\/td>\n<td data-col-size=\"md\" data-start=\"294\" data-end=\"307\">80\u2013120 cm<\/td>\n<\/tr>\n<tr data-start=\"308\" data-end=\"405\">\n<td data-start=\"308\" data-end=\"332\" data-col-size=\"sm\"><strong data-start=\"310\" data-end=\"319\">Anbau<\/strong><\/td>\n<td data-col-size=\"md\" data-start=\"332\" data-end=\"405\">Aussaat (Outdoor): April\u2013Juli \/ Vom Samen bis zur Ernte: 10\u201312 Wochen<\/td>\n<\/tr>\n<\/tbody>\n<\/table>\n<\/div>\n<\/div>\n<hr data-start=\"407\" data-end=\"410\" \/>\n<h3 data-section-id=\"12klt18\" data-start=\"412\" data-end=\"453\"><span role=\"text\"><strong data-start=\"416\" data-end=\"453\">Wenn dir das Leben Zitronen gibt\u2026<\/strong><\/span><\/h3>\n<p data-start=\"455\" data-end=\"475\"><strong data-start=\"455\" data-end=\"475\">Super Lemon Haze<\/strong><\/p>\n<p data-start=\"477\" data-end=\"911\">Wenn dir das Leben Zitronen gibt, musst du nicht immer Limonade daraus machen. Wie w\u00e4re es stattdessen mit unserer Super Lemon Haze? Mit dieser K\u00f6nigin der guten Laune in der Hand scheint dir die Sonne ins Gesicht \u2013 selbst dann, wenn das Leben dich gerade in den Schatten stellt. Als euphorische Sativa-Queen mit der Power einer ganzen Kiste frischer Zitronen liefert sie den besten Beweis daf\u00fcr, dass sauer definitiv gl\u00fccklich macht!<\/p>\n<hr data-start=\"913\" data-end=\"916\" \/>\n<h3 data-section-id=\"162n1ll\" data-start=\"918\" data-end=\"946\"><span role=\"text\"><strong data-start=\"922\" data-end=\"946\">01 \u2013 Wirkung &amp; Aroma<\/strong><\/span><\/h3>\n<p data-start=\"948\" data-end=\"1192\">Super Lemon Haze besitzt eine ausgepr\u00e4gt euphorische Wirkung, typisch f\u00fcr sativa-dominierte Cannabissorten. Sie sorgt f\u00fcr belebende Energie und euphorische H\u00f6henfl\u00fcge \u2013 ideal f\u00fcr Tage, an denen du deiner Kreativit\u00e4t freien Lauf lassen m\u00f6chtest.<\/p>\n<p data-start=\"1194\" data-end=\"1353\">Geschmacklich \u00fcberzeugt sie mit einem intensiven Zitrusaroma. Der Duft ist angenehm fruchtig und kombiniert frische Zitronennoten mit einem Hauch s\u00fc\u00dfer Beeren.<\/p>\n<hr data-start=\"1355\" data-end=\"1358\" \/>\n<h3 data-section-id=\"m7cqgw\" data-start=\"1360\" data-end=\"1386\"><span role=\"text\"><strong data-start=\"1364\" data-end=\"1386\">02 \u2013 Anbau &amp; Ernte<\/strong><\/span><\/h3>\n<p data-start=\"1388\" data-end=\"1635\">Super Lemon Haze ist eine autoflowering Cannabissorte, die besonders einfach anzubauen ist und sich daher hervorragend f\u00fcr Anf\u00e4nger eignet. Sie beginnt nach einer kurzen Wachstumsphase automatisch zu bl\u00fchen \u2013 unabh\u00e4ngig von den Lichtverh\u00e4ltnissen.<\/p>\n<p data-start=\"1637\" data-end=\"1859\">Vom Keimling bis zur fertigen Bl\u00fcte dauert es nur etwa 8 Wochen. Im Freien empfiehlt sich die Aussaat zwischen April und Juli. Der Ertrag liegt sowohl indoor (bis zu 500 g\/m\u00b2) als auch outdoor bei bis zu 150 g pro Pflanze.<\/p>\n<hr data-start=\"1861\" data-end=\"1864\" \/>\n<h3 data-section-id=\"1xyjoow\" data-start=\"1866\" data-end=\"1892\"><span role=\"text\"><strong data-start=\"1870\" data-end=\"1892\">03 \u2013 Optik &amp; Gr\u00f6\u00dfe<\/strong><\/span><\/h3>\n<p data-start=\"1894\" data-end=\"2121\">Die Bl\u00fcten unserer Super Lemon Haze sind tiefgr\u00fcn mit gelben Akzenten und durchzogen von feinen wei\u00dfen bis orangefarbenen H\u00e4rchen. Ihre robuste Struktur macht sie ideal f\u00fcr den Outdoor-Anbau \u2013 auch ohne besonderen Wetterschutz.<\/p>\n<p data-start=\"2123\" data-end=\"2404\" data-is-last-node=\"\" data-is-only-node=\"\">In der Regel erreicht sie eine H\u00f6he von 80 bis 120 cm, kann unter optimalen Bedingungen jedoch noch gr\u00f6\u00dfer werden. Die Pflanze zeigt eine typische Sativa-Struktur mit l\u00e4ngeren Internodien. Ihre Bl\u00e4tter zeichnen sich durch wundersch\u00f6ne Farbverl\u00e4ufe in sanften, warmen Gr\u00fcnt\u00f6nen aus.<\/p>","protected":false},"excerpt":{"rendered":"<p>Eigenschaft Details Samen-Typ Autoflowering Sativa \/ Indica Sativa 80 \/ Indica 20 CBD \/ THC 20\u201325 % THC H\u00f6he 80\u2013120 cm Anbau Aussaat (Outdoor): April\u2013Juli \/ Vom Samen bis zur Ernte: 10\u201312 Wochen Wenn dir das Leben Zitronen gibt\u2026 Super Lemon Haze Wenn dir das Leben Zitronen gibt, musst du nicht immer Limonade daraus machen. [&hellip;]<\/p>\n","protected":false},"featured_media":4341,"comment_status":"open","ping_status":"closed","template":"","meta":[],"product_brand":[],"product_cat":[36],"product_tag":[],"class_list":{"0":"post-4282","1":"product","2":"type-product","3":"status-publish","4":"has-post-thumbnail","6":"product_cat-grass-samen","8":"first","9":"instock","10":"shipping-taxable","11":"purchasable","12":"product-type-variable"},"_links":{"self":[{"href":"https:\/\/premiumthcshop.de\/en\/wp-json\/wp\/v2\/product\/4282","targetHints":{"allow":["GET"]}}],"collection":[{"href":"https:\/\/premiumthcshop.de\/en\/wp-json\/wp\/v2\/product"}],"about":[{"href":"https:\/\/premiumthcshop.de\/en\/wp-json\/wp\/v2\/types\/product"}],"replies":[{"embeddable":true,"href":"https:\/\/premiumthcshop.de\/en\/wp-json\/wp\/v2\/comments?post=4282"}],"wp:featuredmedia":[{"embeddable":true,"href":"https:\/\/premiumthcshop.de\/en\/wp-json\/wp\/v2\/media\/4341"}],"wp:attachment":[{"href":"https:\/\/premiumthcshop.de\/en\/wp-json\/wp\/v2\/media?parent=4282"}],"wp:term":[{"taxonomy":"product_brand","embeddable":true,"href":"https:\/\/premiumthcshop.de\/en\/wp-json\/wp\/v2\/product_brand?post=4282"},{"taxonomy":"product_cat","embeddable":true,"href":"https:\/\/premiumthcshop.de\/en\/wp-json\/wp\/v2\/product_cat?post=4282"},{"taxonomy":"product_tag","embeddable":true,"href":"https:\/\/premiumthcshop.de\/en\/wp-json\/wp\/v2\/product_tag?post=4282"}],"curies":[{"name":"wp","href":"https:\/\/api.w.org\/{rel}","templated":true}]}}