{"id":4317,"date":"2026-04-21T07:05:44","date_gmt":"2026-04-21T07:05:44","guid":{"rendered":"https:\/\/premiumthcshop.de\/?post_type=product&#038;p=4317"},"modified":"2026-04-21T10:14:39","modified_gmt":"2026-04-21T10:14:39","slug":"white-widow-automatic","status":"publish","type":"product","link":"https:\/\/premiumthcshop.de\/en\/product\/white-widow-automatic\/","title":{"rendered":"White Widow Automatic"},"content":{"rendered":"<h3 data-section-id=\"865wzd\" data-start=\"39\" data-end=\"59\"><span role=\"text\"><strong data-start=\"43\" data-end=\"59\">Beschreibung<\/strong><\/span><\/h3>\n<div class=\"TyagGW_tableContainer\">\n<div class=\"group TyagGW_tableWrapper flex flex-col-reverse w-fit\" tabindex=\"-1\">\n<table class=\"w-fit min-w-(--thread-content-width)\" data-start=\"61\" data-end=\"380\">\n<thead data-start=\"61\" data-end=\"97\">\n<tr data-start=\"61\" data-end=\"97\">\n<th class=\"\" data-start=\"61\" data-end=\"82\" data-col-size=\"sm\"><strong data-start=\"63\" data-end=\"74\">Merkmal<\/strong><\/th>\n<th class=\"\" data-start=\"82\" data-end=\"97\" data-col-size=\"md\"><strong data-start=\"84\" data-end=\"95\">Details<\/strong><\/th>\n<\/tr>\n<\/thead>\n<tbody data-start=\"132\" data-end=\"380\">\n<tr data-start=\"132\" data-end=\"169\">\n<td data-start=\"132\" data-end=\"152\" data-col-size=\"sm\"><strong data-start=\"134\" data-end=\"146\">Samenart<\/strong><\/td>\n<td data-start=\"152\" data-end=\"169\" data-col-size=\"md\">Autoflowering<\/td>\n<\/tr>\n<tr data-start=\"170\" data-end=\"219\">\n<td data-start=\"170\" data-end=\"192\" data-col-size=\"sm\"><strong data-start=\"172\" data-end=\"191\">Sativa \/ Indica<\/strong><\/td>\n<td data-col-size=\"md\" data-start=\"192\" data-end=\"219\">Sativa 60% \/ Indica 40%<\/td>\n<\/tr>\n<tr data-start=\"220\" data-end=\"254\">\n<td data-start=\"220\" data-end=\"240\" data-col-size=\"sm\"><strong data-start=\"222\" data-end=\"235\">CBD \/ THC<\/strong><\/td>\n<td data-col-size=\"md\" data-start=\"240\" data-end=\"254\">20\u201325% THC<\/td>\n<\/tr>\n<tr data-start=\"255\" data-end=\"288\">\n<td data-start=\"255\" data-end=\"275\" data-col-size=\"sm\"><strong data-start=\"257\" data-end=\"265\">H\u00f6he<\/strong><\/td>\n<td data-start=\"275\" data-end=\"288\" data-col-size=\"md\">50\u2013100 cm<\/td>\n<\/tr>\n<tr data-start=\"289\" data-end=\"380\">\n<td data-start=\"289\" data-end=\"309\" data-col-size=\"sm\"><strong data-start=\"291\" data-end=\"300\">Anbau<\/strong><\/td>\n<td data-start=\"309\" data-end=\"380\" data-col-size=\"md\">Aussaat (Outdoor): April\u2013Juli \/ Von Aussaat bis Ernte: 10\u201311 Wochen<\/td>\n<\/tr>\n<\/tbody>\n<\/table>\n<\/div>\n<\/div>\n<hr data-start=\"382\" data-end=\"385\" \/>\n<h3 data-section-id=\"1g5uvhk\" data-start=\"387\" data-end=\"418\"><span role=\"text\"><strong data-start=\"391\" data-end=\"418\">Bad Girl wie Frau Holle<\/strong><\/span><\/h3>\n<p data-start=\"420\" data-end=\"435\"><strong data-start=\"420\" data-end=\"435\">White Widow<\/strong><\/p>\n<p data-start=\"437\" data-end=\"968\">Es war einmal, vor langer Zeit \u2026 da fielen Trichome noch wie kleine Schneeflocken vom Himmel. Wenn unsere White Widow ihr pr\u00e4chtigstes Bl\u00fctenkleid anlegt, strahlend wei\u00df wie die Kissen von Frau Holle, k\u00f6nnte man meinen, man befinde sich mitten in einem Grimm-M\u00e4rchen. Doch unsere White Widow ist keine gew\u00f6hnliche Hexe. Diese legend\u00e4re Dame im eisigen Gewand braut ihre Elixiere so kraftvoll, dass selbst Gandalf der Graue einst vor Neid erblasste. Aber keine Sorge vor einem heldenhaften Ende \u2013 all ihre Geschichten gehen gut aus!<\/p>\n<hr data-start=\"970\" data-end=\"973\" \/>\n<h3 data-section-id=\"162n1ll\" data-start=\"975\" data-end=\"1003\"><span role=\"text\"><strong data-start=\"979\" data-end=\"1003\">01 \u2013 Wirkung &amp; Aroma<\/strong><\/span><\/h3>\n<p data-start=\"1005\" data-end=\"1207\">White Widow hat eine starke, energetische Wirkung, typisch f\u00fcr sativadominierte Cannabissorten. Sie sorgt f\u00fcr belebende Energie und kreative Sch\u00fcbe \u2013 ideal f\u00fcr Tage, an denen du produktiv sein m\u00f6chtest.<\/p>\n<p data-start=\"1209\" data-end=\"1501\">Unsere White Widow entwickelt ein einzigartiges Aroma aus tiefen Kiefernoten, kombiniert mit einem erdigen, moschusartigen Duft und einer leichten S\u00fc\u00dfe. Beim Rauchen entfaltet sich eine intensive Mischung aus warmen Gew\u00fcrzen und getrockneten Fr\u00fcchten, begleitet von einem s\u00fc\u00dfen Nachgeschmack.<\/p>\n<hr data-start=\"1503\" data-end=\"1506\" \/>\n<h3 data-section-id=\"m7cqgw\" data-start=\"1508\" data-end=\"1534\"><span role=\"text\"><strong data-start=\"1512\" data-end=\"1534\">02 \u2013 Anbau &amp; Ernte<\/strong><\/span><\/h3>\n<p data-start=\"1536\" data-end=\"1701\">White Widow ist eine legend\u00e4re Cannabissorte, die sich sowohl f\u00fcr den Indoor- als auch Outdoor-Anbau eignet und dank ihrer robusten Natur besonders pflegeleicht ist.<\/p>\n<p data-start=\"1703\" data-end=\"1926\">In unserer autoflowering Variante beginnt sie nach einer kurzen Wachstumsphase automatisch zu bl\u00fchen \u2013 unabh\u00e4ngig von der Lichtmenge. Dadurch dauert es insgesamt nur etwa 10\u201312 Wochen von der Keimung bis zur fertigen Bl\u00fcte.<\/p>\n<p data-start=\"1928\" data-end=\"2167\">Beim Outdoor-Anbau empfiehlt sich eine Aussaat zwischen April und Juli. Trotz ihrer kompakten Gr\u00f6\u00dfe von 50\u2013100 cm liefert sie beeindruckende Ertr\u00e4ge von bis zu <strong data-start=\"2088\" data-end=\"2116\">450 g\/m\u00b2 im Indoor-Anbau<\/strong> und bis zu <strong data-start=\"2128\" data-end=\"2166\">240 g pro Pflanze im Outdoor-Anbau<\/strong>.<\/p>\n<hr data-start=\"2169\" data-end=\"2172\" \/>\n<h3 data-section-id=\"1xyjoow\" data-start=\"2174\" data-end=\"2200\"><span role=\"text\"><strong data-start=\"2178\" data-end=\"2200\">03 \u2013 Optik &amp; Gr\u00f6\u00dfe<\/strong><\/span><\/h3>\n<p data-start=\"2202\" data-end=\"2361\">White Widow besitzt eine kompakte Struktur und eignet sich hervorragend f\u00fcr begrenzte Anbaufl\u00e4chen. Ihre Bl\u00e4tter sind breit und von einem satten, dunklen Gr\u00fcn.<\/p>\n<p data-start=\"2363\" data-end=\"2594\">Die Bl\u00fcten sind dicht und harzreich, bedeckt mit einer dicken Schicht funkelnder Trichome. Gegen Ende der Bl\u00fctezeit wirkt es fast so, als w\u00e4re die Pflanze mit einer dicken Schicht Puderzucker \u00fcberzogen \u2013 ein unverwechselbarer Look.<\/p>\n<p data-start=\"2596\" data-end=\"2675\" data-is-last-node=\"\" data-is-only-node=\"\">Mit ihrer H\u00f6he von 50\u2013100 cm ist sie die ideale Wahl f\u00fcr einen diskreten Anbau.<\/p>","protected":false},"excerpt":{"rendered":"<h3>Menge: 12\u00a0Samen<\/h3>","protected":false},"featured_media":4337,"comment_status":"open","ping_status":"closed","template":"","meta":[],"product_brand":[],"product_cat":[36],"product_tag":[],"class_list":{"0":"post-4317","1":"product","2":"type-product","3":"status-publish","4":"has-post-thumbnail","6":"product_cat-grass-samen","8":"first","9":"instock","10":"shipping-taxable","11":"purchasable","12":"product-type-simple"},"_links":{"self":[{"href":"https:\/\/premiumthcshop.de\/en\/wp-json\/wp\/v2\/product\/4317","targetHints":{"allow":["GET"]}}],"collection":[{"href":"https:\/\/premiumthcshop.de\/en\/wp-json\/wp\/v2\/product"}],"about":[{"href":"https:\/\/premiumthcshop.de\/en\/wp-json\/wp\/v2\/types\/product"}],"replies":[{"embeddable":true,"href":"https:\/\/premiumthcshop.de\/en\/wp-json\/wp\/v2\/comments?post=4317"}],"wp:featuredmedia":[{"embeddable":true,"href":"https:\/\/premiumthcshop.de\/en\/wp-json\/wp\/v2\/media\/4337"}],"wp:attachment":[{"href":"https:\/\/premiumthcshop.de\/en\/wp-json\/wp\/v2\/media?parent=4317"}],"wp:term":[{"taxonomy":"product_brand","embeddable":true,"href":"https:\/\/premiumthcshop.de\/en\/wp-json\/wp\/v2\/product_brand?post=4317"},{"taxonomy":"product_cat","embeddable":true,"href":"https:\/\/premiumthcshop.de\/en\/wp-json\/wp\/v2\/product_cat?post=4317"},{"taxonomy":"product_tag","embeddable":true,"href":"https:\/\/premiumthcshop.de\/en\/wp-json\/wp\/v2\/product_tag?post=4317"}],"curies":[{"name":"wp","href":"https:\/\/api.w.org\/{rel}","templated":true}]}}