{"id":4318,"date":"2026-04-21T07:10:42","date_gmt":"2026-04-21T07:10:42","guid":{"rendered":"https:\/\/premiumthcshop.de\/?post_type=product&#038;p=4318"},"modified":"2026-04-21T10:18:57","modified_gmt":"2026-04-21T10:18:57","slug":"jack-herer-automatic","status":"publish","type":"product","link":"https:\/\/premiumthcshop.de\/en\/product\/jack-herer-automatic\/","title":{"rendered":"Jack Herer Automatic"},"content":{"rendered":"<h3 data-section-id=\"bw2iix\" data-start=\"40\" data-end=\"64\"><span role=\"text\"><strong data-start=\"44\" data-end=\"64\">Produkt\u00fcbersicht<\/strong><\/span><\/h3>\n<div class=\"TyagGW_tableContainer\">\n<div class=\"group TyagGW_tableWrapper flex flex-col-reverse w-fit\" tabindex=\"-1\">\n<table class=\"w-fit min-w-(--thread-content-width)\" data-start=\"66\" data-end=\"412\">\n<thead data-start=\"66\" data-end=\"106\">\n<tr data-start=\"66\" data-end=\"106\">\n<th class=\"\" data-start=\"66\" data-end=\"91\" data-col-size=\"sm\"><strong data-start=\"68\" data-end=\"83\">Eigenschaft<\/strong><\/th>\n<th class=\"\" data-start=\"91\" data-end=\"106\" data-col-size=\"md\"><strong data-start=\"93\" data-end=\"104\">Details<\/strong><\/th>\n<\/tr>\n<\/thead>\n<tbody data-start=\"146\" data-end=\"412\">\n<tr data-start=\"146\" data-end=\"187\">\n<td data-start=\"146\" data-end=\"170\" data-col-size=\"sm\"><strong data-start=\"148\" data-end=\"160\">Samenart<\/strong><\/td>\n<td data-start=\"170\" data-end=\"187\" data-col-size=\"md\">Autoflowering<\/td>\n<\/tr>\n<tr data-start=\"188\" data-end=\"239\">\n<td data-start=\"188\" data-end=\"212\" data-col-size=\"sm\"><strong data-start=\"190\" data-end=\"209\">Sativa \/ Indica<\/strong><\/td>\n<td data-col-size=\"md\" data-start=\"212\" data-end=\"239\">Sativa 65% \/ Indica 35%<\/td>\n<\/tr>\n<tr data-start=\"240\" data-end=\"278\">\n<td data-start=\"240\" data-end=\"264\" data-col-size=\"sm\"><strong data-start=\"242\" data-end=\"255\">CBD \/ THC<\/strong><\/td>\n<td data-col-size=\"md\" data-start=\"264\" data-end=\"278\">15\u201320% THC<\/td>\n<\/tr>\n<tr data-start=\"279\" data-end=\"316\">\n<td data-start=\"279\" data-end=\"303\" data-col-size=\"sm\"><strong data-start=\"281\" data-end=\"289\">H\u00f6he<\/strong><\/td>\n<td data-col-size=\"md\" data-start=\"303\" data-end=\"316\">80\u2013110 cm<\/td>\n<\/tr>\n<tr data-start=\"317\" data-end=\"412\">\n<td data-start=\"317\" data-end=\"341\" data-col-size=\"sm\"><strong data-start=\"319\" data-end=\"328\">Anbau<\/strong><\/td>\n<td data-col-size=\"md\" data-start=\"341\" data-end=\"412\">Aussaat (Outdoor): April\u2013Juli \/ Von Aussaat bis Ernte: 10\u201312 Wochen<\/td>\n<\/tr>\n<\/tbody>\n<\/table>\n<\/div>\n<\/div>\n<hr data-start=\"414\" data-end=\"417\" \/>\n<h2 data-section-id=\"v03vlq\" data-start=\"419\" data-end=\"450\"><span role=\"text\"><strong data-start=\"422\" data-end=\"450\">Wer zum Teufel ist Jack?<\/strong><\/span><\/h2>\n<h3 data-section-id=\"hater1\" data-start=\"452\" data-end=\"470\"><span role=\"text\"><strong data-start=\"456\" data-end=\"470\">Jack Herer<\/strong><\/span><\/h3>\n<p data-start=\"472\" data-end=\"967\">Jack Herer ist nicht irgendein abgehalfterter Abenteurer mit Peitsche und schlecht sitzenden Cowboy-Stiefeln. Nein \u2013 unser Jack Herer tr\u00e4gt den Namen einer wahren Legende des Cannabis-Aktivismus! Mit seiner Partei <em data-start=\"686\" data-end=\"698\">Grassroots<\/em> kandidierte er in den 1990er-Jahren zweimal bei den US-Pr\u00e4sidentschaftswahlen und wollte Amerika \u201ewirklich wieder gro\u00df machen\u201c. Mit 3.900 Stimmen verpasste er den Sieg nur knapp. Doch sein Plan ging auf: In den USA hat <em data-start=\"918\" data-end=\"931\">Wake &amp; Bake<\/em> l\u00e4ngst <em data-start=\"939\" data-end=\"956\">Bed &amp; Breakfast<\/em> ersetzt.<\/p>\n<p data-start=\"969\" data-end=\"1067\">Wir haben ihm mit dieser Sorte ein w\u00fcrdiges Denkmal gesetzt.<br data-start=\"1029\" data-end=\"1032\" \/><strong data-start=\"1032\" data-end=\"1067\">Gewidmet den Wundern. RIP Jack!<\/strong><\/p>\n<hr data-start=\"1069\" data-end=\"1072\" \/>\n<h2 data-section-id=\"132xsqi\" data-start=\"1074\" data-end=\"1101\"><span role=\"text\"><strong data-start=\"1077\" data-end=\"1101\">01 \u2013 Wirkung &amp; Aroma<\/strong><\/span><\/h2>\n<p data-start=\"1103\" data-end=\"1364\">Jack Herer \u00fcberzeugt mit einer deutlich euphorischen und gl\u00fccklichen Wirkung \u2013 typisch f\u00fcr sativa-dominierte Cannabis-Sorten. Sie verleiht dir belebende Energie und inspirierende H\u00f6henfl\u00fcge \u2013 perfekt f\u00fcr Tage, an denen du deine Kreativit\u00e4t entfalten m\u00f6chtest.<\/p>\n<p data-start=\"1366\" data-end=\"1467\">Bei weiterem Konsum sorgt der Indica-Anteil f\u00fcr eine langanhaltende, tiefe k\u00f6rperliche Entspannung.<\/p>\n<p data-start=\"1469\" data-end=\"1685\">Geschmacklich und aromatisch begeistert Jack Herer mit einer intensiven Mischung aus s\u00fc\u00dfen und floralen Noten, erg\u00e4nzt durch milde w\u00fcrzige und zitronige Nuancen, die besonders beim Konsum deutlich zur Geltung kommen.<\/p>\n<hr data-start=\"1687\" data-end=\"1690\" \/>\n<h2 data-section-id=\"u4ktsz\" data-start=\"1692\" data-end=\"1717\"><span role=\"text\"><strong data-start=\"1695\" data-end=\"1717\">02 \u2013 Anbau &amp; Ernte<\/strong><\/span><\/h2>\n<p data-start=\"1719\" data-end=\"1926\">Jack Herer ist eine autoflowering Cannabissorte, die besonders einfach anzubauen ist \u2013 ideal f\u00fcr Anf\u00e4nger. Sie beginnt nach einer kurzen Wachstumsphase automatisch zu bl\u00fchen, unabh\u00e4ngig von der Lichtmenge.<\/p>\n<ul data-start=\"1928\" data-end=\"2137\">\n<li data-section-id=\"1fx1gy1\" data-start=\"1928\" data-end=\"1981\"><strong data-start=\"1930\" data-end=\"1962\">Dauer von Keimung bis Bl\u00fcte:<\/strong> ca. 10\u201311 Wochen<\/li>\n<li data-section-id=\"j9jttv\" data-start=\"1982\" data-end=\"2021\"><strong data-start=\"1984\" data-end=\"2004\">Outdoor-Aussaat:<\/strong> April bis Juli<\/li>\n<li data-section-id=\"5cizcu\" data-start=\"2022\" data-end=\"2070\"><strong data-start=\"2024\" data-end=\"2043\">Ertrag Outdoor:<\/strong> bis zu 150 g pro Pflanze<\/li>\n<li data-section-id=\"38e71c\" data-start=\"2071\" data-end=\"2137\"><strong data-start=\"2073\" data-end=\"2091\">Ertrag Indoor:<\/strong> bis zu 450 g\/m\u00b2 unter optimalen Bedingungen<\/li>\n<\/ul>\n<hr data-start=\"2139\" data-end=\"2142\" \/>\n<h2 data-section-id=\"xwfxb7\" data-start=\"2144\" data-end=\"2169\"><span role=\"text\"><strong data-start=\"2147\" data-end=\"2169\">03 \u2013 Optik &amp; Gr\u00f6\u00dfe<\/strong><\/span><\/h2>\n<p data-start=\"2171\" data-end=\"2349\">Die Bl\u00e4tter sind fein strukturiert und zeigen lebendige Gr\u00fcnt\u00f6ne, w\u00e4hrend die Buds dicht und harzreich sind, \u00fcberzogen mit einer au\u00dfergew\u00f6hnlichen Schicht glitzernder Trichome.<\/p>\n<p data-start=\"2351\" data-end=\"2516\">Jack Herer \u00fcberzeugt durch ihren robusten Wuchs, wodurch sie sich hervorragend f\u00fcr den Outdoor-Anbau eignet \u2013 auch ohne besonderen Schutz vor Witterungseinfl\u00fcssen.<\/p>\n<ul data-start=\"2518\" data-end=\"2654\">\n<li data-section-id=\"8pf6q0\" data-start=\"2518\" data-end=\"2545\"><strong data-start=\"2520\" data-end=\"2529\">H\u00f6he:<\/strong> bis zu 110 cm<\/li>\n<li data-section-id=\"1afi8ud\" data-start=\"2546\" data-end=\"2654\"><strong data-start=\"2548\" data-end=\"2561\">Struktur:<\/strong> Deutlich ausgepr\u00e4gter Haupttrieb, umgeben von mehreren Seiten\u00e4sten mit kr\u00e4ftigen Nebenbuds<\/li>\n<\/ul>","protected":false},"excerpt":{"rendered":"<h3>Menge: 12 Samen<\/h3>","protected":false},"featured_media":4339,"comment_status":"open","ping_status":"closed","template":"","meta":[],"product_brand":[],"product_cat":[36],"product_tag":[],"class_list":{"0":"post-4318","1":"product","2":"type-product","3":"status-publish","4":"has-post-thumbnail","6":"product_cat-grass-samen","8":"first","9":"instock","10":"shipping-taxable","11":"purchasable","12":"product-type-simple"},"_links":{"self":[{"href":"https:\/\/premiumthcshop.de\/en\/wp-json\/wp\/v2\/product\/4318","targetHints":{"allow":["GET"]}}],"collection":[{"href":"https:\/\/premiumthcshop.de\/en\/wp-json\/wp\/v2\/product"}],"about":[{"href":"https:\/\/premiumthcshop.de\/en\/wp-json\/wp\/v2\/types\/product"}],"replies":[{"embeddable":true,"href":"https:\/\/premiumthcshop.de\/en\/wp-json\/wp\/v2\/comments?post=4318"}],"wp:featuredmedia":[{"embeddable":true,"href":"https:\/\/premiumthcshop.de\/en\/wp-json\/wp\/v2\/media\/4339"}],"wp:attachment":[{"href":"https:\/\/premiumthcshop.de\/en\/wp-json\/wp\/v2\/media?parent=4318"}],"wp:term":[{"taxonomy":"product_brand","embeddable":true,"href":"https:\/\/premiumthcshop.de\/en\/wp-json\/wp\/v2\/product_brand?post=4318"},{"taxonomy":"product_cat","embeddable":true,"href":"https:\/\/premiumthcshop.de\/en\/wp-json\/wp\/v2\/product_cat?post=4318"},{"taxonomy":"product_tag","embeddable":true,"href":"https:\/\/premiumthcshop.de\/en\/wp-json\/wp\/v2\/product_tag?post=4318"}],"curies":[{"name":"wp","href":"https:\/\/api.w.org\/{rel}","templated":true}]}}