{"id":4319,"date":"2026-04-21T07:07:35","date_gmt":"2026-04-21T07:07:35","guid":{"rendered":"https:\/\/premiumthcshop.de\/?post_type=product&#038;p=4319"},"modified":"2026-04-21T10:17:47","modified_gmt":"2026-04-21T10:17:47","slug":"northern-lights-automatic","status":"publish","type":"product","link":"https:\/\/premiumthcshop.de\/en\/product\/northern-lights-automatic\/","title":{"rendered":"Northern Lights Automatic"},"content":{"rendered":"<div class=\"flex flex-col text-sm pb-25\">\n<section class=\"text-token-text-primary w-full focus:outline-none [--shadow-height:45px] has-data-writing-block:pointer-events-none has-data-writing-block:-mt-(--shadow-height) has-data-writing-block:pt-(--shadow-height) [&amp;:has([data-writing-block])&gt;*]:pointer-events-auto scroll-mt-[calc(var(--header-height)+min(200px,max(70px,20svh)))]\" dir=\"auto\" data-turn-id=\"request-WEB:880454e3-9570-4f8f-8985-3c562548a99d-23\" data-testid=\"conversation-turn-2\" data-scroll-anchor=\"true\" data-turn=\"assistant\">\n<div class=\"text-base my-auto mx-auto pb-10 [--thread-content-margin:var(--thread-content-margin-xs,calc(var(--spacing)*4))] @w-sm\/main:[--thread-content-margin:var(--thread-content-margin-sm,calc(var(--spacing)*6))] @w-lg\/main:[--thread-content-margin:var(--thread-content-margin-lg,calc(var(--spacing)*16))] px-(--thread-content-margin)\">\n<div class=\"[--thread-content-max-width:40rem] @w-lg\/main:[--thread-content-max-width:48rem] mx-auto max-w-(--thread-content-max-width) flex-1 group\/turn-messages focus-visible:outline-hidden relative flex w-full min-w-0 flex-col agent-turn\">\n<div class=\"flex max-w-full flex-col gap-4 grow\">\n<div class=\"min-h-8 text-message relative flex w-full flex-col items-end gap-2 text-start break-words whitespace-normal outline-none keyboard-focused:focus-ring [.text-message+&amp;]:mt-1\" dir=\"auto\" tabindex=\"0\" data-message-author-role=\"assistant\" data-message-id=\"08d61e00-11b3-48d7-a7e1-f20d5a4c8831\" data-message-model-slug=\"gpt-5-3\" data-turn-start-message=\"true\">\n<div class=\"flex w-full flex-col gap-1 empty:hidden\">\n<div class=\"markdown prose dark:prose-invert w-full wrap-break-word dark markdown-new-styling\">\n<h3 data-section-id=\"bw2iix\" data-start=\"45\" data-end=\"69\"><span role=\"text\"><strong data-start=\"49\" data-end=\"69\">Produkt\u00fcbersicht<\/strong><\/span><\/h3>\n<div class=\"TyagGW_tableContainer\">\n<div class=\"group TyagGW_tableWrapper flex flex-col-reverse w-fit\" tabindex=\"-1\">\n<table class=\"w-fit min-w-(--thread-content-width)\" data-start=\"71\" data-end=\"395\">\n<thead data-start=\"71\" data-end=\"105\">\n<tr data-start=\"71\" data-end=\"105\">\n<th class=\"\" data-start=\"71\" data-end=\"94\" data-col-size=\"sm\">Merkmal<\/th>\n<th class=\"\" data-start=\"94\" data-end=\"105\" data-col-size=\"md\">Details<\/th>\n<\/tr>\n<\/thead>\n<tbody data-start=\"139\" data-end=\"395\">\n<tr data-start=\"139\" data-end=\"178\">\n<td data-start=\"139\" data-end=\"161\" data-col-size=\"sm\"><strong data-start=\"141\" data-end=\"153\">Samenart<\/strong><\/td>\n<td data-start=\"161\" data-end=\"178\" data-col-size=\"md\">Autoflowering<\/td>\n<\/tr>\n<tr data-start=\"179\" data-end=\"228\">\n<td data-start=\"179\" data-end=\"201\" data-col-size=\"sm\"><strong data-start=\"181\" data-end=\"200\">Sativa \/ Indica<\/strong><\/td>\n<td data-start=\"201\" data-end=\"228\" data-col-size=\"md\">Sativa 10% \/ Indica 90%<\/td>\n<\/tr>\n<tr data-start=\"229\" data-end=\"265\">\n<td data-start=\"229\" data-end=\"251\" data-col-size=\"sm\"><strong data-start=\"231\" data-end=\"244\">CBD \/ THC<\/strong><\/td>\n<td data-start=\"251\" data-end=\"265\" data-col-size=\"md\">15\u201320% THC<\/td>\n<\/tr>\n<tr data-start=\"266\" data-end=\"301\">\n<td data-start=\"266\" data-end=\"288\" data-col-size=\"sm\"><strong data-start=\"268\" data-end=\"276\">H\u00f6he<\/strong><\/td>\n<td data-start=\"288\" data-end=\"301\" data-col-size=\"md\">90\u2013120 cm<\/td>\n<\/tr>\n<tr data-start=\"302\" data-end=\"395\">\n<td data-start=\"302\" data-end=\"324\" data-col-size=\"sm\"><strong data-start=\"304\" data-end=\"313\">Anbau<\/strong><\/td>\n<td data-start=\"324\" data-end=\"395\" data-col-size=\"md\">Aussaat (Outdoor): April\u2013Juli \/ Von Aussaat bis Ernte: 10\u201312 Wochen<\/td>\n<\/tr>\n<\/tbody>\n<\/table>\n<\/div>\n<\/div>\n<hr data-start=\"397\" data-end=\"400\" \/>\n<h2 data-section-id=\"139320u\" data-start=\"402\" data-end=\"457\"><span role=\"text\"><strong data-start=\"405\" data-end=\"457\">Dein Licht am Ende des Tunnels \u2013 Northern Lights<\/strong><\/span><\/h2>\n<p data-start=\"459\" data-end=\"798\">F\u00fchl deinen Puls. Keine Sorge, du bist nicht gerade gestorben \u2013 auch wenn die strahlende Leuchtkraft unseres Shootingstars an die funkelnden Tore des Himmels erinnern mag. Unsere <strong data-start=\"638\" data-end=\"657\">Northern Lights<\/strong> zieht einfach jeden in ihren Bann. Du w\u00e4rst nicht der Erste, der sich in die bet\u00f6rende Sch\u00f6nheit dieser himmlischen Lichtgestalt verliebt.<\/p>\n<p data-start=\"800\" data-end=\"1035\">Ihre Aromen sind wie deine Tr\u00e4ume: s\u00fc\u00df. Doch jetzt solltest du dir besser den Sternenstaub aus den Augen reiben \u2013 denn statt dich sanft in den Schlaf zu wiegen, wird dich diese Indica heute Nacht wachhalten.<br data-start=\"1007\" data-end=\"1010\" \/>M\u00e4rchenhaft? Lichter aus.<\/p>\n<hr data-start=\"1037\" data-end=\"1040\" \/>\n<h2 data-section-id=\"132xsqi\" data-start=\"1042\" data-end=\"1069\"><span role=\"text\"><strong data-start=\"1045\" data-end=\"1069\">01 \u2013 Wirkung &amp; Aroma<\/strong><\/span><\/h2>\n<p data-start=\"1071\" data-end=\"1317\">Northern Lights zeichnet sich durch eine hohe Dichte an Trichomen und ein vielseitiges, s\u00fc\u00dfes Aroma aus. Als stark indica-dominierte Sorte sorgt sie f\u00fcr eine intensive und langanhaltende Entspannung, die K\u00f6rper und Geist gleicherma\u00dfen beruhigt.<\/p>\n<p data-start=\"1319\" data-end=\"1403\">Von angenehm gelassen bis leicht euphorisch \u2013 perfekt f\u00fcr einen entspannten Abend.<\/p>\n<p data-start=\"1405\" data-end=\"1647\">Das Aroma ist besonders angenehm und kombiniert s\u00fc\u00dfe, cremige Noten, die oft an Honig oder Zucker erinnern, mit einer sanften erdigen und holzigen Basis. Eine leichte W\u00fcrze sowie dezente Kr\u00e4uternoten verleihen dem Geschmack zus\u00e4tzliche Tiefe.<\/p>\n<hr data-start=\"1649\" data-end=\"1652\" \/>\n<h2 data-section-id=\"u4ktsz\" data-start=\"1654\" data-end=\"1679\"><span role=\"text\"><strong data-start=\"1657\" data-end=\"1679\">02 \u2013 Anbau &amp; Ernte<\/strong><\/span><\/h2>\n<p data-start=\"1681\" data-end=\"1916\">Northern Lights ist eine autoflowering Cannabissorte, die besonders einfach anzubauen ist und sich daher ideal f\u00fcr Einsteiger eignet. Sie beginnt nach einer kurzen Wachstumsphase automatisch zu bl\u00fchen \u2013 unabh\u00e4ngig von der Lichtmenge.<\/p>\n<p data-start=\"1918\" data-end=\"2005\">Das bedeutet: Von der Keimung bis zur Ernte vergehen lediglich etwa <strong data-start=\"1986\" data-end=\"2002\">10\u201312 Wochen<\/strong>.<\/p>\n<p data-start=\"2007\" data-end=\"2087\">F\u00fcr den Outdoor-Anbau empfiehlt sich eine Aussaat zwischen <strong data-start=\"2066\" data-end=\"2084\">April und Juli<\/strong>.<\/p>\n<p data-start=\"2089\" data-end=\"2098\">Ertrag:<\/p>\n<ul data-start=\"2099\" data-end=\"2166\">\n<li data-section-id=\"1v0feko\" data-start=\"2099\" data-end=\"2127\"><strong data-start=\"2101\" data-end=\"2112\">Indoor:<\/strong> ca. 550 g\/m\u00b2<\/li>\n<li data-section-id=\"e6v2ca\" data-start=\"2128\" data-end=\"2166\"><strong data-start=\"2130\" data-end=\"2142\">Outdoor:<\/strong> 100\u2013200 g pro Pflanze<\/li>\n<\/ul>\n<hr data-start=\"2168\" data-end=\"2171\" \/>\n<h2 data-section-id=\"xwfxb7\" data-start=\"2173\" data-end=\"2198\"><span role=\"text\"><strong data-start=\"2176\" data-end=\"2198\">03 \u2013 Optik &amp; Gr\u00f6\u00dfe<\/strong><\/span><\/h2>\n<p data-start=\"2200\" data-end=\"2353\">Northern Lights \u00fcberzeugt durch ihren kompakten, robusten und dennoch beeindruckenden Wuchs. Sie erreicht in der Regel eine H\u00f6he von <strong data-start=\"2333\" data-end=\"2350\">90 bis 120 cm<\/strong>.<\/p>\n<p data-start=\"2355\" data-end=\"2450\">Die Bl\u00e4tter sind typisch indica-dominant: breit und in satten bis dunklen Gr\u00fcnt\u00f6nen gehalten.<\/p>\n<p data-start=\"2452\" data-end=\"2674\" data-is-last-node=\"\" data-is-only-node=\"\">Die Bl\u00fcten sind kompakt, farbenfroh und h\u00e4ufig von einer glitzernden Schicht aus Trichomen \u00fcberzogen. Ihre Bl\u00fctenst\u00e4nde leuchten in warmen Gr\u00fcnt\u00f6nen und sind durchzogen von zahlreichen orangefarbenen bis r\u00f6tlichen H\u00e4rchen.<\/p>\n<\/div>\n<\/div>\n<\/div>\n<\/div>\n<\/div>\n<\/div>\n<\/section>\n<\/div>\n","protected":false},"excerpt":{"rendered":"<h3>Menge: 12\u00a0Samen<\/h3>","protected":false},"featured_media":4340,"comment_status":"open","ping_status":"closed","template":"","meta":[],"product_brand":[],"product_cat":[36],"product_tag":[],"class_list":{"0":"post-4319","1":"product","2":"type-product","3":"status-publish","4":"has-post-thumbnail","6":"product_cat-grass-samen","8":"first","9":"instock","10":"shipping-taxable","11":"purchasable","12":"product-type-simple"},"_links":{"self":[{"href":"https:\/\/premiumthcshop.de\/en\/wp-json\/wp\/v2\/product\/4319","targetHints":{"allow":["GET"]}}],"collection":[{"href":"https:\/\/premiumthcshop.de\/en\/wp-json\/wp\/v2\/product"}],"about":[{"href":"https:\/\/premiumthcshop.de\/en\/wp-json\/wp\/v2\/types\/product"}],"replies":[{"embeddable":true,"href":"https:\/\/premiumthcshop.de\/en\/wp-json\/wp\/v2\/comments?post=4319"}],"wp:featuredmedia":[{"embeddable":true,"href":"https:\/\/premiumthcshop.de\/en\/wp-json\/wp\/v2\/media\/4340"}],"wp:attachment":[{"href":"https:\/\/premiumthcshop.de\/en\/wp-json\/wp\/v2\/media?parent=4319"}],"wp:term":[{"taxonomy":"product_brand","embeddable":true,"href":"https:\/\/premiumthcshop.de\/en\/wp-json\/wp\/v2\/product_brand?post=4319"},{"taxonomy":"product_cat","embeddable":true,"href":"https:\/\/premiumthcshop.de\/en\/wp-json\/wp\/v2\/product_cat?post=4319"},{"taxonomy":"product_tag","embeddable":true,"href":"https:\/\/premiumthcshop.de\/en\/wp-json\/wp\/v2\/product_tag?post=4319"}],"curies":[{"name":"wp","href":"https:\/\/api.w.org\/{rel}","templated":true}]}}