{"id":4321,"date":"2026-04-21T07:22:07","date_gmt":"2026-04-21T07:22:07","guid":{"rendered":"https:\/\/premiumthcshop.de\/?post_type=product&#038;p=4321"},"modified":"2026-04-21T10:16:50","modified_gmt":"2026-04-21T10:16:50","slug":"purple-punch-automatic","status":"publish","type":"product","link":"https:\/\/premiumthcshop.de\/en\/product\/purple-punch-automatic\/","title":{"rendered":"Purple Punch Automatic"},"content":{"rendered":"<p data-start=\"35\" data-end=\"52\"><strong data-start=\"35\" data-end=\"52\">Beschreibung:<\/strong><\/p>\n<div class=\"TyagGW_tableContainer\">\n<div class=\"group TyagGW_tableWrapper flex flex-col-reverse w-fit\" tabindex=\"-1\">\n<table class=\"w-fit min-w-(--thread-content-width)\" data-start=\"54\" data-end=\"407\">\n<thead data-start=\"54\" data-end=\"86\">\n<tr data-start=\"54\" data-end=\"86\">\n<th class=\"\" data-start=\"54\" data-end=\"75\" data-col-size=\"sm\">Eigenschaft<\/th>\n<th class=\"\" data-start=\"75\" data-end=\"86\" data-col-size=\"md\">Details<\/th>\n<\/tr>\n<\/thead>\n<tbody data-start=\"119\" data-end=\"407\">\n<tr data-start=\"119\" data-end=\"157\">\n<td data-start=\"119\" data-end=\"140\" data-col-size=\"sm\">Samenart<\/td>\n<td data-start=\"140\" data-end=\"157\" data-col-size=\"md\">Autoflowering<\/td>\n<\/tr>\n<tr data-start=\"158\" data-end=\"206\">\n<td data-start=\"158\" data-end=\"179\" data-col-size=\"sm\">Sativa \/ Indica<\/td>\n<td data-start=\"179\" data-end=\"206\" data-col-size=\"md\">Sativa 20% \/ Indica 80%<\/td>\n<\/tr>\n<tr data-start=\"207\" data-end=\"242\">\n<td data-start=\"207\" data-end=\"228\" data-col-size=\"sm\">Wirkstoffgehalt<\/td>\n<td data-start=\"228\" data-end=\"242\" data-col-size=\"md\">18\u201323% THC<\/td>\n<\/tr>\n<tr data-start=\"243\" data-end=\"277\">\n<td data-start=\"243\" data-end=\"264\" data-col-size=\"sm\">H\u00f6he<\/td>\n<td data-start=\"264\" data-end=\"277\" data-col-size=\"md\">80\u2013120 cm<\/td>\n<\/tr>\n<tr data-start=\"278\" data-end=\"378\">\n<td data-start=\"278\" data-end=\"299\" data-col-size=\"sm\">Anbau<\/td>\n<td data-start=\"299\" data-end=\"378\" data-col-size=\"md\">Aussaat (Outdoor): April\u2013Juli \/ Von der Aussaat bis zur Ernte: 10\u201312 Wochen<\/td>\n<\/tr>\n<tr data-start=\"379\" data-end=\"407\">\n<td data-start=\"379\" data-end=\"400\" data-col-size=\"sm\">Herkunft<\/td>\n<td data-start=\"400\" data-end=\"407\" data-col-size=\"md\">USA<\/td>\n<\/tr>\n<\/tbody>\n<\/table>\n<\/div>\n<\/div>\n<p data-start=\"409\" data-end=\"1040\">Hier gibt es keinen \u201ePurple Rain\u201c, auch wenn die Wolken wieder violett erscheinen. Keine Sorge \u2013 alles ganz nat\u00fcrlich! Mit Purple Punch haben wir uns kraftvolle Verst\u00e4rkung aus dem Land der unbegrenzten M\u00f6glichkeiten geholt. Die wilde Kombination aus Purple Punch und Cookies schmeckt amerikanischer als jeder BBQ-Triple-Cheeseburger. Blitzschnell wie aus einem Fast-Food-Tempel kannst du bereits nach etwa 50 Tagen fette, gr\u00fcne XXL-Nuggets ernten. God bless America! Doch wir lassen uns nicht von Schein blenden \u2013 unser Superheld im violetten Umhang ist das Beste, was die Stars and Stripes seit den Avengers hervorgebracht haben.<\/p>\n<hr data-start=\"1042\" data-end=\"1045\" \/>\n<h3 data-section-id=\"8bnip6\" data-start=\"1047\" data-end=\"1069\">01 Wirkung &amp; Aroma<\/h3>\n<p data-start=\"1071\" data-end=\"1467\">Geschmacklich \u00fcberzeugt Purple Punch mit einem intensiven Aroma und typisch amerikanischen Gew\u00fcrznoten. Der Duft ist angenehm fruchtig und kombiniert s\u00fc\u00dfe Beeren mit einem Hauch von Trauben. Dank der starken Indica-Dominanz sorgt sie f\u00fcr eine intensive und langanhaltende Entspannung, die sowohl K\u00f6rper als auch Geist beruhigt. Von beruhigend bis euphorisch \u2013 perfekt f\u00fcr einen entspannten Abend!<\/p>\n<hr data-start=\"1469\" data-end=\"1472\" \/>\n<h3 data-section-id=\"kld35f\" data-start=\"1474\" data-end=\"1494\">02 Anbau &amp; Ernte<\/h3>\n<p data-start=\"1496\" data-end=\"1795\">Purple Punch ist eine autoflowering Cannabissorte, die besonders einfach anzubauen ist und sich daher ideal f\u00fcr Anf\u00e4nger eignet. Sie beginnt nach einer kurzen Wachstumsphase automatisch zu bl\u00fchen \u2013 unabh\u00e4ngig von den Lichtverh\u00e4ltnissen. Vom Keimling bis zur fertigen Bl\u00fcte vergehen etwa 8\u201311 Wochen.<\/p>\n<p data-start=\"1797\" data-end=\"2083\">Beim Outdoor-Anbau empfiehlt sich eine Aussaat zwischen April und Juli. Der Ertrag liegt bei etwa 350 g\/m\u00b2 im Innenbereich oder bis zu 150 g pro Pflanze im Freien. Die Pflanze ist pflegeleicht, widerstandsf\u00e4hig und trotzt schlechtem Wetter, Schimmel sowie typischen Cannabissch\u00e4dlingen.<\/p>\n<hr data-start=\"2085\" data-end=\"2088\" \/>\n<h3 data-section-id=\"r33m0j\" data-start=\"2090\" data-end=\"2110\">03 Optik &amp; Gr\u00f6\u00dfe<\/h3>\n<p data-start=\"2112\" data-end=\"2484\">Die Bl\u00fcten von Purple Punch zeigen ein tiefes Gr\u00fcn mit violetten Akzenten, durchzogen von feinen wei\u00dfen bis orangefarbenen H\u00e4rchen. Die Pflanze \u00fcberzeugt durch ihren robusten Wuchs und eignet sich hervorragend f\u00fcr den Outdoor-Anbau ohne zus\u00e4tzlichen Schutz. In der Regel erreicht sie eine H\u00f6he von 80 bis 120 cm, kann unter optimalen Bedingungen jedoch noch gr\u00f6\u00dfer werden.<\/p>\n<p data-start=\"2486\" data-end=\"2666\" data-is-last-node=\"\" data-is-only-node=\"\">Die Buds sind kompakt, harzreich und h\u00e4ufig mit einer glitzernden Schicht aus Trichomen bedeckt. Die Bl\u00e4tter begeistern mit sanften, warmen Gr\u00fcnt\u00f6nen und attraktiven Farbverl\u00e4ufen.<\/p>","protected":false},"excerpt":{"rendered":"<h3>Menge: 12\u00a0Samen<\/h3>","protected":false},"featured_media":4335,"comment_status":"open","ping_status":"closed","template":"","meta":[],"product_brand":[],"product_cat":[36],"product_tag":[],"class_list":{"0":"post-4321","1":"product","2":"type-product","3":"status-publish","4":"has-post-thumbnail","6":"product_cat-grass-samen","8":"first","9":"instock","10":"shipping-taxable","11":"purchasable","12":"product-type-simple"},"_links":{"self":[{"href":"https:\/\/premiumthcshop.de\/en\/wp-json\/wp\/v2\/product\/4321","targetHints":{"allow":["GET"]}}],"collection":[{"href":"https:\/\/premiumthcshop.de\/en\/wp-json\/wp\/v2\/product"}],"about":[{"href":"https:\/\/premiumthcshop.de\/en\/wp-json\/wp\/v2\/types\/product"}],"replies":[{"embeddable":true,"href":"https:\/\/premiumthcshop.de\/en\/wp-json\/wp\/v2\/comments?post=4321"}],"wp:featuredmedia":[{"embeddable":true,"href":"https:\/\/premiumthcshop.de\/en\/wp-json\/wp\/v2\/media\/4335"}],"wp:attachment":[{"href":"https:\/\/premiumthcshop.de\/en\/wp-json\/wp\/v2\/media?parent=4321"}],"wp:term":[{"taxonomy":"product_brand","embeddable":true,"href":"https:\/\/premiumthcshop.de\/en\/wp-json\/wp\/v2\/product_brand?post=4321"},{"taxonomy":"product_cat","embeddable":true,"href":"https:\/\/premiumthcshop.de\/en\/wp-json\/wp\/v2\/product_cat?post=4321"},{"taxonomy":"product_tag","embeddable":true,"href":"https:\/\/premiumthcshop.de\/en\/wp-json\/wp\/v2\/product_tag?post=4321"}],"curies":[{"name":"wp","href":"https:\/\/api.w.org\/{rel}","templated":true}]}}