{"id":4326,"date":"2026-04-21T07:24:40","date_gmt":"2026-04-21T07:24:40","guid":{"rendered":"https:\/\/premiumthcshop.de\/?post_type=product&#038;p=4326"},"modified":"2026-04-21T10:17:21","modified_gmt":"2026-04-21T10:17:21","slug":"sour-diesel-auto-automatic","status":"publish","type":"product","link":"https:\/\/premiumthcshop.de\/en\/product\/sour-diesel-auto-automatic\/","title":{"rendered":"Sour Diesel Auto Automatic"},"content":{"rendered":"<p data-start=\"41\" data-end=\"60\"><strong data-start=\"41\" data-end=\"58\">Beschreibung:<\/strong><\/p>\n<div class=\"TyagGW_tableContainer\">\n<div class=\"group TyagGW_tableWrapper flex flex-col-reverse w-fit\" tabindex=\"-1\">\n<table class=\"w-fit min-w-(--thread-content-width)\" data-start=\"62\" data-end=\"382\">\n<thead data-start=\"62\" data-end=\"117\">\n<tr data-start=\"62\" data-end=\"117\">\n<th class=\"\" data-start=\"62\" data-end=\"86\" data-col-size=\"sm\"><strong data-start=\"64\" data-end=\"79\">Eigenschaft<\/strong><\/th>\n<th class=\"\" data-start=\"86\" data-end=\"117\" data-col-size=\"sm\"><strong data-start=\"88\" data-end=\"99\">Details<\/strong><\/th>\n<\/tr>\n<\/thead>\n<tbody data-start=\"171\" data-end=\"382\">\n<tr data-start=\"171\" data-end=\"223\">\n<td data-start=\"171\" data-end=\"194\" data-col-size=\"sm\"><strong data-start=\"173\" data-end=\"185\">Samenart<\/strong><\/td>\n<td data-start=\"194\" data-end=\"223\" data-col-size=\"sm\">Autoflowering<\/td>\n<\/tr>\n<tr data-start=\"224\" data-end=\"276\">\n<td data-start=\"224\" data-end=\"247\" data-col-size=\"sm\"><strong data-start=\"226\" data-end=\"245\">Sativa \/ Indica<\/strong><\/td>\n<td data-start=\"247\" data-end=\"276\" data-col-size=\"sm\">Sativa 70 \/ Indica 30<\/td>\n<\/tr>\n<tr data-start=\"277\" data-end=\"329\">\n<td data-start=\"277\" data-end=\"300\" data-col-size=\"sm\"><strong data-start=\"279\" data-end=\"292\">CBD \/ THC<\/strong><\/td>\n<td data-start=\"300\" data-end=\"329\" data-col-size=\"sm\">20\u201325 % THC<\/td>\n<\/tr>\n<tr data-start=\"330\" data-end=\"382\">\n<td data-start=\"330\" data-end=\"353\" data-col-size=\"sm\"><strong data-start=\"332\" data-end=\"340\">H\u00f6he<\/strong><\/td>\n<td data-start=\"353\" data-end=\"382\" data-col-size=\"sm\">90 bis 140 cm<\/td>\n<\/tr>\n<\/tbody>\n<\/table>\n<\/div>\n<\/div>\n<hr data-start=\"384\" data-end=\"387\" \/>\n<h3 data-section-id=\"1p0igxr\" data-start=\"389\" data-end=\"402\"><span role=\"text\"><strong data-start=\"393\" data-end=\"402\">Anbau<\/strong><\/span><\/h3>\n<p data-start=\"404\" data-end=\"438\"><strong data-start=\"404\" data-end=\"436\">Einfach wie ein Zitronenbaum<\/strong><\/p>\n<p data-start=\"440\" data-end=\"745\">Wenn dir das Leben Zitronen gibt, wirf sie in den Tank deines Autos. So oder so \u00e4hnlich muss unsere Sour Diesel entstanden sein. Wenn du zu den Menschen geh\u00f6rst, die gerne an der Tankstelle tief durch die Nase einatmen, wirst du dieses exotische Aroma lieben. Diese Sorte macht \u201esauer\u201c richtig spannend.<\/p>\n<p data-start=\"747\" data-end=\"971\">Das geballte Sativa-Energiepaket hat sich l\u00e4ngst bew\u00e4hrt. Es vereint die intensive, s\u00e4uerliche Kraft einer bunten Zitrusplantage mit w\u00fcrzig-sauren Nuancen feinster Premium-Kraftstoffe. Eine wahnsinnige Geschmacksexplosion!<\/p>\n<hr data-start=\"973\" data-end=\"976\" \/>\n<h3 data-section-id=\"162n1ll\" data-start=\"978\" data-end=\"1006\"><span role=\"text\"><strong data-start=\"982\" data-end=\"1006\">01 \u2013 Wirkung &amp; Aroma<\/strong><\/span><\/h3>\n<p data-start=\"1008\" data-end=\"1197\">Sour Diesel Auto bietet eine ausgepr\u00e4gt energetische Wirkung, typisch f\u00fcr sativadominierte Cannabissorten. Sie sorgt f\u00fcr belebende Energie und kreative Sch\u00fcbe \u2013 ideal f\u00fcr produktive Tage.<\/p>\n<p data-start=\"1199\" data-end=\"1383\">Geschmacklich \u00fcberzeugt sie mit einer kraftvollen Diesel-Explosion und erdigen Aromen. Der Duft ist komplex und vereint Zitrusfr\u00fcchte, Sandelholz und einen Hauch von frischem Diesel.<\/p>\n<hr data-start=\"1385\" data-end=\"1388\" \/>\n<h3 data-section-id=\"m7cqgw\" data-start=\"1390\" data-end=\"1416\"><span role=\"text\"><strong data-start=\"1394\" data-end=\"1416\">02 \u2013 Anbau &amp; Ernte<\/strong><\/span><\/h3>\n<p data-start=\"1418\" data-end=\"1659\">Sour Diesel Auto ist eine autoflowering Cannabissorte, die besonders einfach anzubauen ist und sich daher hervorragend f\u00fcr Anf\u00e4nger eignet. Sie beginnt nach einer kurzen Wachstumsphase automatisch zu bl\u00fchen \u2013 unabh\u00e4ngig von der Lichtmenge.<\/p>\n<p data-start=\"1661\" data-end=\"1813\">Vom Keimling bis zur fertigen Bl\u00fcte dauert es nur etwa <strong data-start=\"1716\" data-end=\"1732\">10\u201312 Wochen<\/strong>.<br data-start=\"1733\" data-end=\"1736\" \/>Beim Outdoor-Anbau empfiehlt sich eine Aussaat zwischen <strong data-start=\"1792\" data-end=\"1810\">April und Juli<\/strong>.<\/p>\n<ul data-start=\"1815\" data-end=\"1930\">\n<li data-section-id=\"1r485kv\" data-start=\"1815\" data-end=\"1859\"><strong data-start=\"1817\" data-end=\"1836\">Ertrag Outdoor:<\/strong> 80\u2013180 g pro Pflanze<\/li>\n<li data-section-id=\"166hmqu\" data-start=\"1860\" data-end=\"1930\"><strong data-start=\"1862\" data-end=\"1880\">Ertrag Indoor:<\/strong> bis zu 500 g pro m\u00b2 unter optimalen Bedingungen<\/li>\n<\/ul>\n<hr data-start=\"1932\" data-end=\"1935\" \/>\n<h3 data-section-id=\"1xyjoow\" data-start=\"1937\" data-end=\"1963\"><span role=\"text\"><strong data-start=\"1941\" data-end=\"1963\">03 \u2013 Optik &amp; Gr\u00f6\u00dfe<\/strong><\/span><\/h3>\n<p data-start=\"1965\" data-end=\"2209\">Sour Diesel Auto beeindruckt durch ihren robusten Wuchs, der sie ideal f\u00fcr den Outdoor-Anbau ohne Wetterschutz macht. Sie erreicht in der Regel eine H\u00f6he von <strong data-start=\"2123\" data-end=\"2140\">90 bis 140 cm<\/strong>, kann unter optimalen Bedingungen jedoch noch etwas gr\u00f6\u00dfer werden.<\/p>\n<p data-start=\"2211\" data-end=\"2454\" data-is-last-node=\"\" data-is-only-node=\"\">Die Bl\u00e4tter sind schmal und tiefgr\u00fcn. Die Buds sind kompakt, harzreich und oft von einer Schicht glitzernder Trichome \u00fcberzogen. Die Bl\u00fcten zeigen ein kr\u00e4ftiges Gr\u00fcn mit leicht gelblichen Akzenten, durchzogen von orange- bis r\u00f6tlichen H\u00e4rchen.<\/p>","protected":false},"excerpt":{"rendered":"<h3>Menge: 12\u00a0Samen<\/h3>","protected":false},"featured_media":4334,"comment_status":"open","ping_status":"closed","template":"","meta":[],"product_brand":[],"product_cat":[36],"product_tag":[],"class_list":{"0":"post-4326","1":"product","2":"type-product","3":"status-publish","4":"has-post-thumbnail","6":"product_cat-grass-samen","8":"first","9":"instock","10":"shipping-taxable","11":"purchasable","12":"product-type-simple"},"_links":{"self":[{"href":"https:\/\/premiumthcshop.de\/en\/wp-json\/wp\/v2\/product\/4326","targetHints":{"allow":["GET"]}}],"collection":[{"href":"https:\/\/premiumthcshop.de\/en\/wp-json\/wp\/v2\/product"}],"about":[{"href":"https:\/\/premiumthcshop.de\/en\/wp-json\/wp\/v2\/types\/product"}],"replies":[{"embeddable":true,"href":"https:\/\/premiumthcshop.de\/en\/wp-json\/wp\/v2\/comments?post=4326"}],"wp:featuredmedia":[{"embeddable":true,"href":"https:\/\/premiumthcshop.de\/en\/wp-json\/wp\/v2\/media\/4334"}],"wp:attachment":[{"href":"https:\/\/premiumthcshop.de\/en\/wp-json\/wp\/v2\/media?parent=4326"}],"wp:term":[{"taxonomy":"product_brand","embeddable":true,"href":"https:\/\/premiumthcshop.de\/en\/wp-json\/wp\/v2\/product_brand?post=4326"},{"taxonomy":"product_cat","embeddable":true,"href":"https:\/\/premiumthcshop.de\/en\/wp-json\/wp\/v2\/product_cat?post=4326"},{"taxonomy":"product_tag","embeddable":true,"href":"https:\/\/premiumthcshop.de\/en\/wp-json\/wp\/v2\/product_tag?post=4326"}],"curies":[{"name":"wp","href":"https:\/\/api.w.org\/{rel}","templated":true}]}}