{"id":4327,"date":"2026-04-21T07:26:57","date_gmt":"2026-04-21T07:26:57","guid":{"rendered":"https:\/\/premiumthcshop.de\/?post_type=product&#038;p=4327"},"modified":"2026-04-21T10:11:11","modified_gmt":"2026-04-21T10:11:11","slug":"og-kush-auto-automatic","status":"publish","type":"product","link":"https:\/\/premiumthcshop.de\/en\/product\/og-kush-auto-automatic\/","title":{"rendered":"OG Kush Auto Automatic"},"content":{"rendered":"<h3 data-section-id=\"1xoyk3d\" data-start=\"40\" data-end=\"56\">Beschreibung<\/h3>\n<h3 data-section-id=\"70ld42\" data-start=\"58\" data-end=\"71\">Samen-Typ<\/h3>\n<div class=\"TyagGW_tableContainer\">\n<div class=\"group TyagGW_tableWrapper flex flex-col-reverse w-fit\" tabindex=\"-1\">\n<table class=\"w-fit min-w-(--thread-content-width)\" data-start=\"73\" data-end=\"141\">\n<thead data-start=\"73\" data-end=\"95\">\n<tr data-start=\"73\" data-end=\"95\">\n<th class=\"\" data-start=\"73\" data-end=\"87\" data-col-size=\"sm\">Eigenschaft<\/th>\n<th class=\"\" data-start=\"87\" data-end=\"95\" data-col-size=\"sm\">Wert<\/th>\n<\/tr>\n<\/thead>\n<tbody data-start=\"118\" data-end=\"141\">\n<tr data-start=\"118\" data-end=\"141\">\n<td data-start=\"118\" data-end=\"124\" data-col-size=\"sm\">Typ<\/td>\n<td data-col-size=\"sm\" data-start=\"124\" data-end=\"141\">Autoflowering<\/td>\n<\/tr>\n<\/tbody>\n<\/table>\n<\/div>\n<\/div>\n<h3 data-section-id=\"soffp5\" data-start=\"143\" data-end=\"162\">Sativa \/ Indica<\/h3>\n<div class=\"TyagGW_tableContainer\">\n<div class=\"group TyagGW_tableWrapper flex flex-col-reverse w-fit\" tabindex=\"-1\">\n<table class=\"w-fit min-w-(--thread-content-width)\" data-start=\"164\" data-end=\"249\">\n<thead data-start=\"164\" data-end=\"186\">\n<tr data-start=\"164\" data-end=\"186\">\n<th class=\"\" data-start=\"164\" data-end=\"178\" data-col-size=\"sm\">Eigenschaft<\/th>\n<th class=\"\" data-start=\"178\" data-end=\"186\" data-col-size=\"sm\">Wert<\/th>\n<\/tr>\n<\/thead>\n<tbody data-start=\"209\" data-end=\"249\">\n<tr data-start=\"209\" data-end=\"249\">\n<td data-start=\"209\" data-end=\"222\" data-col-size=\"sm\">Verh\u00e4ltnis<\/td>\n<td data-col-size=\"sm\" data-start=\"222\" data-end=\"249\">Sativa 30% \/ Indica 70%<\/td>\n<\/tr>\n<\/tbody>\n<\/table>\n<\/div>\n<\/div>\n<h3 data-section-id=\"73aucz\" data-start=\"251\" data-end=\"264\">THC \/ CBD<\/h3>\n<div class=\"TyagGW_tableContainer\">\n<div class=\"group TyagGW_tableWrapper flex flex-col-reverse w-fit\" tabindex=\"-1\">\n<table class=\"w-fit min-w-(--thread-content-width)\" data-start=\"266\" data-end=\"334\">\n<thead data-start=\"266\" data-end=\"288\">\n<tr data-start=\"266\" data-end=\"288\">\n<th class=\"\" data-start=\"266\" data-end=\"280\" data-col-size=\"sm\">Eigenschaft<\/th>\n<th class=\"\" data-start=\"280\" data-end=\"288\" data-col-size=\"sm\">Wert<\/th>\n<\/tr>\n<\/thead>\n<tbody data-start=\"311\" data-end=\"334\">\n<tr data-start=\"311\" data-end=\"334\">\n<td data-start=\"311\" data-end=\"324\" data-col-size=\"sm\">THC-Gehalt<\/td>\n<td data-col-size=\"sm\" data-start=\"324\" data-end=\"334\">20\u201325%<\/td>\n<\/tr>\n<\/tbody>\n<\/table>\n<\/div>\n<\/div>\n<h3 data-section-id=\"ynkvhx\" data-start=\"336\" data-end=\"344\">H\u00f6he<\/h3>\n<div class=\"TyagGW_tableContainer\">\n<div class=\"group TyagGW_tableWrapper flex flex-col-reverse w-fit\" tabindex=\"-1\">\n<table class=\"w-fit min-w-(--thread-content-width)\" data-start=\"346\" data-end=\"416\">\n<thead data-start=\"346\" data-end=\"368\">\n<tr data-start=\"346\" data-end=\"368\">\n<th class=\"\" data-start=\"346\" data-end=\"360\" data-col-size=\"sm\">Eigenschaft<\/th>\n<th class=\"\" data-start=\"360\" data-end=\"368\" data-col-size=\"sm\">Wert<\/th>\n<\/tr>\n<\/thead>\n<tbody data-start=\"391\" data-end=\"416\">\n<tr data-start=\"391\" data-end=\"416\">\n<td data-start=\"391\" data-end=\"403\" data-col-size=\"sm\">Wuchsh\u00f6he<\/td>\n<td data-col-size=\"sm\" data-start=\"403\" data-end=\"416\">60\u2013100 cm<\/td>\n<\/tr>\n<\/tbody>\n<\/table>\n<\/div>\n<\/div>\n<hr data-start=\"418\" data-end=\"421\" \/>\n<h3 data-section-id=\"70lakf\" data-start=\"423\" data-end=\"432\">Anbau<\/h3>\n<div class=\"TyagGW_tableContainer\">\n<div class=\"group TyagGW_tableWrapper flex flex-col-reverse w-fit\" tabindex=\"-1\">\n<table class=\"w-fit min-w-(--thread-content-width)\" data-start=\"434\" data-end=\"548\">\n<thead data-start=\"434\" data-end=\"454\">\n<tr data-start=\"434\" data-end=\"454\">\n<th class=\"\" data-start=\"434\" data-end=\"442\" data-col-size=\"sm\">Phase<\/th>\n<th class=\"\" data-start=\"442\" data-end=\"454\" data-col-size=\"sm\">Zeitraum<\/th>\n<\/tr>\n<\/thead>\n<tbody data-start=\"475\" data-end=\"548\">\n<tr data-start=\"475\" data-end=\"511\">\n<td data-start=\"475\" data-end=\"495\" data-col-size=\"sm\">Aussaat (Outdoor)<\/td>\n<td data-start=\"495\" data-end=\"511\" data-col-size=\"sm\">April \u2013 Juli<\/td>\n<\/tr>\n<tr data-start=\"512\" data-end=\"548\">\n<td data-start=\"512\" data-end=\"532\" data-col-size=\"sm\">Aussaat bis Ernte<\/td>\n<td data-start=\"532\" data-end=\"548\" data-col-size=\"sm\">10\u201312 Wochen<\/td>\n<\/tr>\n<\/tbody>\n<\/table>\n<\/div>\n<\/div>\n<hr data-start=\"550\" data-end=\"553\" \/>\n<h2 data-section-id=\"1j0idaj\" data-start=\"555\" data-end=\"588\">Klassische Vibes wie Beethoven<\/h2>\n<h3 data-section-id=\"oeyc6j\" data-start=\"590\" data-end=\"601\">OG Kush<\/h3>\n<p data-start=\"603\" data-end=\"793\">Vermisst du die goldenen Zeiten, als dr\u00f6hnende 808-Sampler und treibende Hip-Hop-Beats aus Ghettoblastern schallten? Dann halte deine Baggy Pants fest \u2013 Hip-Hop lebt und ist st\u00e4rker denn je!<\/p>\n<p data-start=\"795\" data-end=\"1022\">Unsere OG Kush ist l\u00e4ngst eine Legende im \u201eHood\u201c-Kosmos, und anders als 2Pac und Biggie ist sie frischer denn je. Egal ob du zu Autotune abtauchst oder bei \u201eTurn up!\u201c mitgehst \u2013 du sp\u00fcrst die Autoflower-Genetik unserer OG Kush.<\/p>\n<p data-start=\"1024\" data-end=\"1162\">Vom Samen bis zur Ernte in nur etwa zehn Wochen. Diese moderne Haze-Ikone l\u00e4sst die Herzen von Old- und New-School-Growern h\u00f6her schlagen.<\/p>\n<p data-start=\"1164\" data-end=\"1174\">Peace out.<\/p>\n<hr data-start=\"1176\" data-end=\"1179\" \/>\n<h2 data-section-id=\"1fo8lt9\" data-start=\"1181\" data-end=\"1201\">01 Effekt &amp; Aroma<\/h2>\n<p data-start=\"1203\" data-end=\"1427\">OG Kush Auto zeichnet sich durch eine \u00fcberwiegend entspannende Wirkung und ihr unverkennbares Diesel-Aroma aus. Als indica-dominante Sorte sorgt sie f\u00fcr eine starke, langanhaltende Entspannung, die K\u00f6rper und Geist beruhigt.<\/p>\n<p data-start=\"1429\" data-end=\"1484\">Von sanft bis euphorisch \u2013 ideal f\u00fcr entspannte Abende.<\/p>\n<p data-start=\"1486\" data-end=\"1640\">Das Aroma ist komplex und charakterstark, mit einer Mischung aus erdigen, kiefernartigen und zitrischen Noten, oft erg\u00e4nzt durch eine schwere Diesel-Note.<\/p>\n<hr data-start=\"1642\" data-end=\"1645\" \/>\n<h2 data-section-id=\"j16pcg\" data-start=\"1647\" data-end=\"1666\">02 Anbau &amp; Ernte<\/h2>\n<p data-start=\"1668\" data-end=\"1900\">OG Kush Auto ist eine autoflowering Cannabissorte, die besonders einfach zu kultivieren ist und sich daher ideal f\u00fcr Einsteiger eignet. Sie beginnt nach einer kurzen Wachstumsphase automatisch zu bl\u00fchen \u2013 unabh\u00e4ngig vom Lichtzyklus.<\/p>\n<ul data-start=\"1902\" data-end=\"2101\">\n<li data-section-id=\"19vhzmu\" data-start=\"1902\" data-end=\"1965\">Gesamtdauer: ca. 10\u201312 Wochen von der Keimung bis zur Ernte<\/li>\n<li data-section-id=\"y3nmfl\" data-start=\"1966\" data-end=\"2011\">Outdoor-Aussaat: ideal von April bis Juli<\/li>\n<li data-section-id=\"w6vn0x\" data-start=\"2012\" data-end=\"2056\">Ertrag Outdoor: ca. 50\u2013170 g pro Pflanze<\/li>\n<li data-section-id=\"1iwja1y\" data-start=\"2057\" data-end=\"2101\">Ertrag Indoor (optimal): bis zu 450 g\/m\u00b2<\/li>\n<\/ul>\n<hr data-start=\"2103\" data-end=\"2106\" \/>\n<h2 data-section-id=\"hmmcuo\" data-start=\"2108\" data-end=\"2127\">03 Optik &amp; Gr\u00f6\u00dfe<\/h2>\n<p data-start=\"2129\" data-end=\"2247\">OG Kush Auto \u00fcberzeugt durch ihren kompakten und robusten Wuchs, was sie besonders geeignet f\u00fcr diskreten Anbau macht.<\/p>\n<ul data-start=\"2249\" data-end=\"2512\">\n<li data-section-id=\"1y2fm3y\" data-start=\"2249\" data-end=\"2319\">H\u00f6he: 60 bis 100 cm (unter optimalen Bedingungen auch etwas h\u00f6her)<\/li>\n<li data-section-id=\"rg4hnh\" data-start=\"2320\" data-end=\"2378\">Bl\u00e4tter: typisch indica-dominant, breit und dunkelgr\u00fcn<\/li>\n<li data-section-id=\"137if82\" data-start=\"2379\" data-end=\"2439\">Bl\u00fcten: dicht und harzreich, stark mit Trichomen bedeckt<\/li>\n<li data-section-id=\"1noolbo\" data-start=\"2440\" data-end=\"2512\">Farbe der Buds: sattes Gr\u00fcn mit orangefarbenen bis r\u00f6tlichen H\u00e4rchen<\/li>\n<\/ul>","protected":false},"excerpt":{"rendered":"<p>Beschreibung Samen-Typ Eigenschaft Wert Typ Autoflowering Sativa \/ Indica Eigenschaft Wert Verh\u00e4ltnis Sativa 30% \/ Indica 70% THC \/ CBD Eigenschaft Wert THC-Gehalt 20\u201325% H\u00f6he Eigenschaft Wert Wuchsh\u00f6he 60\u2013100 cm Anbau Phase Zeitraum Aussaat (Outdoor) April \u2013 Juli Aussaat bis Ernte 10\u201312 Wochen Klassische Vibes wie Beethoven OG Kush Vermisst du die goldenen Zeiten, als [&hellip;]<\/p>\n","protected":false},"featured_media":4333,"comment_status":"open","ping_status":"closed","template":"","meta":[],"product_brand":[],"product_cat":[36],"product_tag":[],"class_list":{"0":"post-4327","1":"product","2":"type-product","3":"status-publish","4":"has-post-thumbnail","6":"product_cat-grass-samen","8":"first","9":"instock","10":"shipping-taxable","11":"purchasable","12":"product-type-variable"},"_links":{"self":[{"href":"https:\/\/premiumthcshop.de\/en\/wp-json\/wp\/v2\/product\/4327","targetHints":{"allow":["GET"]}}],"collection":[{"href":"https:\/\/premiumthcshop.de\/en\/wp-json\/wp\/v2\/product"}],"about":[{"href":"https:\/\/premiumthcshop.de\/en\/wp-json\/wp\/v2\/types\/product"}],"replies":[{"embeddable":true,"href":"https:\/\/premiumthcshop.de\/en\/wp-json\/wp\/v2\/comments?post=4327"}],"wp:featuredmedia":[{"embeddable":true,"href":"https:\/\/premiumthcshop.de\/en\/wp-json\/wp\/v2\/media\/4333"}],"wp:attachment":[{"href":"https:\/\/premiumthcshop.de\/en\/wp-json\/wp\/v2\/media?parent=4327"}],"wp:term":[{"taxonomy":"product_brand","embeddable":true,"href":"https:\/\/premiumthcshop.de\/en\/wp-json\/wp\/v2\/product_brand?post=4327"},{"taxonomy":"product_cat","embeddable":true,"href":"https:\/\/premiumthcshop.de\/en\/wp-json\/wp\/v2\/product_cat?post=4327"},{"taxonomy":"product_tag","embeddable":true,"href":"https:\/\/premiumthcshop.de\/en\/wp-json\/wp\/v2\/product_tag?post=4327"}],"curies":[{"name":"wp","href":"https:\/\/api.w.org\/{rel}","templated":true}]}}