{"id":4328,"date":"2026-04-21T07:28:51","date_gmt":"2026-04-21T07:28:51","guid":{"rendered":"https:\/\/premiumthcshop.de\/?post_type=product&#038;p=4328"},"modified":"2026-04-21T10:13:30","modified_gmt":"2026-04-21T10:13:30","slug":"tropicana-feminisiert","status":"publish","type":"product","link":"https:\/\/premiumthcshop.de\/en\/product\/tropicana-feminisiert\/","title":{"rendered":"Tropicana Feminisiert"},"content":{"rendered":"<p data-start=\"34\" data-end=\"51\"><strong data-start=\"34\" data-end=\"51\">Beschreibung:<\/strong><\/p>\n<hr data-start=\"53\" data-end=\"56\" \/>\n<h3 data-section-id=\"1wl8117\" data-start=\"58\" data-end=\"75\">\ud83c\udf31 Grunddaten<\/h3>\n<div class=\"TyagGW_tableContainer\">\n<div class=\"group TyagGW_tableWrapper flex flex-col-reverse w-fit\" tabindex=\"-1\">\n<table class=\"w-fit min-w-(--thread-content-width)\" data-start=\"77\" data-end=\"338\">\n<thead data-start=\"77\" data-end=\"102\">\n<tr data-start=\"77\" data-end=\"102\">\n<th class=\"\" data-start=\"77\" data-end=\"91\" data-col-size=\"sm\">Eigenschaft<\/th>\n<th class=\"\" data-start=\"91\" data-end=\"102\" data-col-size=\"md\">Details<\/th>\n<\/tr>\n<\/thead>\n<tbody data-start=\"127\" data-end=\"338\">\n<tr data-start=\"127\" data-end=\"172\">\n<td data-start=\"127\" data-end=\"140\" data-col-size=\"sm\">Saatguttyp<\/td>\n<td data-start=\"140\" data-end=\"172\" data-col-size=\"md\">Vollsaison (photoperiodisch)<\/td>\n<\/tr>\n<tr data-start=\"173\" data-end=\"220\">\n<td data-start=\"173\" data-end=\"191\" data-col-size=\"sm\">Sativa \/ Indica<\/td>\n<td data-start=\"191\" data-end=\"220\" data-col-size=\"md\">70 % Sativa \/ 30 % Indica<\/td>\n<\/tr>\n<tr data-start=\"221\" data-end=\"249\">\n<td data-start=\"221\" data-end=\"234\" data-col-size=\"sm\">THC-Gehalt<\/td>\n<td data-start=\"234\" data-end=\"249\" data-col-size=\"md\">20\u201325 % THC<\/td>\n<\/tr>\n<tr data-start=\"250\" data-end=\"270\">\n<td data-start=\"250\" data-end=\"257\" data-col-size=\"sm\">H\u00f6he<\/td>\n<td data-start=\"257\" data-end=\"270\" data-col-size=\"md\">80\u2013140 cm<\/td>\n<\/tr>\n<tr data-start=\"271\" data-end=\"338\">\n<td data-start=\"271\" data-end=\"279\" data-col-size=\"sm\">Anbau<\/td>\n<td data-start=\"279\" data-end=\"338\" data-col-size=\"md\">Aussaat (Outdoor): April\u2013Juni \/ Bl\u00fctezeit: 10\u201312 Wochen<\/td>\n<\/tr>\n<\/tbody>\n<\/table>\n<\/div>\n<\/div>\n<hr data-start=\"340\" data-end=\"343\" \/>\n<h3 data-section-id=\"1k40sag\" data-start=\"345\" data-end=\"389\">\u2600\ufe0f \u201eSonne im Tank, Zucker auf der Zunge\u201c<\/h3>\n<p data-start=\"391\" data-end=\"400\">Tropicana<\/p>\n<p data-start=\"402\" data-end=\"988\">Es war einmal, in einem fernen Zitrusparadies, wo die Bl\u00fcten im Sonnenlicht tanzten und nach Urlaub, guter Laune und frechem Fr\u00fcchtetee dufteten. Unsere Tropicana ist keine gew\u00f6hnliche Pflanze \u2013 sie ist eine tropische G\u00f6ttin, entstanden aus Girl Scout Cookies und Sour Tangie, mit einem Sativa-Feuer, das selbst den grauesten Tag in ein Strandfestival verwandelt. Sie bringt den Sommer direkt in deinen Kopf \u2013 das ganze Jahr \u00fcber. Wer sie einmal kennengelernt hat, l\u00e4sst sich freiwillig entf\u00fchren \u2026 auf einen Kurzurlaub zwischen Gedankenwelt und Karibik. Happy End? Jeden Tag aufs Neue.<\/p>\n<hr data-start=\"990\" data-end=\"993\" \/>\n<h3 data-section-id=\"6c8wxi\" data-start=\"995\" data-end=\"1019\">01 | Wirkung &amp; Aroma<\/h3>\n<p data-start=\"1021\" data-end=\"1303\">Tropicana hat es in sich \u2013 aber mit Stil. Die Wirkung ist typisch Sativa: belebend, euphorisch und wunderbar kreativ. Ideal f\u00fcr alle, die gute Laune, tiefe Gespr\u00e4che oder den n\u00e4chsten Geistesblitz suchen. K\u00f6rperlich bleibt alles angenehm leicht, w\u00e4hrend der Kopf angenehm \u201efunkelt\u201c.<\/p>\n<p data-start=\"1305\" data-end=\"1538\">Aromatisch ist sie ein echtes Feuerwerk: fruchtige Zitrusnoten, saftige Mandarinen, kombiniert mit s\u00fc\u00dfem Cookie-Teig und einem Hauch tropischer Exotik. Der Rauch? Leicht, frisch und s\u00fc\u00df \u2013 wie ein Cocktail bei Sonnenuntergang. Cheers!<\/p>\n<hr data-start=\"1540\" data-end=\"1543\" \/>\n<h3 data-section-id=\"xve9b\" data-start=\"1545\" data-end=\"1567\">02 | Anbau &amp; Ernte<\/h3>\n<p data-start=\"1569\" data-end=\"1846\">Unsere feminisierte photoperiodische Vollsaison-Tropicana liebt die Sonne \u2013 sowohl indoor als auch outdoor \u2013 und entwickelt sich mit etwas Zuwendung zu einer echten Diva mit Power. Sie reagiert auf den nat\u00fcrlichen Lichtzyklus und beginnt zu bl\u00fchen, wenn die Tage k\u00fcrzer werden.<\/p>\n<p data-start=\"1848\" data-end=\"2045\">Vom Samen bis zur Ernte vergehen etwa 10\u201312 Wochen, abh\u00e4ngig von Bedingungen und Klima. Im Outdoor-Anbau ist eine Aussaat zwischen April und Juni ideal, mit Ernte Ende September bis Anfang Oktober.<\/p>\n<p data-start=\"2047\" data-end=\"2211\">Trotz ihrer eher luftigen Struktur liefert sie bis zu 500 g\/m\u00b2 indoor und bis zu 250 g pro Pflanze outdoor \u2013 Qualit\u00e4t vor Quantit\u00e4t, mit maximalem Geschmacksfaktor.<\/p>\n<hr data-start=\"2213\" data-end=\"2216\" \/>\n<h3 data-section-id=\"1yvrc33\" data-start=\"2218\" data-end=\"2240\">03 | Optik &amp; Gr\u00f6\u00dfe<\/h3>\n<p data-start=\"2242\" data-end=\"2506\">Tropicana w\u00e4chst elegant und schlank \u2013 ideal f\u00fcr warme, sonnige Standorte. Ihre Buds sind mittelgro\u00df, locker aufgebaut und stark harzbesetzt, mit leuchtend orangefarbenen und violetten Nuancen, die gegen Ende der Bl\u00fctezeit wirken, als w\u00e4ren sie in Zucker getaucht.<\/p>\n<p data-start=\"2508\" data-end=\"2672\" data-is-last-node=\"\" data-is-only-node=\"\">Die Bl\u00e4tter sind schmal, typisch Sativa, und sattgr\u00fcn. Ihre H\u00f6he liegt zwischen 80\u2013140 cm, mit einer offenen, luftigen Struktur \u2013 sie tanzt lieber, statt zu pumpen.<\/p>","protected":false},"excerpt":{"rendered":"<h3 id=\"tw-target-text\" class=\"tw-data-text tw-text-large tw-ta\" tabindex=\"-1\" role=\"text\" data-placeholder=\"Translation\" aria-label=\"Translated text: Menge\" data-ved=\"2ahUKEwjL_sW81v6TAxUvd0EAHYCrOjgQ3ewLegQICxAV\"><span class=\"Y2IQFc\" lang=\"de\">Menge: <\/span>12 Samen<\/h3>","protected":false},"featured_media":4332,"comment_status":"open","ping_status":"closed","template":"","meta":[],"product_brand":[],"product_cat":[36],"product_tag":[],"class_list":{"0":"post-4328","1":"product","2":"type-product","3":"status-publish","4":"has-post-thumbnail","6":"product_cat-grass-samen","8":"first","9":"instock","10":"shipping-taxable","11":"purchasable","12":"product-type-simple"},"_links":{"self":[{"href":"https:\/\/premiumthcshop.de\/en\/wp-json\/wp\/v2\/product\/4328","targetHints":{"allow":["GET"]}}],"collection":[{"href":"https:\/\/premiumthcshop.de\/en\/wp-json\/wp\/v2\/product"}],"about":[{"href":"https:\/\/premiumthcshop.de\/en\/wp-json\/wp\/v2\/types\/product"}],"replies":[{"embeddable":true,"href":"https:\/\/premiumthcshop.de\/en\/wp-json\/wp\/v2\/comments?post=4328"}],"wp:featuredmedia":[{"embeddable":true,"href":"https:\/\/premiumthcshop.de\/en\/wp-json\/wp\/v2\/media\/4332"}],"wp:attachment":[{"href":"https:\/\/premiumthcshop.de\/en\/wp-json\/wp\/v2\/media?parent=4328"}],"wp:term":[{"taxonomy":"product_brand","embeddable":true,"href":"https:\/\/premiumthcshop.de\/en\/wp-json\/wp\/v2\/product_brand?post=4328"},{"taxonomy":"product_cat","embeddable":true,"href":"https:\/\/premiumthcshop.de\/en\/wp-json\/wp\/v2\/product_cat?post=4328"},{"taxonomy":"product_tag","embeddable":true,"href":"https:\/\/premiumthcshop.de\/en\/wp-json\/wp\/v2\/product_tag?post=4328"}],"curies":[{"name":"wp","href":"https:\/\/api.w.org\/{rel}","templated":true}]}}