{"id":4329,"date":"2026-04-21T07:30:14","date_gmt":"2026-04-21T07:30:14","guid":{"rendered":"https:\/\/premiumthcshop.de\/?post_type=product&#038;p=4329"},"modified":"2026-04-21T10:08:49","modified_gmt":"2026-04-21T10:08:49","slug":"apple-fritter-feminisiert","status":"publish","type":"product","link":"https:\/\/premiumthcshop.de\/en\/product\/apple-fritter-feminisiert\/","title":{"rendered":"Apple Fritter Feminisiert"},"content":{"rendered":"<div class=\"flex flex-col text-sm pb-25\">\n<section class=\"text-token-text-primary w-full focus:outline-none [--shadow-height:45px] has-data-writing-block:pointer-events-none has-data-writing-block:-mt-(--shadow-height) has-data-writing-block:pt-(--shadow-height) [&amp;:has([data-writing-block])&gt;*]:pointer-events-auto scroll-mt-[calc(var(--header-height)+min(200px,max(70px,20svh)))]\" dir=\"auto\" data-turn-id=\"request-WEB:880454e3-9570-4f8f-8985-3c562548a99d-29\" data-testid=\"conversation-turn-2\" data-scroll-anchor=\"true\" data-turn=\"assistant\">\n<div class=\"text-base my-auto mx-auto pb-10 [--thread-content-margin:var(--thread-content-margin-xs,calc(var(--spacing)*4))] @w-sm\/main:[--thread-content-margin:var(--thread-content-margin-sm,calc(var(--spacing)*6))] @w-lg\/main:[--thread-content-margin:var(--thread-content-margin-lg,calc(var(--spacing)*16))] px-(--thread-content-margin)\">\n<div class=\"[--thread-content-max-width:40rem] @w-lg\/main:[--thread-content-max-width:48rem] mx-auto max-w-(--thread-content-max-width) flex-1 group\/turn-messages focus-visible:outline-hidden relative flex w-full min-w-0 flex-col agent-turn\">\n<div class=\"flex max-w-full flex-col gap-4 grow\">\n<div class=\"min-h-8 text-message relative flex w-full flex-col items-end gap-2 text-start break-words whitespace-normal outline-none keyboard-focused:focus-ring [.text-message+&amp;]:mt-1\" dir=\"auto\" tabindex=\"0\" data-message-author-role=\"assistant\" data-message-id=\"c0eb6b85-2237-4ff8-82b5-10efc2148fb8\" data-message-model-slug=\"gpt-5-3-mini\" data-turn-start-message=\"true\">\n<div class=\"flex w-full flex-col gap-1 empty:hidden\">\n<div class=\"markdown prose dark:prose-invert w-full wrap-break-word dark markdown-new-styling\">\n<h2 data-section-id=\"2738gs\" data-start=\"43\" data-end=\"58\">Produktdaten<\/h2>\n<div class=\"TyagGW_tableContainer\">\n<div class=\"group TyagGW_tableWrapper flex flex-col-reverse w-fit\" tabindex=\"-1\">\n<table class=\"w-fit min-w-(--thread-content-width)\" data-start=\"60\" data-end=\"327\">\n<thead data-start=\"60\" data-end=\"90\">\n<tr data-start=\"60\" data-end=\"90\">\n<th class=\"\" data-start=\"60\" data-end=\"74\" data-col-size=\"sm\">Eigenschaft<\/th>\n<th class=\"\" data-start=\"74\" data-end=\"90\" data-col-size=\"md\">Beschreibung<\/th>\n<\/tr>\n<\/thead>\n<tbody data-start=\"120\" data-end=\"327\">\n<tr data-start=\"120\" data-end=\"165\">\n<td data-start=\"120\" data-end=\"133\" data-col-size=\"sm\">Saatguttyp<\/td>\n<td data-col-size=\"md\" data-start=\"133\" data-end=\"165\">Vollsaison (photoperiodisch)<\/td>\n<\/tr>\n<tr data-start=\"166\" data-end=\"213\">\n<td data-start=\"166\" data-end=\"184\" data-col-size=\"sm\">Sativa \/ Indica<\/td>\n<td data-col-size=\"md\" data-start=\"184\" data-end=\"213\">50 % Sativa \/ 50 % Indica<\/td>\n<\/tr>\n<tr data-start=\"214\" data-end=\"238\">\n<td data-start=\"214\" data-end=\"227\" data-col-size=\"sm\">THC-Gehalt<\/td>\n<td data-col-size=\"md\" data-start=\"227\" data-end=\"238\">20\u201325 %<\/td>\n<\/tr>\n<tr data-start=\"239\" data-end=\"259\">\n<td data-start=\"239\" data-end=\"246\" data-col-size=\"sm\">H\u00f6he<\/td>\n<td data-start=\"246\" data-end=\"259\" data-col-size=\"md\">60\u2013110 cm<\/td>\n<\/tr>\n<tr data-start=\"260\" data-end=\"327\">\n<td data-start=\"260\" data-end=\"268\" data-col-size=\"sm\">Anbau<\/td>\n<td data-col-size=\"md\" data-start=\"268\" data-end=\"327\">Aussaat (Outdoor): April\u2013Juni \/ Bl\u00fctezeit: 10\u201312 Wochen<\/td>\n<\/tr>\n<\/tbody>\n<\/table>\n<\/div>\n<\/div>\n<hr data-start=\"329\" data-end=\"332\" \/>\n<h2 data-section-id=\"1ur58se\" data-start=\"334\" data-end=\"362\">Apple Fritter Feminisiert<\/h2>\n<p data-start=\"364\" data-end=\"626\">Es war einmal ein Apfel, so verf\u00fchrerisch, dass selbst Schneewittchen freiwillig zwei Bisse genommen h\u00e4tte. Und zwar ohne Z\u00f6gern. Unsere <strong data-start=\"501\" data-end=\"518\">Apple Fritter<\/strong> ist jedoch weit mehr als eine einfache Frucht \u2013 sie ist eine verdammt k\u00f6stliche Versuchung mit echtem Kick.<\/p>\n<p data-start=\"628\" data-end=\"977\">Entstanden aus der k\u00f6niglichen Verbindung von <strong data-start=\"674\" data-end=\"688\">Super Sour<\/strong> und <strong data-start=\"693\" data-end=\"711\">Animal Cookies<\/strong>, vereint sie das Beste aus beiden Welten: ein himmlisches Aroma und eine Wirkung, die dich durch Raum und Zeit katapultiert. Wer sie einmal probiert, landet nicht im Tiefschlaf \u2013 sondern auf Wolke sieben, mit einem breiten Grinsen im Gesicht. Happy End? Garantiert.<\/p>\n<hr data-start=\"979\" data-end=\"982\" \/>\n<h2 data-section-id=\"k1v11l\" data-start=\"984\" data-end=\"1005\">01 Wirkung &amp; Aroma<\/h2>\n<p data-start=\"1007\" data-end=\"1217\">Apple Fritter liefert einen ausgewogenen Hybrid-High-Effekt \u2013 kreativ, entspannend und mit genau der richtigen Portion Euphorie. Perfekt, um den Geist schweifen zu lassen, w\u00e4hrend der Kopf in den Sternen tanzt.<\/p>\n<p data-start=\"1219\" data-end=\"1586\">Die Wirkung beginnt mit einem leichten zerebralen Buzz und geht sanft in ein angenehmes K\u00f6rpergef\u00fchl \u00fcber. Aromatisch trifft ein s\u00fc\u00dfer, fast kuchenartiger Apfelduft auf w\u00fcrzige Keksnoten mit einem Hauch von Zimt und Vanille. Beim Rauchen entfaltet sich ein weiches, fruchtiges Bouquet mit cremiger Tiefe \u2013 wie frisch gebackener Apfel-Zimt-Strudel direkt aus dem Ofen.<\/p>\n<hr data-start=\"1588\" data-end=\"1591\" \/>\n<h2 data-section-id=\"j16pcg\" data-start=\"1593\" data-end=\"1612\">02 Anbau &amp; Ernte<\/h2>\n<p data-start=\"1614\" data-end=\"1851\">Apple Fritter ist unkompliziert im Anbau und f\u00fchlt sich sowohl indoor als auch outdoor wohl. Die feminisierte, photoperiodische Vollsaison-Sorte beginnt zu bl\u00fchen, sobald sich die Lichtverh\u00e4ltnisse \u00e4ndern \u2013 eine klassische, echte \u201eLady\u201c.<\/p>\n<p data-start=\"1853\" data-end=\"2006\">Die Bl\u00fctezeit betr\u00e4gt etwa <strong data-start=\"1880\" data-end=\"1896\">10\u201312 Wochen<\/strong>, abh\u00e4ngig von den Bedingungen. Sie ist robust, widerstandsf\u00e4hig und liebt ein wenig Sonne auf ihren Bl\u00e4ttern.<\/p>\n<p data-start=\"2008\" data-end=\"2137\">F\u00fcr den Outdoor-Anbau wird eine Aussaat zwischen <strong data-start=\"2057\" data-end=\"2075\">April und Juni<\/strong> empfohlen, mit einer Ernte Ende September bis Anfang Oktober.<\/p>\n<p data-start=\"2139\" data-end=\"2282\">Trotz ihrer kompakten bis mittleren H\u00f6he von <strong data-start=\"2184\" data-end=\"2197\">60\u2013110 cm<\/strong> (bzw. unter guten Bedingungen bis ca. 90\u2013150 cm) liefert sie beeindruckende Ertr\u00e4ge:<\/p>\n<ul data-start=\"2283\" data-end=\"2350\">\n<li data-section-id=\"17va6vg\" data-start=\"2283\" data-end=\"2311\">Bis zu <strong data-start=\"2292\" data-end=\"2311\">500 g\/m\u00b2 indoor<\/strong><\/li>\n<li data-section-id=\"58tjqr\" data-start=\"2312\" data-end=\"2350\">Bis zu <strong data-start=\"2321\" data-end=\"2350\">260 g pro Pflanze outdoor<\/strong><\/li>\n<\/ul>\n<hr data-start=\"2352\" data-end=\"2355\" \/>\n<h2 data-section-id=\"hmmcuo\" data-start=\"2357\" data-end=\"2376\">03 Optik &amp; Gr\u00f6\u00dfe<\/h2>\n<p data-start=\"2378\" data-end=\"2617\">Apple Fritter ist ein echter Blickfang. Ihre kompakten, mittelgro\u00dfen Buds glitzern wie kandierte \u00c4pfel auf dem Jahrmarkt. Die Farben reichen von sattem Gr\u00fcn bis zu violetten Akzenten, \u00fcberzogen von einer dicken Schicht funkelnder Trichome.<\/p>\n<p data-start=\"2619\" data-end=\"2881\" data-is-last-node=\"\" data-is-only-node=\"\">Die Bl\u00e4tter sind stabil, leicht gewellt und die Pflanze w\u00e4chst buschig sowie ausgewogen. Dank ihrer gut kontrollierbaren H\u00f6he eignet sie sich ideal f\u00fcr diskrete G\u00e4rten oder kleinere Grow-Spaces \u2013 der Wolf muss schlie\u00dflich nicht gleich die ganze Geschichte h\u00f6ren.<\/p>\n<\/div>\n<\/div>\n<\/div>\n<\/div>\n<\/div>\n<\/div>\n<\/section>\n<\/div>\n","protected":false},"excerpt":{"rendered":"<p>Produktdaten Eigenschaft Beschreibung Saatguttyp Vollsaison (photoperiodisch) Sativa \/ Indica 50 % Sativa \/ 50 % Indica THC-Gehalt 20\u201325 % H\u00f6he 60\u2013110 cm Anbau Aussaat (Outdoor): April\u2013Juni \/ Bl\u00fctezeit: 10\u201312 Wochen Apple Fritter Feminisiert Es war einmal ein Apfel, so verf\u00fchrerisch, dass selbst Schneewittchen freiwillig zwei Bisse genommen h\u00e4tte. Und zwar ohne Z\u00f6gern. Unsere Apple Fritter [&hellip;]<\/p>\n","protected":false},"featured_media":4344,"comment_status":"open","ping_status":"closed","template":"","meta":[],"product_brand":[],"product_cat":[36],"product_tag":[],"class_list":{"0":"post-4329","1":"product","2":"type-product","3":"status-publish","4":"has-post-thumbnail","6":"product_cat-grass-samen","8":"first","9":"instock","10":"shipping-taxable","11":"purchasable","12":"product-type-variable"},"_links":{"self":[{"href":"https:\/\/premiumthcshop.de\/en\/wp-json\/wp\/v2\/product\/4329","targetHints":{"allow":["GET"]}}],"collection":[{"href":"https:\/\/premiumthcshop.de\/en\/wp-json\/wp\/v2\/product"}],"about":[{"href":"https:\/\/premiumthcshop.de\/en\/wp-json\/wp\/v2\/types\/product"}],"replies":[{"embeddable":true,"href":"https:\/\/premiumthcshop.de\/en\/wp-json\/wp\/v2\/comments?post=4329"}],"wp:featuredmedia":[{"embeddable":true,"href":"https:\/\/premiumthcshop.de\/en\/wp-json\/wp\/v2\/media\/4344"}],"wp:attachment":[{"href":"https:\/\/premiumthcshop.de\/en\/wp-json\/wp\/v2\/media?parent=4329"}],"wp:term":[{"taxonomy":"product_brand","embeddable":true,"href":"https:\/\/premiumthcshop.de\/en\/wp-json\/wp\/v2\/product_brand?post=4329"},{"taxonomy":"product_cat","embeddable":true,"href":"https:\/\/premiumthcshop.de\/en\/wp-json\/wp\/v2\/product_cat?post=4329"},{"taxonomy":"product_tag","embeddable":true,"href":"https:\/\/premiumthcshop.de\/en\/wp-json\/wp\/v2\/product_tag?post=4329"}],"curies":[{"name":"wp","href":"https:\/\/api.w.org\/{rel}","templated":true}]}}