{"id":4345,"date":"2026-04-21T09:56:25","date_gmt":"2026-04-21T09:56:25","guid":{"rendered":"https:\/\/premiumthcshop.de\/?post_type=product&#038;p=4345"},"modified":"2026-04-21T09:58:41","modified_gmt":"2026-04-21T09:58:41","slug":"purple-haze-feminized","status":"publish","type":"product","link":"https:\/\/premiumthcshop.de\/en\/product\/purple-haze-feminized\/","title":{"rendered":"Purple Haze"},"content":{"rendered":"<h2 data-section-id=\"1o3d1ga\" data-start=\"845\" data-end=\"862\">Beschreibung<\/h2>\n<p data-start=\"864\" data-end=\"1110\">Feminisierte Stecklinge beginnen zu bl\u00fchen, sobald sie weniger als 12 Stunden Licht pro Tag erhalten. Im Outdoor-Anbau erfolgt die Ernte im Herbst, indoor nach etwa 8\u201312 Wochen. Professionelle Z\u00fcchter setzen sie in allen gro\u00dfen Anbausystemen ein.<\/p>\n<hr data-start=\"1112\" data-end=\"1115\" \/>\n<h2 data-section-id=\"1j741yw\" data-start=\"1117\" data-end=\"1148\">Umpflanzen (Transplantation)<\/h2>\n<p data-start=\"1150\" data-end=\"1361\">Setze den bewurzelten Steckling mittig in den Becher und f\u00fclle den restlichen Raum mit Erde oder einem erdlosen Substrat auf. Dr\u00fccke das Medium leicht an und bedecke den Starterw\u00fcrfel leicht \u00fcber der Oberfl\u00e4che.<\/p>\n<div class=\"TyagGW_tableContainer\">\n<div class=\"group TyagGW_tableWrapper flex flex-col-reverse w-fit\" tabindex=\"-1\">\n<table class=\"w-fit min-w-(--thread-content-width)\" data-start=\"1363\" data-end=\"1618\">\n<thead data-start=\"1363\" data-end=\"1388\">\n<tr data-start=\"1363\" data-end=\"1388\">\n<th class=\"\" data-start=\"1363\" data-end=\"1370\" data-col-size=\"sm\">Ziel<\/th>\n<th class=\"\" data-start=\"1370\" data-end=\"1388\" data-col-size=\"md\">Vorgehensweise<\/th>\n<\/tr>\n<\/thead>\n<tbody data-start=\"1414\" data-end=\"1618\">\n<tr data-start=\"1414\" data-end=\"1463\">\n<td data-start=\"1414\" data-end=\"1435\" data-col-size=\"sm\">Schutz der Wurzeln<\/td>\n<td data-start=\"1435\" data-end=\"1463\" data-col-size=\"md\">Erde nur sanft andr\u00fccken<\/td>\n<\/tr>\n<tr data-start=\"1464\" data-end=\"1550\">\n<td data-start=\"1464\" data-end=\"1477\" data-col-size=\"sm\">Stabilit\u00e4t<\/td>\n<td data-start=\"1477\" data-end=\"1550\" data-col-size=\"md\">Substrat ausreichend fest verdichten, damit der Steckling nicht kippt<\/td>\n<\/tr>\n<tr data-start=\"1551\" data-end=\"1618\">\n<td data-start=\"1551\" data-end=\"1570\" data-col-size=\"sm\">Stressvermeidung<\/td>\n<td data-col-size=\"md\" data-start=\"1570\" data-end=\"1618\">Wurzeln nicht besch\u00e4digen oder stark bewegen<\/td>\n<\/tr>\n<\/tbody>\n<\/table>\n<\/div>\n<\/div>\n<hr data-start=\"1620\" data-end=\"1623\" \/>\n<h2 data-section-id=\"1xatej0\" data-start=\"1625\" data-end=\"1641\">Mix &amp; Match<\/h2>\n<p data-start=\"1642\" data-end=\"1852\">F\u00fcr Bestellungen mit Lieferung stehen mehrere gewerbliche Fahrzeuge zur Verf\u00fcgung, um gro\u00dfe Mengen sicher und diskret direkt an Ihre G\u00e4rtnerei zu liefern. Kontaktieren Sie uns, um eine Lieferung zu vereinbaren!<\/p>\n<hr data-start=\"1854\" data-end=\"1857\" \/>\n<h2 data-section-id=\"i3wvto\" data-start=\"1859\" data-end=\"1877\">Saatgut-Auswahl<\/h2>\n<div class=\"TyagGW_tableContainer\">\n<div class=\"group TyagGW_tableWrapper flex flex-col-reverse w-fit\" tabindex=\"-1\">\n<table class=\"w-fit min-w-(--thread-content-width)\" data-start=\"1879\" data-end=\"2228\">\n<thead data-start=\"1879\" data-end=\"1920\">\n<tr data-start=\"1879\" data-end=\"1920\">\n<th class=\"\" data-start=\"1879\" data-end=\"1892\" data-col-size=\"sm\">Saatguttyp<\/th>\n<th class=\"\" data-start=\"1892\" data-end=\"1907\" data-col-size=\"md\">Beschreibung<\/th>\n<th class=\"\" data-start=\"1907\" data-end=\"1920\" data-col-size=\"sm\">Erntezeit<\/th>\n<\/tr>\n<\/thead>\n<tbody data-start=\"1962\" data-end=\"2228\">\n<tr data-start=\"1962\" data-end=\"2103\">\n<td data-start=\"1962\" data-end=\"1976\" data-col-size=\"sm\">Feminisiert<\/td>\n<td data-col-size=\"md\" data-start=\"1976\" data-end=\"2061\">Bl\u00fcht bei weniger als 12 Stunden Licht pro Tag. Geeignet f\u00fcr professionelle Zucht.<\/td>\n<td data-col-size=\"sm\" data-start=\"2061\" data-end=\"2103\">Outdoor: Herbst \/ Indoor: 15\u201320 Wochen<\/td>\n<\/tr>\n<tr data-start=\"2104\" data-end=\"2228\">\n<td data-start=\"2104\" data-end=\"2117\" data-col-size=\"sm\">Autoflower<\/td>\n<td data-start=\"2117\" data-end=\"2212\" data-col-size=\"md\">Kleine, pflegeleichte Pflanzen mit automatischer Bl\u00fcte. Ideal f\u00fcr Anf\u00e4nger und kleine R\u00e4ume.<\/td>\n<td data-col-size=\"sm\" data-start=\"2212\" data-end=\"2228\">10\u201314 Wochen<\/td>\n<\/tr>\n<\/tbody>\n<\/table>\n<\/div>\n<\/div>\n<hr data-start=\"2230\" data-end=\"2233\" \/>\n<h2 data-section-id=\"s0i2np\" data-start=\"2235\" data-end=\"2259\">Keimung (Germination)<\/h2>\n<p data-start=\"2261\" data-end=\"2522\">Die Keimung ist garantiert, wenn die Samen bis zu 72 Stunden in dunklem Wasser eingeweicht werden. Sobald sich eine kleine Wurzel zeigt, wird der Samen in lockere Erde mit leichter D\u00fcngung gesetzt. Feucht und leicht beleuchtet halten, bis ein S\u00e4mling erscheint.<\/p>\n<hr data-start=\"2524\" data-end=\"2527\" \/>\n<h2 data-section-id=\"1xg1zzn\" data-start=\"2529\" data-end=\"2550\">Sicher einkaufen<\/h2>\n<p data-start=\"2551\" data-end=\"2883\" data-is-last-node=\"\" data-is-only-node=\"\">Erleben Sie einen sicheren und diskreten Kauf hochwertiger Cannabissamen. Unser konsequentes Engagement f\u00fcr diskreten Versand gew\u00e4hrleistet Ihre Privatsph\u00e4re und Sicherheit. Jede Bestellung wird sorgf\u00e4ltig und vertraulich behandelt, um h\u00f6chste Diskretionsstandards zu erf\u00fcllen und Ihnen ein reibungsloses Einkaufserlebnis zu bieten.<\/p>","protected":false},"excerpt":{"rendered":"<p data-start=\"59\" data-end=\"254\">Purple Haze Feminisiert ist eine sativa-dominante Sorte, inspiriert von der legend\u00e4ren Purple-Haze-Genetik. Der THC-Gehalt liegt typischerweise zwischen 18 und 23 %, bei sehr geringem CBD-Anteil.<\/p>\n<p data-start=\"256\" data-end=\"396\">Die Bl\u00fctezeit betr\u00e4gt indoor durchschnittlich 9 bis 10 Wochen. Die Buds entwickeln violette Farbt\u00f6ne und sind reich mit Trichomen \u00fcberzogen.<\/p>\n<p data-start=\"398\" data-end=\"621\">Die Wirkung ist euphorisch, zerebral und mental stimulierend \u2013 ideal zur Stimmungsaufhellung und F\u00f6rderung kreativer Konzentration. H\u00e4ufig wird sie zur Unterst\u00fctzung bei Stress, Energiemangel und leichten Schmerzen genutzt.<\/p>\n<p data-start=\"623\" data-end=\"838\">Das Aroma bietet eine s\u00fc\u00dfe Beerennote mit subtil w\u00fcrzigen, erdigen Nuancen. Der Duft ist fruchtbetont mit floralen Untert\u00f6nen und einer leichten Haze-Intensit\u00e4t \u2013 perfekt f\u00fcr Terpenliebhaber und Sativa-Enthusiasten.<\/p>","protected":false},"featured_media":4352,"comment_status":"open","ping_status":"closed","template":"","meta":[],"product_brand":[],"product_cat":[36],"product_tag":[],"class_list":{"0":"post-4345","1":"product","2":"type-product","3":"status-publish","4":"has-post-thumbnail","6":"product_cat-grass-samen","8":"first","9":"instock","10":"shipping-taxable","11":"purchasable","12":"product-type-variable"},"_links":{"self":[{"href":"https:\/\/premiumthcshop.de\/en\/wp-json\/wp\/v2\/product\/4345","targetHints":{"allow":["GET"]}}],"collection":[{"href":"https:\/\/premiumthcshop.de\/en\/wp-json\/wp\/v2\/product"}],"about":[{"href":"https:\/\/premiumthcshop.de\/en\/wp-json\/wp\/v2\/types\/product"}],"replies":[{"embeddable":true,"href":"https:\/\/premiumthcshop.de\/en\/wp-json\/wp\/v2\/comments?post=4345"}],"wp:featuredmedia":[{"embeddable":true,"href":"https:\/\/premiumthcshop.de\/en\/wp-json\/wp\/v2\/media\/4352"}],"wp:attachment":[{"href":"https:\/\/premiumthcshop.de\/en\/wp-json\/wp\/v2\/media?parent=4345"}],"wp:term":[{"taxonomy":"product_brand","embeddable":true,"href":"https:\/\/premiumthcshop.de\/en\/wp-json\/wp\/v2\/product_brand?post=4345"},{"taxonomy":"product_cat","embeddable":true,"href":"https:\/\/premiumthcshop.de\/en\/wp-json\/wp\/v2\/product_cat?post=4345"},{"taxonomy":"product_tag","embeddable":true,"href":"https:\/\/premiumthcshop.de\/en\/wp-json\/wp\/v2\/product_tag?post=4345"}],"curies":[{"name":"wp","href":"https:\/\/api.w.org\/{rel}","templated":true}]}}