{"id":4346,"date":"2026-04-21T10:06:18","date_gmt":"2026-04-21T10:06:18","guid":{"rendered":"https:\/\/premiumthcshop.de\/?post_type=product&#038;p=4346"},"modified":"2026-04-21T10:06:18","modified_gmt":"2026-04-21T10:06:18","slug":"grand-daddy-purple","status":"publish","type":"product","link":"https:\/\/premiumthcshop.de\/en\/product\/grand-daddy-purple\/","title":{"rendered":"Grand daddy purple"},"content":{"rendered":"<div class=\"flex flex-col text-sm pb-25\">\n<section class=\"text-token-text-primary w-full focus:outline-none [--shadow-height:45px] has-data-writing-block:pointer-events-none has-data-writing-block:-mt-(--shadow-height) has-data-writing-block:pt-(--shadow-height) [&amp;:has([data-writing-block])&gt;*]:pointer-events-auto scroll-mt-[calc(var(--header-height)+min(200px,max(70px,20svh)))]\" dir=\"auto\" data-turn-id=\"request-WEB:880454e3-9570-4f8f-8985-3c562548a99d-33\" data-testid=\"conversation-turn-2\" data-scroll-anchor=\"true\" data-turn=\"assistant\">\n<div class=\"text-base my-auto mx-auto pb-10 [--thread-content-margin:var(--thread-content-margin-xs,calc(var(--spacing)*4))] @w-sm\/main:[--thread-content-margin:var(--thread-content-margin-sm,calc(var(--spacing)*6))] @w-lg\/main:[--thread-content-margin:var(--thread-content-margin-lg,calc(var(--spacing)*16))] px-(--thread-content-margin)\">\n<div class=\"[--thread-content-max-width:40rem] @w-lg\/main:[--thread-content-max-width:48rem] mx-auto max-w-(--thread-content-max-width) flex-1 group\/turn-messages focus-visible:outline-hidden relative flex w-full min-w-0 flex-col agent-turn\">\n<div class=\"flex max-w-full flex-col gap-4 grow\">\n<div class=\"min-h-8 text-message relative flex w-full flex-col items-end gap-2 text-start break-words whitespace-normal outline-none keyboard-focused:focus-ring [.text-message+&amp;]:mt-1\" dir=\"auto\" tabindex=\"0\" data-message-author-role=\"assistant\" data-message-id=\"dccb4817-12ba-4d5f-b3c3-9a8eb1b22d83\" data-message-model-slug=\"gpt-5-3-mini\" data-turn-start-message=\"true\">\n<div class=\"flex w-full flex-col gap-1 empty:hidden\">\n<div class=\"markdown prose dark:prose-invert w-full wrap-break-word dark markdown-new-styling\">\n<h2 data-section-id=\"1ll6gre\" data-start=\"699\" data-end=\"718\"><span role=\"text\"><strong data-start=\"702\" data-end=\"718\">Sortenprofil<\/strong><\/span><\/h2>\n<div class=\"TyagGW_tableContainer\">\n<div class=\"group TyagGW_tableWrapper flex flex-col-reverse w-fit\" tabindex=\"-1\">\n<table class=\"w-fit min-w-(--thread-content-width)\" data-start=\"720\" data-end=\"1016\">\n<thead data-start=\"720\" data-end=\"745\">\n<tr data-start=\"720\" data-end=\"745\">\n<th class=\"\" data-start=\"720\" data-end=\"734\" data-col-size=\"sm\">Eigenschaft<\/th>\n<th class=\"\" data-start=\"734\" data-end=\"745\" data-col-size=\"sm\">Details<\/th>\n<\/tr>\n<\/thead>\n<tbody data-start=\"770\" data-end=\"1016\">\n<tr data-start=\"770\" data-end=\"806\">\n<td data-start=\"770\" data-end=\"780\" data-col-size=\"sm\">Genetik<\/td>\n<td data-col-size=\"sm\" data-start=\"780\" data-end=\"806\">Purple Urkle \u00d7 Big Bud<\/td>\n<\/tr>\n<tr data-start=\"807\" data-end=\"832\">\n<td data-start=\"807\" data-end=\"813\" data-col-size=\"sm\">Typ<\/td>\n<td data-col-size=\"sm\" data-start=\"813\" data-end=\"832\">Indica-dominant<\/td>\n<\/tr>\n<tr data-start=\"833\" data-end=\"850\">\n<td data-start=\"833\" data-end=\"839\" data-col-size=\"sm\">THC<\/td>\n<td data-col-size=\"sm\" data-start=\"839\" data-end=\"850\">18\u201324 %<\/td>\n<\/tr>\n<tr data-start=\"851\" data-end=\"872\">\n<td data-start=\"851\" data-end=\"857\" data-col-size=\"sm\">CBD<\/td>\n<td data-start=\"857\" data-end=\"872\" data-col-size=\"sm\">Sehr gering<\/td>\n<\/tr>\n<tr data-start=\"873\" data-end=\"899\">\n<td data-start=\"873\" data-end=\"885\" data-col-size=\"sm\">Bl\u00fctezeit<\/td>\n<td data-start=\"885\" data-end=\"899\" data-col-size=\"sm\">8\u20139 Wochen<\/td>\n<\/tr>\n<tr data-start=\"900\" data-end=\"928\">\n<td data-start=\"900\" data-end=\"908\" data-col-size=\"sm\">Farbe<\/td>\n<td data-start=\"908\" data-end=\"928\" data-col-size=\"sm\">Violett \/ Purpur<\/td>\n<\/tr>\n<tr data-start=\"929\" data-end=\"978\">\n<td data-start=\"929\" data-end=\"939\" data-col-size=\"sm\">Wirkung<\/td>\n<td data-col-size=\"sm\" data-start=\"939\" data-end=\"978\">Entspannend, beruhigend, k\u00f6rperlich<\/td>\n<\/tr>\n<tr data-start=\"979\" data-end=\"1016\">\n<td data-start=\"979\" data-end=\"987\" data-col-size=\"sm\">Aroma<\/td>\n<td data-start=\"987\" data-end=\"1016\" data-col-size=\"sm\">Traube, Beere, erdig, s\u00fc\u00df<\/td>\n<\/tr>\n<\/tbody>\n<\/table>\n<\/div>\n<\/div>\n<hr data-start=\"1018\" data-end=\"1021\" \/>\n<h2 data-section-id=\"c4ywwq\" data-start=\"1023\" data-end=\"1042\"><span role=\"text\"><strong data-start=\"1026\" data-end=\"1042\">Beschreibung<\/strong><\/span><\/h2>\n<h3 data-section-id=\"18lu4yn\" data-start=\"1044\" data-end=\"1079\"><span role=\"text\"><strong data-start=\"1048\" data-end=\"1079\">Auswahl von Cannabis-Klonen<\/strong><\/span><\/h3>\n<p data-start=\"1080\" data-end=\"1330\">Feminiserte Klone beginnen zu bl\u00fchen, sobald sie weniger als 12 Stunden Licht pro Tag erhalten. Im Freien erfolgt die Ernte im Herbst, indoor nach etwa 8\u201312 Wochen Bl\u00fctezeit. Professionelle Z\u00fcchter setzen diese Methode in gro\u00df angelegten Anlagen ein.<\/p>\n<hr data-start=\"1332\" data-end=\"1335\" \/>\n<h3 data-section-id=\"18ry17f\" data-start=\"1337\" data-end=\"1373\"><span role=\"text\"><strong data-start=\"1341\" data-end=\"1373\">Umpflanzen (Transplantation)<\/strong><\/span><\/h3>\n<p data-start=\"1374\" data-end=\"1563\">Setze den bewurzelten Klon mittig in den Beh\u00e4lter und f\u00fclle den restlichen Raum mit Erde oder einem erdlosen Substrat auf. Das Medium sollte leicht \u00fcber den Rand des Starter-Blocks reichen.<\/p>\n<p data-start=\"1565\" data-end=\"1739\">Die Erde sollte vorsichtig angedr\u00fcckt werden, um die empfindlichen Wurzeln nicht zu besch\u00e4digen, aber dennoch fest genug sein, damit die Pflanze stabil steht und nicht kippt.<\/p>\n<hr data-start=\"1741\" data-end=\"1744\" \/>\n<h3 data-section-id=\"us83m7\" data-start=\"1746\" data-end=\"1765\"><span role=\"text\"><strong data-start=\"1750\" data-end=\"1765\">Mix &amp; Match<\/strong><\/span><\/h3>\n<p data-start=\"1766\" data-end=\"1967\">F\u00fcr Lieferungen stehen mehrere kommerzielle Fahrzeuge zur Verf\u00fcgung, um gr\u00f6\u00dfere Bestellungen sicher und diskret direkt an Ihre Anbaust\u00e4tte zu liefern. Kontaktieren Sie uns, um eine Lieferung zu planen.<\/p>\n<hr data-start=\"1969\" data-end=\"1972\" \/>\n<h3 data-section-id=\"1krgogg\" data-start=\"1974\" data-end=\"1999\"><span role=\"text\"><strong data-start=\"1978\" data-end=\"1999\">Auswahl von Samen<\/strong><\/span><\/h3>\n<p data-start=\"2001\" data-end=\"2247\"><strong data-start=\"2001\" data-end=\"2023\">Feminisierte Samen<\/strong><br \/>\nFeminisierte Samen beginnen zu bl\u00fchen, wenn sie weniger als 12 Stunden Licht pro Tag erhalten. Die Ernte erfolgt im Freien im Herbst oder indoor nach 15\u201320 Wochen. Sie werden von professionellen Z\u00fcchtern weltweit verwendet.<\/p>\n<p data-start=\"2249\" data-end=\"2446\"><strong data-start=\"2249\" data-end=\"2269\">Autoflower-Samen<\/strong><br \/>\nAutoflower-Samen entwickeln kleine, pflegeleichte Pflanzen, die bereits nach 10\u201314 Wochen erntereif sind. Ideal f\u00fcr Anf\u00e4nger, kleine Anbaufl\u00e4chen und mehrere Ernten pro Saison.<\/p>\n<hr data-start=\"2448\" data-end=\"2451\" \/>\n<h3 data-section-id=\"rarsy8\" data-start=\"2453\" data-end=\"2468\"><span role=\"text\"><strong data-start=\"2457\" data-end=\"2468\">Keimung<\/strong><\/span><\/h3>\n<p data-start=\"2469\" data-end=\"2731\">Die Keimung ist garantiert, wenn die Samen bis zu 72 Stunden in dunklem Wasser eingeweicht werden. Sobald sich eine Wurzel bildet, wird der Samen in lockere Erde mit leichter D\u00fcngung gesetzt. Halten Sie das Substrat feucht und warm \u2013 bald erscheint ein Keimling.<\/p>\n<hr data-start=\"2733\" data-end=\"2736\" \/>\n<h3 data-section-id=\"1thorio\" data-start=\"2738\" data-end=\"2762\"><span role=\"text\"><strong data-start=\"2742\" data-end=\"2762\">Sicher einkaufen<\/strong><\/span><\/h3>\n<p data-start=\"2763\" data-end=\"3062\" data-is-last-node=\"\" data-is-only-node=\"\">Erleben Sie einen sicheren und diskreten Einkauf von Premium-Cannabissamen. Unser Engagement f\u00fcr diskreten Versand gew\u00e4hrleistet Ihre Privatsph\u00e4re und Sicherheit. Jede Bestellung wird mit h\u00f6chster Sorgfalt behandelt, um Ihre Daten zu sch\u00fctzen und ein reibungsloses Einkaufserlebnis zu gew\u00e4hrleisten.<\/p>\n<\/div>\n<\/div>\n<\/div>\n<\/div>\n<div class=\"z-0 flex min-h-[46px] justify-start\"><\/div>\n<div class=\"mt-3 w-full empty:hidden\">\n<div class=\"text-center\"><\/div>\n<\/div>\n<\/div>\n<\/div>\n<\/section>\n<\/div>\n<div class=\"pointer-events-none h-px w-px absolute bottom-0\" aria-hidden=\"true\" data-edge=\"true\"><\/div>\n","protected":false},"excerpt":{"rendered":"<p data-start=\"72\" data-end=\"288\">Granddaddy Purple feminisiert ist eine klassische, indica-dominante Sorte, entstanden aus der Kreuzung von Purple Urkle und Big Bud. Der THC-Gehalt liegt typischerweise zwischen 18\u201324 %, bei sehr geringem CBD-Anteil.<\/p>\n<p data-start=\"290\" data-end=\"408\">Die Bl\u00fctezeit betr\u00e4gt etwa 8\u20139 Wochen. Die Pflanze produziert dichte, violett gef\u00e4rbte Bl\u00fcten mit starker Harzbildung.<\/p>\n<p data-start=\"410\" data-end=\"534\">Die Wirkung ist tief entspannend, beruhigend und k\u00f6rperlich wohltuend \u2013 ideal f\u00fcr den Abendgebrauch und zur Stressreduktion.<\/p>\n<p data-start=\"536\" data-end=\"692\">Das Aroma kombiniert s\u00fc\u00dfe Trauben-, Beeren- und erdige Gew\u00fcrznoten. Granddaddy Purple z\u00e4hlt zu den bekanntesten Indica-Genetiken der modernen Cannabiszucht.<\/p>","protected":false},"featured_media":4350,"comment_status":"open","ping_status":"closed","template":"","meta":[],"product_brand":[],"product_cat":[36],"product_tag":[],"class_list":{"0":"post-4346","1":"product","2":"type-product","3":"status-publish","4":"has-post-thumbnail","6":"product_cat-grass-samen","8":"first","9":"instock","10":"shipping-taxable","11":"purchasable","12":"product-type-variable"},"_links":{"self":[{"href":"https:\/\/premiumthcshop.de\/en\/wp-json\/wp\/v2\/product\/4346","targetHints":{"allow":["GET"]}}],"collection":[{"href":"https:\/\/premiumthcshop.de\/en\/wp-json\/wp\/v2\/product"}],"about":[{"href":"https:\/\/premiumthcshop.de\/en\/wp-json\/wp\/v2\/types\/product"}],"replies":[{"embeddable":true,"href":"https:\/\/premiumthcshop.de\/en\/wp-json\/wp\/v2\/comments?post=4346"}],"wp:featuredmedia":[{"embeddable":true,"href":"https:\/\/premiumthcshop.de\/en\/wp-json\/wp\/v2\/media\/4350"}],"wp:attachment":[{"href":"https:\/\/premiumthcshop.de\/en\/wp-json\/wp\/v2\/media?parent=4346"}],"wp:term":[{"taxonomy":"product_brand","embeddable":true,"href":"https:\/\/premiumthcshop.de\/en\/wp-json\/wp\/v2\/product_brand?post=4346"},{"taxonomy":"product_cat","embeddable":true,"href":"https:\/\/premiumthcshop.de\/en\/wp-json\/wp\/v2\/product_cat?post=4346"},{"taxonomy":"product_tag","embeddable":true,"href":"https:\/\/premiumthcshop.de\/en\/wp-json\/wp\/v2\/product_tag?post=4346"}],"curies":[{"name":"wp","href":"https:\/\/api.w.org\/{rel}","templated":true}]}}