{"id":4347,"date":"2026-04-21T10:00:52","date_gmt":"2026-04-21T10:00:52","guid":{"rendered":"https:\/\/premiumthcshop.de\/?post_type=product&#038;p=4347"},"modified":"2026-04-21T10:06:30","modified_gmt":"2026-04-21T10:06:30","slug":"fruit-pebbles-cali","status":"publish","type":"product","link":"https:\/\/premiumthcshop.de\/en\/product\/fruit-pebbles-cali\/","title":{"rendered":"Fruit pebbles Cali"},"content":{"rendered":"<h2 data-section-id=\"lvs5eg\" data-start=\"967\" data-end=\"989\"><span role=\"text\"><strong data-start=\"970\" data-end=\"989\">Sorten\u00fcbersicht<\/strong><\/span><\/h2>\n<div class=\"TyagGW_tableContainer\">\n<div class=\"group TyagGW_tableWrapper flex flex-col-reverse w-fit\" tabindex=\"-1\">\n<table class=\"w-fit min-w-(--thread-content-width)\" data-start=\"991\" data-end=\"1411\">\n<thead data-start=\"991\" data-end=\"1017\">\n<tr data-start=\"991\" data-end=\"1017\">\n<th class=\"\" data-start=\"991\" data-end=\"1001\" data-col-size=\"sm\">Merkmal<\/th>\n<th class=\"\" data-start=\"1001\" data-end=\"1017\" data-col-size=\"md\">Beschreibung<\/th>\n<\/tr>\n<\/thead>\n<tbody data-start=\"1045\" data-end=\"1411\">\n<tr data-start=\"1045\" data-end=\"1105\">\n<td data-start=\"1045\" data-end=\"1055\" data-col-size=\"sm\">Genetik<\/td>\n<td data-start=\"1055\" data-end=\"1105\" data-col-size=\"md\">Green Ribbon \u00d7 Granddaddy Purple \u00d7 Tahoe Alien<\/td>\n<\/tr>\n<tr data-start=\"1106\" data-end=\"1140\">\n<td data-start=\"1106\" data-end=\"1112\" data-col-size=\"sm\">Typ<\/td>\n<td data-start=\"1112\" data-end=\"1140\" data-col-size=\"md\">Indica-dominanter Hybrid<\/td>\n<\/tr>\n<tr data-start=\"1141\" data-end=\"1158\">\n<td data-start=\"1141\" data-end=\"1147\" data-col-size=\"sm\">THC<\/td>\n<td data-start=\"1147\" data-end=\"1158\" data-col-size=\"md\">20\u201326 %<\/td>\n<\/tr>\n<tr data-start=\"1159\" data-end=\"1176\">\n<td data-start=\"1159\" data-end=\"1165\" data-col-size=\"sm\">CBD<\/td>\n<td data-start=\"1165\" data-end=\"1176\" data-col-size=\"md\">Niedrig<\/td>\n<\/tr>\n<tr data-start=\"1177\" data-end=\"1203\">\n<td data-start=\"1177\" data-end=\"1189\" data-col-size=\"sm\">Bl\u00fctezeit<\/td>\n<td data-col-size=\"md\" data-start=\"1189\" data-end=\"1203\">8\u20139 Wochen<\/td>\n<\/tr>\n<tr data-start=\"1204\" data-end=\"1257\">\n<td data-start=\"1204\" data-end=\"1214\" data-col-size=\"sm\">Wirkung<\/td>\n<td data-start=\"1214\" data-end=\"1257\" data-col-size=\"md\">Euphorisch, entspannend, stresslindernd<\/td>\n<\/tr>\n<tr data-start=\"1258\" data-end=\"1321\">\n<td data-start=\"1258\" data-end=\"1270\" data-col-size=\"sm\">Geschmack<\/td>\n<td data-start=\"1270\" data-end=\"1321\" data-col-size=\"md\">S\u00fc\u00dfe Fr\u00fcchte, Candy, cremiges Fr\u00fchst\u00fccks-Cereal<\/td>\n<\/tr>\n<tr data-start=\"1322\" data-end=\"1369\">\n<td data-start=\"1322\" data-end=\"1330\" data-col-size=\"sm\">Aroma<\/td>\n<td data-start=\"1330\" data-end=\"1369\" data-col-size=\"md\">Zuckerartig, tropisch, dessertartig<\/td>\n<\/tr>\n<tr data-start=\"1370\" data-end=\"1411\">\n<td data-start=\"1370\" data-end=\"1378\" data-col-size=\"sm\">Optik<\/td>\n<td data-start=\"1378\" data-end=\"1411\" data-col-size=\"md\">Bunte, harzige, dichte Bl\u00fcten<\/td>\n<\/tr>\n<\/tbody>\n<\/table>\n<\/div>\n<\/div>\n<hr data-start=\"1413\" data-end=\"1416\" \/>\n<h2 data-section-id=\"cv061o\" data-start=\"1418\" data-end=\"1452\"><span role=\"text\"><strong data-start=\"1421\" data-end=\"1452\">Auswahl von Cannabis-Klonen<\/strong><\/span><\/h2>\n<p data-start=\"1453\" data-end=\"1703\">Feminisierte Klone beginnen zu bl\u00fchen, sobald sie weniger als 12 Stunden Licht pro Tag erhalten. Im Freien erfolgt die Ernte im Herbst, indoor nach etwa <strong data-start=\"1606\" data-end=\"1631\">8\u201312 Wochen Bl\u00fctezeit<\/strong>. Professionelle Grower nutzen diese in gro\u00df angelegten Anbaustrukturen.<\/p>\n<hr data-start=\"1705\" data-end=\"1708\" \/>\n<h2 data-section-id=\"1ek7cmf\" data-start=\"1710\" data-end=\"1741\"><span role=\"text\"><strong data-start=\"1713\" data-end=\"1741\">Umtopfen (Transplanting)<\/strong><\/span><\/h2>\n<p data-start=\"1742\" data-end=\"1916\">Setze den bewurzelten Klon mittig in den Becher und f\u00fclle den restlichen Raum mit Erde oder einem erdlosen Substrat auf. Der Starterw\u00fcrfel sollte dabei leicht bedeckt werden.<\/p>\n<p data-start=\"1918\" data-end=\"2102\">Die Erde sollte <strong data-start=\"1934\" data-end=\"1969\">locker genug f\u00fcr Wurzelwachstum<\/strong>, aber auch <strong data-start=\"1981\" data-end=\"2010\">fest genug zur Stabilit\u00e4t<\/strong> sein, damit der Klon nicht kippt. Vermeide dabei, die empfindlichen Wurzeln zu besch\u00e4digen.<\/p>\n<hr data-start=\"2104\" data-end=\"2107\" \/>\n<h2 data-section-id=\"q5ed31\" data-start=\"2109\" data-end=\"2128\"><span role=\"text\"><strong data-start=\"2112\" data-end=\"2128\">Mix n\u2019 Match<\/strong><\/span><\/h2>\n<p data-start=\"2129\" data-end=\"2335\">F\u00fcr Lieferungen stehen verschiedene kommerzielle Fahrzeuge bereit, um gr\u00f6\u00dfere Bestellungen sicher und diskret direkt in deine Anbaust\u00e4tte zu liefern. Kontaktiere uns zur Terminvereinbarung deiner Lieferung.<\/p>\n<hr data-start=\"2337\" data-end=\"2340\" \/>\n<h2 data-section-id=\"1fe580j\" data-start=\"2342\" data-end=\"2366\"><span role=\"text\"><strong data-start=\"2345\" data-end=\"2366\">Auswahl von Samen<\/strong><\/span><\/h2>\n<p data-start=\"2367\" data-end=\"2552\"><strong data-start=\"2367\" data-end=\"2389\">Feminisierte Samen<\/strong> wachsen und bl\u00fchen, sobald sie weniger als 12 Stunden Licht t\u00e4glich erhalten. Outdoor erfolgt die Ernte im Herbst, indoor nach etwa <strong data-start=\"2522\" data-end=\"2551\">15\u201320 Wochen Gesamtzyklus<\/strong>.<\/p>\n<p data-start=\"2554\" data-end=\"2709\"><strong data-start=\"2554\" data-end=\"2574\">Autoflower-Samen<\/strong> entwickeln kompakte Pflanzen und sind nach <strong data-start=\"2618\" data-end=\"2634\">10\u201314 Wochen<\/strong> erntereif. Ideal f\u00fcr Anf\u00e4nger, kleine R\u00e4ume und mehrere Ernten pro Saison.<\/p>\n<hr data-start=\"2711\" data-end=\"2714\" \/>\n<h2 data-section-id=\"1u3w8l1\" data-start=\"2716\" data-end=\"2744\"><span role=\"text\"><strong data-start=\"2719\" data-end=\"2744\">Keimung (Germination)<\/strong><\/span><\/h2>\n<p data-start=\"2745\" data-end=\"2996\">Die Keimung ist garantiert, wenn die Samen bis zu <strong data-start=\"2795\" data-end=\"2839\">72 Stunden in dunklem Wasser eingeweicht<\/strong> werden. Sobald sich eine kleine Wurzel (Taproot) zeigt, in lockere Erde mit leichter D\u00fcngung einsetzen. Feucht und warm halten \u2013 bald erscheint der S\u00e4mling.<\/p>\n<hr data-start=\"2998\" data-end=\"3001\" \/>\n<h2 data-section-id=\"xfsgab\" data-start=\"3003\" data-end=\"3026\"><span role=\"text\"><strong data-start=\"3006\" data-end=\"3026\">Sicher einkaufen<\/strong><\/span><\/h2>\n<p data-start=\"3027\" data-end=\"3331\">Erlebe einen sicheren und diskreten Einkauf von Premium-Cannabis-Samen. Unsere konsequente Verpflichtung zu diskretem Versand garantiert Vertraulichkeit und Sicherheit. Jede Bestellung wird sorgf\u00e4ltig und diskret behandelt, um h\u00f6chste Privatsph\u00e4re und ein reibungsloses Einkaufserlebnis zu gew\u00e4hrleisten.<\/p>","protected":false},"excerpt":{"rendered":"<p data-start=\"60\" data-end=\"350\">Fruity Pebbles feminisiert, oft als <strong data-start=\"96\" data-end=\"124\">FPOG (Fruity Pebbles OG)<\/strong> bekannt, ist eine ausgewogene, indica-lastige Hybrid-Sorte, die aus <strong data-start=\"193\" data-end=\"244\">Green Ribbon, Granddaddy Purple und Tahoe Alien<\/strong> gez\u00fcchtet wurde. Der THC-Gehalt liegt typischerweise zwischen <strong data-start=\"307\" data-end=\"318\">20\u201326 %<\/strong>, bei sehr niedrigem CBD-Anteil.<\/p>\n<p data-start=\"352\" data-end=\"525\">Die Bl\u00fctezeit betr\u00e4gt in der Regel <strong data-start=\"387\" data-end=\"401\">8\u20139 Wochen<\/strong>, wobei sich farbenfrohe, stark harzige Bl\u00fcten mit hoher visueller Attraktivit\u00e4t und intensiver Terpenauspr\u00e4gung entwickeln.<\/p>\n<p data-start=\"527\" data-end=\"749\">Die Wirkung beginnt meist euphorisch und aufhellend, gefolgt von einer angenehmen k\u00f6rperlichen Entspannung ohne starke Sedierung. Diese Sorte wird h\u00e4ufig f\u00fcr Stressabbau, Stimmungsbalance und vielseitigen Gebrauch gew\u00e4hlt.<\/p>\n<p data-start=\"751\" data-end=\"960\">Das Aroma ist gepr\u00e4gt von s\u00fc\u00dfen tropischen Fr\u00fcchten, Bonbon- und cremigen Cereal-Noten. Der Duft ist hell, zuckrig und dessertartig, was Fruity Pebbles besonders bei terpene-orientierten Growern beliebt macht.<\/p>","protected":false},"featured_media":4351,"comment_status":"open","ping_status":"closed","template":"","meta":[],"product_brand":[],"product_cat":[36],"product_tag":[],"class_list":{"0":"post-4347","1":"product","2":"type-product","3":"status-publish","4":"has-post-thumbnail","6":"product_cat-grass-samen","8":"first","9":"instock","10":"shipping-taxable","11":"purchasable","12":"product-type-variable"},"_links":{"self":[{"href":"https:\/\/premiumthcshop.de\/en\/wp-json\/wp\/v2\/product\/4347","targetHints":{"allow":["GET"]}}],"collection":[{"href":"https:\/\/premiumthcshop.de\/en\/wp-json\/wp\/v2\/product"}],"about":[{"href":"https:\/\/premiumthcshop.de\/en\/wp-json\/wp\/v2\/types\/product"}],"replies":[{"embeddable":true,"href":"https:\/\/premiumthcshop.de\/en\/wp-json\/wp\/v2\/comments?post=4347"}],"wp:featuredmedia":[{"embeddable":true,"href":"https:\/\/premiumthcshop.de\/en\/wp-json\/wp\/v2\/media\/4351"}],"wp:attachment":[{"href":"https:\/\/premiumthcshop.de\/en\/wp-json\/wp\/v2\/media?parent=4347"}],"wp:term":[{"taxonomy":"product_brand","embeddable":true,"href":"https:\/\/premiumthcshop.de\/en\/wp-json\/wp\/v2\/product_brand?post=4347"},{"taxonomy":"product_cat","embeddable":true,"href":"https:\/\/premiumthcshop.de\/en\/wp-json\/wp\/v2\/product_cat?post=4347"},{"taxonomy":"product_tag","embeddable":true,"href":"https:\/\/premiumthcshop.de\/en\/wp-json\/wp\/v2\/product_tag?post=4347"}],"curies":[{"name":"wp","href":"https:\/\/api.w.org\/{rel}","templated":true}]}}